{"id":737881,"date":"2025-03-03T17:18:16","date_gmt":"2025-03-03T16:18:16","guid":{"rendered":"https:\/\/stoic-curie.212-227-153-4.plesk.page\/producto\/offshore-jacke-helly-hansen-skagen-blau-groesse-xl\/"},"modified":"2026-02-24T23:35:15","modified_gmt":"2026-02-24T23:35:15","slug":"offshore-jacke-helly-hansen-skagen-blau-groesse-xl","status":"publish","type":"product","link":"https:\/\/stoic-curie.212-227-153-4.plesk.page\/de\/product\/offshore-jacke-helly-hansen-skagen-blau-groesse-xl\/","title":{"rendered":"Offshore Jacke Helly Hansen Skagen Blau, Gr\u00f6\u00dfe : XL"},"content":{"rendered":"<p>Offshore Jacke Helly Hansen Skagen Blau, Gr\u00f6\u00dfe : XL &#8211; <\/p>\n<p>Helly Hansen Skagen Offshore-Jacke f\u00fcr Offshore- und K\u00fcstennavigation, die vollst\u00e4ndigen Schutz vor Wind und Wellen bietet. Mit einem 2-Lagen-Material, das mit Durable Water Repellency (DWR) behandelt ist, ist es wasserdicht, winddicht und atmungsaktiv. Die Jacke hat vollst\u00e4ndig versiegelte N\u00e4hte, ein schnell trocknendes Mesh-Futter, eine Lendenwirbelverst\u00e4rkung, eine doppelte Sturmklappe, doppelt verstellbare B\u00fcndchen, vorgeformte \u00c4rmel, Brusttaschen mit wasserdichtem Rei\u00dfverschluss, fleecegef\u00fctterte Handw\u00e4rmtaschen, gro\u00dfe Cargotaschen, einen hochgelegten Kragen mit Gesichtsschutz, eine EN471 hochsichtbare verstellbare Kapuze und reflektierende Elemente, die den Solas-Vorgaben entsprechen.<\/p>\n","protected":false},"excerpt":{"rendered":"<p>Offshore Jacke Helly Hansen Skagen Blau, Gr\u00f6\u00dfe : XL &#8211; Helly Hansen Skagen Offshore-Jacke f\u00fcr Offshore- und K\u00fcstennavigation, die vollst\u00e4ndigen<\/p>\n","protected":false},"featured_media":5946680,"comment_status":"open","ping_status":"closed","template":"","meta":[],"product_brand":[3000],"product_cat":[1570],"product_tag":[],"class_list":{"0":"post-737881","1":"product","2":"type-product","3":"status-publish","4":"has-post-thumbnail","6":"product_brand-helly-hansen-de","7":"product_cat-nautische-bekleidung-helly-hansen","9":"first","10":"instock","11":"shipping-taxable","12":"purchasable","13":"product-type-simple"},"_links":{"self":[{"href":"https:\/\/stoic-curie.212-227-153-4.plesk.page\/de\/wp-json\/wp\/v2\/product\/737881","targetHints":{"allow":["GET"]}}],"collection":[{"href":"https:\/\/stoic-curie.212-227-153-4.plesk.page\/de\/wp-json\/wp\/v2\/product"}],"about":[{"href":"https:\/\/stoic-curie.212-227-153-4.plesk.page\/de\/wp-json\/wp\/v2\/types\/product"}],"replies":[{"embeddable":true,"href":"https:\/\/stoic-curie.212-227-153-4.plesk.page\/de\/wp-json\/wp\/v2\/comments?post=737881"}],"version-history":[{"count":0,"href":"https:\/\/stoic-curie.212-227-153-4.plesk.page\/de\/wp-json\/wp\/v2\/product\/737881\/revisions"}],"wp:featuredmedia":[{"embeddable":true,"href":"https:\/\/stoic-curie.212-227-153-4.plesk.page\/de\/wp-json\/wp\/v2\/media\/5946680"}],"wp:attachment":[{"href":"https:\/\/stoic-curie.212-227-153-4.plesk.page\/de\/wp-json\/wp\/v2\/media?parent=737881"}],"wp:term":[{"taxonomy":"product_brand","embeddable":true,"href":"https:\/\/stoic-curie.212-227-153-4.plesk.page\/de\/wp-json\/wp\/v2\/product_brand?post=737881"},{"taxonomy":"product_cat","embeddable":true,"href":"https:\/\/stoic-curie.212-227-153-4.plesk.page\/de\/wp-json\/wp\/v2\/product_cat?post=737881"},{"taxonomy":"product_tag","embeddable":true,"href":"https:\/\/stoic-curie.212-227-153-4.plesk.page\/de\/wp-json\/wp\/v2\/product_tag?post=737881"}],"curies":[{"name":"wp","href":"https:\/\/api.w.org\/{rel}","templated":true}]}}