{"id":737882,"date":"2025-03-03T17:18:16","date_gmt":"2025-03-03T16:18:16","guid":{"rendered":"https:\/\/stoic-curie.212-227-153-4.plesk.page\/producto\/offshore-jacke-helly-hansen-skagen-blau-groesse-xxl\/"},"modified":"2026-02-24T23:35:15","modified_gmt":"2026-02-24T23:35:15","slug":"offshore-jacke-helly-hansen-skagen-blau-groesse-xxl","status":"publish","type":"product","link":"https:\/\/stoic-curie.212-227-153-4.plesk.page\/de\/product\/offshore-jacke-helly-hansen-skagen-blau-groesse-xxl\/","title":{"rendered":"Offshore Jacke Helly Hansen Skagen Blau, Gr\u00f6\u00dfe : XXL"},"content":{"rendered":"<p>Offshore Jacke Helly Hansen Skagen Blau, Gr\u00f6\u00dfe : XXL &#8211; <\/p>\n<p>Helly Hansen Skagen Offshore Jacke f\u00fcr Offshore- und K\u00fcstennavigation mit vollst\u00e4ndigem Schutz vor Wind und Wellen. Hergestellt aus 2-lagigem Gewebe mit einer Durable Water Repellency (DWR) Behandlung, wasserdicht, winddicht und atmungsaktiv, aus HellyTech\u00c2\u00ae Performance. Mit vollst\u00e4ndig versiegelten N\u00e4hten, schnell trocknendem Mesh-Futter, Lendenwirbelverst\u00e4rkung, doppeltem Sturmklappen, doppelt verstellbaren B\u00fcndchen, ergonomisch geformten \u00c4rmeln, Brusttaschen mit wasserfestem Rei\u00dfverschluss, fleecegef\u00fctterten Handw\u00e4rmtaschen, gro\u00dfen Seitentaschen, hohem Kragen mit Gesichtsschutz, EN471 hochsichtbarem verstellbarem Kapuzen und Solas-konformen Reflexelementen.<\/p>\n","protected":false},"excerpt":{"rendered":"<p>Offshore Jacke Helly Hansen Skagen Blau, Gr\u00f6\u00dfe : XXL &#8211; Helly Hansen Skagen Offshore Jacke f\u00fcr Offshore- und K\u00fcstennavigation mit<\/p>\n","protected":false},"featured_media":5946680,"comment_status":"open","ping_status":"closed","template":"","meta":[],"product_brand":[3000],"product_cat":[1570],"product_tag":[],"class_list":{"0":"post-737882","1":"product","2":"type-product","3":"status-publish","4":"has-post-thumbnail","6":"product_brand-helly-hansen-de","7":"product_cat-nautische-bekleidung-helly-hansen","9":"first","10":"instock","11":"shipping-taxable","12":"purchasable","13":"product-type-simple"},"_links":{"self":[{"href":"https:\/\/stoic-curie.212-227-153-4.plesk.page\/de\/wp-json\/wp\/v2\/product\/737882","targetHints":{"allow":["GET"]}}],"collection":[{"href":"https:\/\/stoic-curie.212-227-153-4.plesk.page\/de\/wp-json\/wp\/v2\/product"}],"about":[{"href":"https:\/\/stoic-curie.212-227-153-4.plesk.page\/de\/wp-json\/wp\/v2\/types\/product"}],"replies":[{"embeddable":true,"href":"https:\/\/stoic-curie.212-227-153-4.plesk.page\/de\/wp-json\/wp\/v2\/comments?post=737882"}],"version-history":[{"count":0,"href":"https:\/\/stoic-curie.212-227-153-4.plesk.page\/de\/wp-json\/wp\/v2\/product\/737882\/revisions"}],"wp:featuredmedia":[{"embeddable":true,"href":"https:\/\/stoic-curie.212-227-153-4.plesk.page\/de\/wp-json\/wp\/v2\/media\/5946680"}],"wp:attachment":[{"href":"https:\/\/stoic-curie.212-227-153-4.plesk.page\/de\/wp-json\/wp\/v2\/media?parent=737882"}],"wp:term":[{"taxonomy":"product_brand","embeddable":true,"href":"https:\/\/stoic-curie.212-227-153-4.plesk.page\/de\/wp-json\/wp\/v2\/product_brand?post=737882"},{"taxonomy":"product_cat","embeddable":true,"href":"https:\/\/stoic-curie.212-227-153-4.plesk.page\/de\/wp-json\/wp\/v2\/product_cat?post=737882"},{"taxonomy":"product_tag","embeddable":true,"href":"https:\/\/stoic-curie.212-227-153-4.plesk.page\/de\/wp-json\/wp\/v2\/product_tag?post=737882"}],"curies":[{"name":"wp","href":"https:\/\/api.w.org\/{rel}","templated":true}]}}