{"id":737883,"date":"2025-03-03T17:20:20","date_gmt":"2025-03-03T16:20:20","guid":{"rendered":"https:\/\/stoic-curie.212-227-153-4.plesk.page\/producto\/segelhose-helly-hansen-skagen-offshore-grau-groesse-s\/"},"modified":"2026-02-24T23:35:15","modified_gmt":"2026-02-24T23:35:15","slug":"segelhose-helly-hansen-skagen-offshore-grau-groesse-s","status":"publish","type":"product","link":"https:\/\/stoic-curie.212-227-153-4.plesk.page\/de\/product\/segelhose-helly-hansen-skagen-offshore-grau-groesse-s\/","title":{"rendered":"Segelhose Helly Hansen Skagen Offshore Grau, Gr\u00f6\u00dfe : S"},"content":{"rendered":"<p>Segelhose Helly Hansen Skagen Offshore Grau, Gr\u00f6\u00dfe : S &#8211; <\/p>\n<p>Die Helly Hansen Skagen Offshore Bibs bieten optimalen Schutz f\u00fcr Offshore- und K\u00fcstennavigation vor Wind und Wellen. Hergestellt aus strapazierf\u00e4higem, wasserabweisendem HellyTech\u00ae Performance-Gewebe mit einer 2-lagigen Konstruktion, sind sie wasserdicht, winddicht und atmungsaktiv. Mit vollst\u00e4ndig versiegelten N\u00e4hten, schnelltrocknendem Innennetz, Verst\u00e4rkungen am Ges\u00e4\u00df und an den Knien, hoher R\u00fcckseite f\u00fcr zus\u00e4tzlichen Schutz, beidseitigem Frontrei\u00dfverschluss, verstellbaren Tr\u00e4gern und Taillen, rechter Cargotasche mit wasserabweisendem Rei\u00dfverschluss, linker Cargotasche, verstellbaren Bein\u00f6ffnungen sowie ergonomischem Schnitt f\u00fcr Ges\u00e4\u00df und Knie.<\/p>\n","protected":false},"excerpt":{"rendered":"<p>Segelhose Helly Hansen Skagen Offshore Grau, Gr\u00f6\u00dfe : S &#8211; Die Helly Hansen Skagen Offshore Bibs bieten optimalen Schutz f\u00fcr<\/p>\n","protected":false},"featured_media":5946683,"comment_status":"open","ping_status":"closed","template":"","meta":[],"product_brand":[3000],"product_cat":[1570],"product_tag":[],"class_list":{"0":"post-737883","1":"product","2":"type-product","3":"status-publish","4":"has-post-thumbnail","6":"product_brand-helly-hansen-de","7":"product_cat-nautische-bekleidung-helly-hansen","9":"first","10":"instock","11":"shipping-taxable","12":"purchasable","13":"product-type-simple"},"_links":{"self":[{"href":"https:\/\/stoic-curie.212-227-153-4.plesk.page\/de\/wp-json\/wp\/v2\/product\/737883","targetHints":{"allow":["GET"]}}],"collection":[{"href":"https:\/\/stoic-curie.212-227-153-4.plesk.page\/de\/wp-json\/wp\/v2\/product"}],"about":[{"href":"https:\/\/stoic-curie.212-227-153-4.plesk.page\/de\/wp-json\/wp\/v2\/types\/product"}],"replies":[{"embeddable":true,"href":"https:\/\/stoic-curie.212-227-153-4.plesk.page\/de\/wp-json\/wp\/v2\/comments?post=737883"}],"version-history":[{"count":0,"href":"https:\/\/stoic-curie.212-227-153-4.plesk.page\/de\/wp-json\/wp\/v2\/product\/737883\/revisions"}],"wp:featuredmedia":[{"embeddable":true,"href":"https:\/\/stoic-curie.212-227-153-4.plesk.page\/de\/wp-json\/wp\/v2\/media\/5946683"}],"wp:attachment":[{"href":"https:\/\/stoic-curie.212-227-153-4.plesk.page\/de\/wp-json\/wp\/v2\/media?parent=737883"}],"wp:term":[{"taxonomy":"product_brand","embeddable":true,"href":"https:\/\/stoic-curie.212-227-153-4.plesk.page\/de\/wp-json\/wp\/v2\/product_brand?post=737883"},{"taxonomy":"product_cat","embeddable":true,"href":"https:\/\/stoic-curie.212-227-153-4.plesk.page\/de\/wp-json\/wp\/v2\/product_cat?post=737883"},{"taxonomy":"product_tag","embeddable":true,"href":"https:\/\/stoic-curie.212-227-153-4.plesk.page\/de\/wp-json\/wp\/v2\/product_tag?post=737883"}],"curies":[{"name":"wp","href":"https:\/\/api.w.org\/{rel}","templated":true}]}}