{"id":737886,"date":"2025-03-03T17:21:34","date_gmt":"2025-03-03T16:21:34","guid":{"rendered":"https:\/\/stoic-curie.212-227-153-4.plesk.page\/producto\/segelhose-helly-hansen-skagen-offshore-grau-groesse-xl\/"},"modified":"2026-02-24T23:35:15","modified_gmt":"2026-02-24T23:35:15","slug":"segelhose-helly-hansen-skagen-offshore-grau-groesse-xl","status":"publish","type":"product","link":"https:\/\/stoic-curie.212-227-153-4.plesk.page\/de\/product\/segelhose-helly-hansen-skagen-offshore-grau-groesse-xl\/","title":{"rendered":"Segelhose Helly Hansen Skagen Offshore Grau, Gr\u00f6\u00dfe : XL"},"content":{"rendered":"<p>Segelhose Helly Hansen Skagen Offshore Grau, Gr\u00f6\u00dfe : XL &#8211; <\/p>\n<p>Die Helly Hansen Skagen Offshore Latzhosen sind ideal f\u00fcr Offshore- und K\u00fcstennavigation und bieten umfassenden Schutz vor Wind und Wellen. Sie bestehen aus einem 2-Lagen-Material mit einer Durable Water Repellency (DWR) Behandlung, das wasserdicht, winddicht und atmungsaktiv ist und aus HellyTech\u00ae Performance-Gewebe gefertigt wurde. Mit vollversiegelten N\u00e4hten, einem schnelltrocknenden Innenfutter aus Mesh, Verst\u00e4rkungen an Ges\u00e4\u00df und Knien, einem hohen R\u00fccken f\u00fcr zus\u00e4tzlichen Schutz, einem zweiseitigen Frontrei\u00dfverschluss, verstellbaren Tr\u00e4gern und Bund, einer rechten Cargo-Tasche mit wasserabweisendem Rei\u00dfverschluss, einer linken Cargo-Tasche, verstellbaren Bein\u00f6ffnungen sowie einer ergonomischen Passform f\u00fcr Ges\u00e4\u00df und Knie.<\/p>\n","protected":false},"excerpt":{"rendered":"<p>Segelhose Helly Hansen Skagen Offshore Grau, Gr\u00f6\u00dfe : XL &#8211; Die Helly Hansen Skagen Offshore Latzhosen sind ideal f\u00fcr Offshore-<\/p>\n","protected":false},"featured_media":5946683,"comment_status":"open","ping_status":"closed","template":"","meta":[],"product_brand":[3000],"product_cat":[1570],"product_tag":[],"class_list":{"0":"post-737886","1":"product","2":"type-product","3":"status-publish","4":"has-post-thumbnail","6":"product_brand-helly-hansen-de","7":"product_cat-nautische-bekleidung-helly-hansen","9":"first","10":"instock","11":"shipping-taxable","12":"purchasable","13":"product-type-simple"},"_links":{"self":[{"href":"https:\/\/stoic-curie.212-227-153-4.plesk.page\/de\/wp-json\/wp\/v2\/product\/737886","targetHints":{"allow":["GET"]}}],"collection":[{"href":"https:\/\/stoic-curie.212-227-153-4.plesk.page\/de\/wp-json\/wp\/v2\/product"}],"about":[{"href":"https:\/\/stoic-curie.212-227-153-4.plesk.page\/de\/wp-json\/wp\/v2\/types\/product"}],"replies":[{"embeddable":true,"href":"https:\/\/stoic-curie.212-227-153-4.plesk.page\/de\/wp-json\/wp\/v2\/comments?post=737886"}],"version-history":[{"count":0,"href":"https:\/\/stoic-curie.212-227-153-4.plesk.page\/de\/wp-json\/wp\/v2\/product\/737886\/revisions"}],"wp:featuredmedia":[{"embeddable":true,"href":"https:\/\/stoic-curie.212-227-153-4.plesk.page\/de\/wp-json\/wp\/v2\/media\/5946683"}],"wp:attachment":[{"href":"https:\/\/stoic-curie.212-227-153-4.plesk.page\/de\/wp-json\/wp\/v2\/media?parent=737886"}],"wp:term":[{"taxonomy":"product_brand","embeddable":true,"href":"https:\/\/stoic-curie.212-227-153-4.plesk.page\/de\/wp-json\/wp\/v2\/product_brand?post=737886"},{"taxonomy":"product_cat","embeddable":true,"href":"https:\/\/stoic-curie.212-227-153-4.plesk.page\/de\/wp-json\/wp\/v2\/product_cat?post=737886"},{"taxonomy":"product_tag","embeddable":true,"href":"https:\/\/stoic-curie.212-227-153-4.plesk.page\/de\/wp-json\/wp\/v2\/product_tag?post=737886"}],"curies":[{"name":"wp","href":"https:\/\/api.w.org\/{rel}","templated":true}]}}