{"id":737887,"date":"2025-03-03T17:21:35","date_gmt":"2025-03-03T16:21:35","guid":{"rendered":"https:\/\/stoic-curie.212-227-153-4.plesk.page\/producto\/segelhose-helly-hansen-skagen-offshore-grau-groesse-xxl\/"},"modified":"2026-02-24T23:35:15","modified_gmt":"2026-02-24T23:35:15","slug":"segelhose-helly-hansen-skagen-offshore-grau-groesse-xxl","status":"publish","type":"product","link":"https:\/\/stoic-curie.212-227-153-4.plesk.page\/de\/product\/segelhose-helly-hansen-skagen-offshore-grau-groesse-xxl\/","title":{"rendered":"Segelhose Helly Hansen Skagen Offshore Grau, Gr\u00f6\u00dfe : XXL"},"content":{"rendered":"<p>Segelhose Helly Hansen Skagen Offshore Grau, Gr\u00f6\u00dfe : XXL &#8211; <\/p>\n<p>Die Helly Hansen Skagen Offshore Latzhose f\u00fcr Offshore- und K\u00fcstennavigation bietet umfassenden Schutz vor Wind und Wellen. Sie besteht aus einem strapazierf\u00e4higen Wasserabweisenden (DWR) beschichteten, winddichten und atmungsaktiven HellyTech\u00ae Performance-Gewebe mit einer zweilagigen Konstruktion. Mit vollversiegelten N\u00e4hten, einem schnell trocknenden Innennetz, Verst\u00e4rkungen im Sitz- und Kniebereich, hohem R\u00fccken f\u00fcr zus\u00e4tzlichen Schutz, einem zweiwegbarem Frontrei\u00dfverschluss, verstellbaren Tr\u00e4gern und Taille, einer rechten Cargo-Tasche mit wasserabweisendem Rei\u00dfverschluss, einer linken Cargo-Tasche, verstellbaren Beins\u00e4umen sowie einem formgerechten Sitz und Knie.<\/p>\n","protected":false},"excerpt":{"rendered":"<p>Segelhose Helly Hansen Skagen Offshore Grau, Gr\u00f6\u00dfe : XXL &#8211; Die Helly Hansen Skagen Offshore Latzhose f\u00fcr Offshore- und K\u00fcstennavigation<\/p>\n","protected":false},"featured_media":5946683,"comment_status":"open","ping_status":"closed","template":"","meta":[],"product_brand":[3000],"product_cat":[1570],"product_tag":[],"class_list":{"0":"post-737887","1":"product","2":"type-product","3":"status-publish","4":"has-post-thumbnail","6":"product_brand-helly-hansen-de","7":"product_cat-nautische-bekleidung-helly-hansen","9":"first","10":"instock","11":"shipping-taxable","12":"purchasable","13":"product-type-simple"},"_links":{"self":[{"href":"https:\/\/stoic-curie.212-227-153-4.plesk.page\/de\/wp-json\/wp\/v2\/product\/737887","targetHints":{"allow":["GET"]}}],"collection":[{"href":"https:\/\/stoic-curie.212-227-153-4.plesk.page\/de\/wp-json\/wp\/v2\/product"}],"about":[{"href":"https:\/\/stoic-curie.212-227-153-4.plesk.page\/de\/wp-json\/wp\/v2\/types\/product"}],"replies":[{"embeddable":true,"href":"https:\/\/stoic-curie.212-227-153-4.plesk.page\/de\/wp-json\/wp\/v2\/comments?post=737887"}],"version-history":[{"count":0,"href":"https:\/\/stoic-curie.212-227-153-4.plesk.page\/de\/wp-json\/wp\/v2\/product\/737887\/revisions"}],"wp:featuredmedia":[{"embeddable":true,"href":"https:\/\/stoic-curie.212-227-153-4.plesk.page\/de\/wp-json\/wp\/v2\/media\/5946683"}],"wp:attachment":[{"href":"https:\/\/stoic-curie.212-227-153-4.plesk.page\/de\/wp-json\/wp\/v2\/media?parent=737887"}],"wp:term":[{"taxonomy":"product_brand","embeddable":true,"href":"https:\/\/stoic-curie.212-227-153-4.plesk.page\/de\/wp-json\/wp\/v2\/product_brand?post=737887"},{"taxonomy":"product_cat","embeddable":true,"href":"https:\/\/stoic-curie.212-227-153-4.plesk.page\/de\/wp-json\/wp\/v2\/product_cat?post=737887"},{"taxonomy":"product_tag","embeddable":true,"href":"https:\/\/stoic-curie.212-227-153-4.plesk.page\/de\/wp-json\/wp\/v2\/product_tag?post=737887"}],"curies":[{"name":"wp","href":"https:\/\/api.w.org\/{rel}","templated":true}]}}