{"id":737891,"date":"2025-03-03T17:21:36","date_gmt":"2025-03-03T16:21:36","guid":{"rendered":"https:\/\/stoic-curie.212-227-153-4.plesk.page\/producto\/kraftstofftank-can-sb-oem-210-liter-1240-x-580-x-h350-mm\/"},"modified":"2026-02-24T23:35:15","modified_gmt":"2026-02-24T23:35:15","slug":"kraftstofftank-can-sb-oem-210-liter-1240-x-580-x-h350-mm","status":"publish","type":"product","link":"https:\/\/stoic-curie.212-227-153-4.plesk.page\/de\/product\/kraftstofftank-can-sb-oem-210-liter-1240-x-580-x-h350-mm\/","title":{"rendered":"Kraftstofftank Can-Sb OEM 210 Liter 1240 x 580 x H350 mm"},"content":{"rendered":"<p>Kraftstofftank Can-Sb OEM 210 Liter 1240 x 580 x H350 mm &#8211; <\/p>\n<p style=\"color: rgb(34, 34, 34); font-family: Arial, Helvetica, sans-serif; font-size: small;\">Unsere vernetzten Polyethylen-Kraftstofftanks sind sorgf\u00e4ltig konstruiert und verf\u00fcgen \u00fcber eine Schalenform, die eine optimale Installation in verschiedenen maritimen Anwendungen erleichtert. Diese Tanks sind mit vormontierten Anschl\u00fcssen ausgestattet, was sie besonders gut f\u00fcr die Originalger\u00e4tehersteller (OEM) Installation geeignet macht. Jeder Tank ist mit einer Inspektions\u00f6ffnung ausgestattet, die ein 17\/19 mm Bel\u00fcftungsventil, ein 12 mm Kraftstofftauchrohr und einen sicheren Schraubverschluss umfasst. Dieses durchdachte Design erm\u00f6glicht es den Nutzern, den Kraftstoffstand bequem zu \u00fcberwachen und dabei die strukturelle Integrit\u00e4t des Tanks zu gew\u00e4hrleisten. Dar\u00fcber hinaus k\u00f6nnen unsere Tanks Einlassgr\u00f6\u00dfen von 38\/50\/60 mm aufnehmen, um eine Vielzahl von Kraftstofftransferbed\u00fcrfnissen zu bedienen.<\/p>\n<p style=\"color: rgb(34, 34, 34); font-family: Arial, Helvetica, sans-serif; font-size: small;\">Diese vernetzten Polyethylen-Tanks sind speziell f\u00fcr Bootsbesitzer konzipiert, die gro\u00dfe Mengen Benzin oder Diesel an Bord transportieren m\u00fcssen. Um die Praktikabilit\u00e4t zu verbessern, bieten wir diese Tanks in rechteckigen und unregelm\u00e4\u00dfigen Formen an, die eine optimale Platzierung am Rumpf Ihres Schiffes erm\u00f6glichen. Diese Designflexibilit\u00e4t wird durch Bel\u00fcftungsoptionen und Vorrichtungen f\u00fcr 38 mm und 50 mm Anschl\u00fcsse erg\u00e4nzt, was einen einfachen und effizienten Installationsprozess gew\u00e4hrleistet.<\/p>\n<p style=\"color: rgb(34, 34, 34); font-family: Arial, Helvetica, sans-serif; font-size: small;\">Einige Modelle unserer Kraftstofftanks integrieren einen verchromten Messing-Schwimmer, der die Haltbarkeit erh\u00f6ht und die M\u00f6glichkeit bietet, bei Bedarf einen zus\u00e4tzlichen Schwimmer zu installieren. F\u00fcr diejenigen, die Benzin verwenden, bieten wir Tanks mit einem kapazitiven F\u00fcllstandsanzeiger an, der eine pr\u00e4zise \u00dcberwachung des Kraftstoffniveaus erm\u00f6glicht. Wichtig ist, dass alle unsere Bootskraftstofftanks \u00fcber RINA- und CE-Zertifizierungen verf\u00fcgen, die die Einhaltung strenger Sicherheits- und Qualit\u00e4tsstandards gew\u00e4hrleisten und unseren Kunden somit ein beruhigendes Gef\u00fchl geben.<\/p>\n<p style=\"color: rgb(34, 34, 34); font-family: Arial, Helvetica, sans-serif; font-size: small;\">Die auf unserer Website verf\u00fcgbaren Kraftstofftanks geh\u00f6ren zu den hochwertigsten Kunststoffkraftstofftanks, die derzeit auf dem Markt erh\u00e4ltlich sind. Im Gegensatz zu herk\u00f6mmlichen Metalltanks sind unsere Polyethylen-Alternativen von Natur aus korrosionsbest\u00e4ndig, ein erheblicher Vorteil in der maritimen Umgebung, wo die Exposition gegen\u00fcber Salzwasser und anderen korrosiven Elementen h\u00e4ufig vorkommt. Dar\u00fcber hinaus sind unsere Tanks etwa 30 % leichter als vergleichbare Metalltanks, was zu einer verbesserten Kraftstoffeffizienz und insgesamt besseren Schiffsbetriebsleistungen beitr\u00e4gt.<\/p>\n<p style=\"color: rgb(34, 34, 34); font-family: Arial, Helvetica, sans-serif; font-size: small;\">Aus vernetzten Polyethylen hergestellt, zeigen diese Tanks vollst\u00e4ndige Best\u00e4ndigkeit gegen\u00fcber sowohl Benzin als auch Diesel, sodass sie weder abbauen noch die Qualit\u00e4t des enthaltenen Kraftstoffs beeintr\u00e4chtigen. Jeder Tank durchl\u00e4uft rigorose Einzelpr\u00fcfungs- und Zertifizierungsprozesse, um Zuverl\u00e4ssigkeit und Leistung sicherzustellen, sodass Sie in ein Produkt investieren k\u00f6nnen, das Ihnen viele Jahre lang effektiv dienen wird. Unser unersch\u00fctterliches Engagement f\u00fcr Qualit\u00e4t und Kundenzufriedenheit treibt uns an, Bootsbesitzern die besten Ger\u00e4te und Zubeh\u00f6rteile auf dem Markt anzubieten.<\/p>\n","protected":false},"excerpt":{"rendered":"<p>Kraftstofftank Can-Sb OEM 210 Liter 1240 x 580 x H350 mm &#8211; Unsere vernetzten Polyethylen-Kraftstofftanks sind sorgf\u00e4ltig konstruiert und verf\u00fcgen<\/p>\n","protected":false},"featured_media":5946579,"comment_status":"open","ping_status":"closed","template":"","meta":[],"product_brand":[2855],"product_cat":[1513],"product_tag":[],"class_list":{"0":"post-737891","1":"product","2":"type-product","3":"status-publish","4":"has-post-thumbnail","6":"product_brand-can-marine-de","7":"product_cat-kraftstofftanks","9":"first","10":"instock","11":"shipping-taxable","12":"purchasable","13":"product-type-simple"},"_links":{"self":[{"href":"https:\/\/stoic-curie.212-227-153-4.plesk.page\/de\/wp-json\/wp\/v2\/product\/737891","targetHints":{"allow":["GET"]}}],"collection":[{"href":"https:\/\/stoic-curie.212-227-153-4.plesk.page\/de\/wp-json\/wp\/v2\/product"}],"about":[{"href":"https:\/\/stoic-curie.212-227-153-4.plesk.page\/de\/wp-json\/wp\/v2\/types\/product"}],"replies":[{"embeddable":true,"href":"https:\/\/stoic-curie.212-227-153-4.plesk.page\/de\/wp-json\/wp\/v2\/comments?post=737891"}],"version-history":[{"count":0,"href":"https:\/\/stoic-curie.212-227-153-4.plesk.page\/de\/wp-json\/wp\/v2\/product\/737891\/revisions"}],"wp:featuredmedia":[{"embeddable":true,"href":"https:\/\/stoic-curie.212-227-153-4.plesk.page\/de\/wp-json\/wp\/v2\/media\/5946579"}],"wp:attachment":[{"href":"https:\/\/stoic-curie.212-227-153-4.plesk.page\/de\/wp-json\/wp\/v2\/media?parent=737891"}],"wp:term":[{"taxonomy":"product_brand","embeddable":true,"href":"https:\/\/stoic-curie.212-227-153-4.plesk.page\/de\/wp-json\/wp\/v2\/product_brand?post=737891"},{"taxonomy":"product_cat","embeddable":true,"href":"https:\/\/stoic-curie.212-227-153-4.plesk.page\/de\/wp-json\/wp\/v2\/product_cat?post=737891"},{"taxonomy":"product_tag","embeddable":true,"href":"https:\/\/stoic-curie.212-227-153-4.plesk.page\/de\/wp-json\/wp\/v2\/product_tag?post=737891"}],"curies":[{"name":"wp","href":"https:\/\/api.w.org\/{rel}","templated":true}]}}