{"id":737892,"date":"2025-03-03T17:21:36","date_gmt":"2025-03-03T16:21:36","guid":{"rendered":"https:\/\/stoic-curie.212-227-153-4.plesk.page\/producto\/kraftstofftank-can-sb-oem-347-liter-1450-x-800-x-h320-mm\/"},"modified":"2026-02-24T23:35:15","modified_gmt":"2026-02-24T23:35:15","slug":"kraftstofftank-can-sb-oem-347-liter-1450-x-800-x-h320-mm","status":"publish","type":"product","link":"https:\/\/stoic-curie.212-227-153-4.plesk.page\/de\/product\/kraftstofftank-can-sb-oem-347-liter-1450-x-800-x-h320-mm\/","title":{"rendered":"Kraftstofftank Can-Sb OEM 347 Liter 1450 x 800 x H320 mm"},"content":{"rendered":"<p>Kraftstofftank Can-Sb OEM 347 Liter 1450 x 800 x H320 mm &#8211; <\/p>\n<p>Unsere kreuzvernetzten Polyethylen-Kraftstofftanks sind sorgf\u00e4ltig mit einer unteren Rumpfform konzipiert, die die Installation in verschiedenen maritimen Anwendungen optimal unterst\u00fctzt. Diese Tanks sind mit vormoldeten Anschl\u00fcssen ausgestattet, wodurch sie besonders f\u00fcr die Installation durch Erstausr\u00fcster (OEM) geeignet sind. Jeder Tank verf\u00fcgt \u00fcber ein Inspektionsfenster mit einem 17\/19 mm Bel\u00fcftungsanschluss, einem 12 mm Kraftstoffentnahmerohr und einem sicheren, gewindegeschnittenen Deckel. Dieses Design erm\u00f6glicht es den Benutzern, den Kraftstoffstand einfach zu \u00fcberwachen und die Integrit\u00e4t des Tanks aufrechtzuerhalten. Dar\u00fcber hinaus k\u00f6nnen unsere Tanks Anschl\u00fcsse in den Gr\u00f6\u00dfen 38\/50\/60 mm aufnehmen, um eine Vielzahl von Kraftstofftransferanforderungen zu erf\u00fcllen.<\/p>\n<p>Diese kreuzvernetzten Polyethylen-Tanks sind speziell f\u00fcr Bootseigent\u00fcmer konzipiert, die betr\u00e4chtliche Mengen Benzin oder Diesel an Bord transportieren m\u00fcssen. Um die Benutzerfreundlichkeit zu verbessern, bieten wir diese Tanks sowohl in rechteckigen als auch in unregelm\u00e4\u00dfigen Formen an, die eine optimale Positionierung am Rumpf Ihres Schiffs erm\u00f6glichen. Diese Flexibilit\u00e4t im Design wird durch Bel\u00fcftungsoptionen und Vorrichtungen f\u00fcr 38 mm und 50 mm Anschl\u00fcsse weiter unterst\u00fctzt, um eine unkomplizierte und effiziente Installation zu gew\u00e4hrleisten.<\/p>\n<p>Bestimmte Modelle unserer Kraftstofftanks sind mit einem verchromten Messing-Schwimmer ausgestattet, der die Haltbarkeit des Produkts erh\u00f6ht und die Installation eines zus\u00e4tzlichen Schwimmers erm\u00f6glicht, falls erforderlich. F\u00fcr diejenigen, die Benzin verwenden, bieten wir Tanks mit einem kapazitiven F\u00fcllstandsanzeiger an, die eine pr\u00e4zise \u00dcberwachung des Kraftstoffstands erm\u00f6glichen. Wichtig ist, dass alle unsere Bootskraftstofftanks RINA- und CE-Zulassungen besitzen, um sicherzustellen, dass sie strengen Sicherheits- und Qualit\u00e4tsstandards entsprechen und unseren Kunden ein beruhigendes Gef\u00fchl geben.<\/p>\n<p>Die auf unserer Website vorgestellten Kraftstofftanks geh\u00f6ren zu den hochwertigsten Kunststoff-Kraftstofftanks, die derzeit auf dem Markt erh\u00e4ltlich sind. Im Gegensatz zu herk\u00f6mmlichen Metalltanks sind unsere Polyethylen-Optionen von Natur aus korrosionsbest\u00e4ndig, was einen erheblichen Vorteil in der maritimen Umgebung darstellt, in der eine Exposition gegen\u00fcber salzwasser- und anderen korrosiven Elementen h\u00e4ufig vorkommt. Dar\u00fcber hinaus sind unsere Tanks etwa 30% leichter als Metalltanks in vergleichbarer Gr\u00f6\u00dfe, was zur Verbesserung der Kraftstoffeffizienz und der Gesamtleistung Ihres Schiffs beitragen kann.<\/p>\n<p>Diese Tanks, die aus kreuzvernetzten Polyethylen hergestellt sind, sind vollst\u00e4ndig resistent gegen Benzin und Diesel, sodass sie nicht abgebaut werden oder die Qualit\u00e4t des gespeicherten Kraftstoffs beeintr\u00e4chtigen. Jeder Tank wird strengen Einzelpr\u00fcfungen und Zertifizierungsprozessen unterzogen, um Zuverl\u00e4ssigkeit und Leistung sicherzustellen, sodass Sie darauf vertrauen k\u00f6nnen, dass Sie in ein Produkt investieren, das Ihnen \u00fcber viele Jahre hinweg gute Dienste leisten wird. Unser Engagement f\u00fcr Qualit\u00e4t und Kundenzufriedenheit bleibt stark, und wir sind bestrebt, Bootseigent\u00fcmern die besten Ger\u00e4te und Zubeh\u00f6rteile anzubieten, die verf\u00fcgbar sind.<\/p>\n","protected":false},"excerpt":{"rendered":"<p>Kraftstofftank Can-Sb OEM 347 Liter 1450 x 800 x H320 mm &#8211; Unsere kreuzvernetzten Polyethylen-Kraftstofftanks sind sorgf\u00e4ltig mit einer unteren<\/p>\n","protected":false},"featured_media":5946579,"comment_status":"open","ping_status":"closed","template":"","meta":[],"product_brand":[2855],"product_cat":[1513],"product_tag":[],"class_list":{"0":"post-737892","1":"product","2":"type-product","3":"status-publish","4":"has-post-thumbnail","6":"product_brand-can-marine-de","7":"product_cat-kraftstofftanks","9":"first","10":"instock","11":"shipping-taxable","12":"purchasable","13":"product-type-simple"},"_links":{"self":[{"href":"https:\/\/stoic-curie.212-227-153-4.plesk.page\/de\/wp-json\/wp\/v2\/product\/737892","targetHints":{"allow":["GET"]}}],"collection":[{"href":"https:\/\/stoic-curie.212-227-153-4.plesk.page\/de\/wp-json\/wp\/v2\/product"}],"about":[{"href":"https:\/\/stoic-curie.212-227-153-4.plesk.page\/de\/wp-json\/wp\/v2\/types\/product"}],"replies":[{"embeddable":true,"href":"https:\/\/stoic-curie.212-227-153-4.plesk.page\/de\/wp-json\/wp\/v2\/comments?post=737892"}],"version-history":[{"count":0,"href":"https:\/\/stoic-curie.212-227-153-4.plesk.page\/de\/wp-json\/wp\/v2\/product\/737892\/revisions"}],"wp:featuredmedia":[{"embeddable":true,"href":"https:\/\/stoic-curie.212-227-153-4.plesk.page\/de\/wp-json\/wp\/v2\/media\/5946579"}],"wp:attachment":[{"href":"https:\/\/stoic-curie.212-227-153-4.plesk.page\/de\/wp-json\/wp\/v2\/media?parent=737892"}],"wp:term":[{"taxonomy":"product_brand","embeddable":true,"href":"https:\/\/stoic-curie.212-227-153-4.plesk.page\/de\/wp-json\/wp\/v2\/product_brand?post=737892"},{"taxonomy":"product_cat","embeddable":true,"href":"https:\/\/stoic-curie.212-227-153-4.plesk.page\/de\/wp-json\/wp\/v2\/product_cat?post=737892"},{"taxonomy":"product_tag","embeddable":true,"href":"https:\/\/stoic-curie.212-227-153-4.plesk.page\/de\/wp-json\/wp\/v2\/product_tag?post=737892"}],"curies":[{"name":"wp","href":"https:\/\/api.w.org\/{rel}","templated":true}]}}