{"id":737893,"date":"2025-03-03T17:21:36","date_gmt":"2025-03-03T16:21:36","guid":{"rendered":"https:\/\/stoic-curie.212-227-153-4.plesk.page\/producto\/sidermarine-mpp-k-bis-150-tonnen\/"},"modified":"2026-02-24T23:35:15","modified_gmt":"2026-02-24T23:35:15","slug":"sidermarine-mpp-k-bis-150-tonnen","status":"publish","type":"product","link":"https:\/\/stoic-curie.212-227-153-4.plesk.page\/de\/product\/sidermarine-mpp-k-bis-150-tonnen\/","title":{"rendered":"SiderMarine MK65 Hybrid f\u00fcr 90 bis 150 Tonnen"},"content":{"rendered":"<p>SiderMarine MK65 Hybrid f\u00fcr 90 bis 150 Tonnen &#8211; <\/p>\n<p style=\"color: rgb(34, 34, 34); font-family: Arial, Helvetica, sans-serif; font-size: small;\">Mooring Spring MK 65<\/p>\n<p style=\"color: rgb(34, 34, 34); font-family: Arial, Helvetica, sans-serif; font-size: small;\">Die MK65 Hybrid-Moorungsfeder wurde f\u00fcr Boote mit einem Gewicht von 90 bis 150 Tonnen entwickelt.<\/p>\n<p style=\"color: rgb(34, 34, 34); font-family: Arial, Helvetica, sans-serif; font-size: small;\">Diese Feder verf\u00fcgt \u00fcber Elastomere, die ihre inertiale Last verbessern. Zu den wichtigsten Vorteilen geh\u00f6ren:<\/p>\n<ul style=\"color: rgb(34, 34, 34); font-family: Arial, Helvetica, sans-serif; font-size: small;\">\n<li>Progressive D\u00e4mpfungskraft<\/li>\n<li>Ger\u00e4uscharmer Betrieb und Widerstandsf\u00e4higkeit gegen Belastungen<\/li>\n<li>Innenteile aus 316 Edelstahl, frei von Schwei\u00dfn\u00e4hten<\/li>\n<li>Zuverl\u00e4ssige Leistung \u00fcber einen breiten Temperaturbereich von -20\u00b0 bis +80\u00b0<\/li>\n<\/ul>\n<p style=\"color: rgb(34, 34, 34); font-family: Arial, Helvetica, sans-serif; font-size: small;\">Die patentierten MK Hybrid-Sto\u00dfd\u00e4mpfer nutzen zylindrische Elastomere, die von sich aus eine hohe, nicht-progressive Inertiallast bieten. In Kombination mit der Feder \u2013 egal ob als zentrale Einheit oder als vier an jedem Ende \u2013 verbessern sie erheblich die F\u00e4higkeit des Systems, gro\u00dfe Belastungen zu bew\u00e4ltigen. Dieses Design erm\u00f6glicht eine progressive Bewegung, die sich den Bed\u00fcrfnissen des Bootes anpasst.<\/p>\n<p style=\"color: rgb(34, 34, 34); font-family: Arial, Helvetica, sans-serif; font-size: small;\">Diese Moorungsfedern sind speziell daf\u00fcr ausgelegt, die Spannung in den Mooringsleinen zu reduzieren. Sie sind die einzige effektive L\u00f6sung zur Minimierung der Oszillation eines Bootes im Liegeplatz, wodurch die Sicherheit gew\u00e4hrleistet wird, indem die Spannungen in den Leinen angemessen ged\u00e4mpft werden. Dies verringert die Kr\u00e4fte, die auf die Heckklampen wirken, und schafft eine stabilere und komfortablere Umgebung f\u00fcr die Benutzer.<\/p>\n<p style=\"color: rgb(34, 34, 34); font-family: Arial, Helvetica, sans-serif; font-size: small;\">Abmessungen: 108 x 474 mm (4,25 x 1,66 Zoll)<br \/>Gewicht: 5,60 kg (12,35 lb)<br \/>Geeignet f\u00fcr Boote mit einem Gewicht von 90 bis 150 Tonnen.<\/p>\n","protected":false},"excerpt":{"rendered":"<p>SiderMarine MK65 Hybrid f\u00fcr 90 bis 150 Tonnen &#8211; Mooring Spring MK 65 Die MK65 Hybrid-Moorungsfeder wurde f\u00fcr Boote mit<\/p>\n","protected":false},"featured_media":5946687,"comment_status":"open","ping_status":"closed","template":"","meta":[],"product_brand":[3385],"product_cat":[1337],"product_tag":[],"class_list":{"0":"post-737893","1":"product","2":"type-product","3":"status-publish","4":"has-post-thumbnail","6":"product_brand-sidermarine-de","7":"product_cat-anlegefendern-stossdaempfer","9":"first","10":"instock","11":"shipping-taxable","12":"purchasable","13":"product-type-simple"},"_links":{"self":[{"href":"https:\/\/stoic-curie.212-227-153-4.plesk.page\/de\/wp-json\/wp\/v2\/product\/737893","targetHints":{"allow":["GET"]}}],"collection":[{"href":"https:\/\/stoic-curie.212-227-153-4.plesk.page\/de\/wp-json\/wp\/v2\/product"}],"about":[{"href":"https:\/\/stoic-curie.212-227-153-4.plesk.page\/de\/wp-json\/wp\/v2\/types\/product"}],"replies":[{"embeddable":true,"href":"https:\/\/stoic-curie.212-227-153-4.plesk.page\/de\/wp-json\/wp\/v2\/comments?post=737893"}],"version-history":[{"count":0,"href":"https:\/\/stoic-curie.212-227-153-4.plesk.page\/de\/wp-json\/wp\/v2\/product\/737893\/revisions"}],"wp:featuredmedia":[{"embeddable":true,"href":"https:\/\/stoic-curie.212-227-153-4.plesk.page\/de\/wp-json\/wp\/v2\/media\/5946687"}],"wp:attachment":[{"href":"https:\/\/stoic-curie.212-227-153-4.plesk.page\/de\/wp-json\/wp\/v2\/media?parent=737893"}],"wp:term":[{"taxonomy":"product_brand","embeddable":true,"href":"https:\/\/stoic-curie.212-227-153-4.plesk.page\/de\/wp-json\/wp\/v2\/product_brand?post=737893"},{"taxonomy":"product_cat","embeddable":true,"href":"https:\/\/stoic-curie.212-227-153-4.plesk.page\/de\/wp-json\/wp\/v2\/product_cat?post=737893"},{"taxonomy":"product_tag","embeddable":true,"href":"https:\/\/stoic-curie.212-227-153-4.plesk.page\/de\/wp-json\/wp\/v2\/product_tag?post=737893"}],"curies":[{"name":"wp","href":"https:\/\/api.w.org\/{rel}","templated":true}]}}