{"id":737899,"date":"2025-03-03T17:25:39","date_gmt":"2025-03-03T16:25:39","guid":{"rendered":"https:\/\/stoic-curie.212-227-153-4.plesk.page\/producto\/ersatz-led-scheinwerfer-dhr-1747-12-24v\/"},"modified":"2026-02-24T23:35:15","modified_gmt":"2026-02-24T23:35:15","slug":"ersatz-led-scheinwerfer-dhr-1747-12-24v","status":"publish","type":"product","link":"https:\/\/stoic-curie.212-227-153-4.plesk.page\/de\/product\/ersatz-led-scheinwerfer-dhr-1747-12-24v\/","title":{"rendered":"Ersatz-LED-Scheinwerfer DHR 180"},"content":{"rendered":"<p>Ersatz-LED-Scheinwerfer DHR 180 &#8211; <\/p>\n<p style=\"color: rgb(34, 34, 34); font-family: Arial, Helvetica, sans-serif; font-size: small;\"><strong>LED-Lampe f\u00fcr DHR 180mm Suchscheinwerfer (Modell: DHP18003)<\/strong><\/p>\n<p style=\"color: rgb(34, 34, 34); font-family: Arial, Helvetica, sans-serif; font-size: small;\">DHR hat die neuesten Fortschritte in der LED-Technologie \u00fcbernommen und eine PAR56 LED-Ersatzlampe entwickelt, die speziell f\u00fcr den 180er-Scheinwerfer konzipiert ist. Der Installationsprozess ist einfach und erfordert keine besonderen \u00c4nderungen. Sie k\u00f6nnen das vorhandene Kabel ganz einfach an den LED-Einsatz anschlie\u00dfen, ohne zus\u00e4tzliches Werkzeug zu ben\u00f6tigen.<\/p>\n<p style=\"color: rgb(34, 34, 34); font-family: Arial, Helvetica, sans-serif; font-size: small;\">Dieser LED-Ersatz bietet eine herausragende Lichtst\u00e4rke von 350.000 Candela und verbraucht dabei nur 20W Energie, was die Leistung herk\u00f6mmlicher 100-250 Watt Gl\u00fchlampen weit \u00fcbertrifft. Er funktioniert effizient innerhalb eines Spannungsbereichs von 10-32 VDC. DHR hat zudem ein einzigartiges optisches System entwickelt, das einen klaren, konzentrierten Strahl erzeugt und Streulicht reduziert. Das enge Lichtmuster positioniert den 180LED-Ersatz unter den f\u00fchrenden kompakten marinen Suchscheinwerfern seiner Klasse.<\/p>\n<p style=\"color: rgb(34, 34, 34); font-family: Arial, Helvetica, sans-serif; font-size: small;\"><strong>Merkmale:<\/strong><\/p>\n<ul style=\"color: rgb(34, 34, 34); font-family: Arial, Helvetica, sans-serif; font-size: small;\">\n<li>Au\u00dfergew\u00f6hnliche Optik<\/li>\n<li>Fokussierter Strahl<\/li>\n<li>Robuste Konstruktion<\/li>\n<li>Keine Ger\u00e4uschinterferenzen<\/li>\n<\/ul>\n<p style=\"color: rgb(34, 34, 34); font-family: Arial, Helvetica, sans-serif; font-size: small;\"><strong>Spezifikationen:<\/strong><\/p>\n<ul style=\"color: rgb(34, 34, 34); font-family: Arial, Helvetica, sans-serif; font-size: small;\">\n<li>Optik: LED-Einsatz<\/li>\n<li>Eingangsspannung: 10-32 VDC<\/li>\n<li>Stromverbrauch: 20W<\/li>\n<li>Ungef\u00e4hres Gewicht: 1,4 kg<\/li>\n<\/ul>\n","protected":false},"excerpt":{"rendered":"<p>Ersatz-LED-Scheinwerfer DHR 180 &#8211; LED-Lampe f\u00fcr DHR 180mm Suchscheinwerfer (Modell: DHP18003) DHR hat die neuesten Fortschritte in der LED-Technologie \u00fcbernommen<\/p>\n","protected":false},"featured_media":5946700,"comment_status":"open","ping_status":"closed","template":"","meta":[],"product_brand":[2880],"product_cat":[1447],"product_tag":[],"class_list":{"0":"post-737899","1":"product","2":"type-product","3":"status-publish","4":"has-post-thumbnail","6":"product_brand-dhr-de","7":"product_cat-suchscheinwerfer-und-spotlights","9":"first","10":"outofstock","11":"shipping-taxable","12":"purchasable","13":"product-type-simple"},"_links":{"self":[{"href":"https:\/\/stoic-curie.212-227-153-4.plesk.page\/de\/wp-json\/wp\/v2\/product\/737899","targetHints":{"allow":["GET"]}}],"collection":[{"href":"https:\/\/stoic-curie.212-227-153-4.plesk.page\/de\/wp-json\/wp\/v2\/product"}],"about":[{"href":"https:\/\/stoic-curie.212-227-153-4.plesk.page\/de\/wp-json\/wp\/v2\/types\/product"}],"replies":[{"embeddable":true,"href":"https:\/\/stoic-curie.212-227-153-4.plesk.page\/de\/wp-json\/wp\/v2\/comments?post=737899"}],"version-history":[{"count":0,"href":"https:\/\/stoic-curie.212-227-153-4.plesk.page\/de\/wp-json\/wp\/v2\/product\/737899\/revisions"}],"wp:featuredmedia":[{"embeddable":true,"href":"https:\/\/stoic-curie.212-227-153-4.plesk.page\/de\/wp-json\/wp\/v2\/media\/5946700"}],"wp:attachment":[{"href":"https:\/\/stoic-curie.212-227-153-4.plesk.page\/de\/wp-json\/wp\/v2\/media?parent=737899"}],"wp:term":[{"taxonomy":"product_brand","embeddable":true,"href":"https:\/\/stoic-curie.212-227-153-4.plesk.page\/de\/wp-json\/wp\/v2\/product_brand?post=737899"},{"taxonomy":"product_cat","embeddable":true,"href":"https:\/\/stoic-curie.212-227-153-4.plesk.page\/de\/wp-json\/wp\/v2\/product_cat?post=737899"},{"taxonomy":"product_tag","embeddable":true,"href":"https:\/\/stoic-curie.212-227-153-4.plesk.page\/de\/wp-json\/wp\/v2\/product_tag?post=737899"}],"curies":[{"name":"wp","href":"https:\/\/api.w.org\/{rel}","templated":true}]}}