{"id":737906,"date":"2025-03-03T17:29:41","date_gmt":"2025-03-03T16:29:41","guid":{"rendered":"https:\/\/stoic-curie.212-227-153-4.plesk.page\/producto\/liros-porto-18mm-blau-100m\/"},"modified":"2026-02-24T23:35:15","modified_gmt":"2026-02-24T23:35:15","slug":"liros-porto-18mm-blau-100m","status":"publish","type":"product","link":"https:\/\/stoic-curie.212-227-153-4.plesk.page\/de\/product\/liros-porto-18mm-blau-100m\/","title":{"rendered":"Liros Porto 18mm Blau 100m"},"content":{"rendered":"<p>Liros Porto 18mm Blau 100m &#8211; <\/p>\n<p style=\"color: rgb(34, 34, 34); font-family: Arial, Helvetica, sans-serif; font-size: small;\">Wir freuen uns, die Liros Porto Festmacher- und Ankerleine vorzustellen, ein Produkt, das au\u00dfergew\u00f6hnliche Qualit\u00e4t und bemerkenswerte Haltbarkeit verk\u00f6rpert. Diese Leine wurde sorgf\u00e4ltig entwickelt, um Abrieb effektiv zu widerstehen, was eine einfache Handhabung und unkomplizierte Verarbeitung erm\u00f6glicht. Ihr kompaktes Design garantiert hohe Festigkeit und gleichzeitig Flexibilit\u00e4t im Laufe der Zeit.<\/p>\n<p style=\"color: rgb(34, 34, 34); font-family: Arial, Helvetica, sans-serif; font-size: small;\"><strong>Hauptmerkmale:<\/strong><\/p>\n<ul style=\"color: rgb(34, 34, 34); font-family: Arial, Helvetica, sans-serif; font-size: small;\">\n<li><strong>Kern<\/strong>: Hochfeste geflochtene Polyester<\/li>\n<li><strong>H\u00fclle<\/strong>: UV-best\u00e4ndiges, hochgedrehtes Polyester<\/li>\n<li><strong>Dehnung bei Belastung<\/strong>: Weniger als 15%<\/li>\n<li><strong>Nicht schwimmend<\/strong>: Speziell f\u00fcr eine m\u00fchelose Handhabung als 100% Polyester Festmacher- oder Ankerleine entwickelt<\/li>\n<\/ul>\n<p style=\"color: rgb(34, 34, 34); font-family: Arial, Helvetica, sans-serif; font-size: small;\">Diese Leine bietet au\u00dfergew\u00f6hnliche St\u00e4rke und Abriebsbest\u00e4ndigkeit, w\u00e4hrend sie ihre Flexibilit\u00e4t w\u00e4hrend des Einsatzes beibeh\u00e4lt. Ihr charakteristisches Drehdesign erm\u00f6glicht eine betr\u00e4chtliche Dehnung, was sie f\u00fcr eine Vielzahl von Anwendungen zuverl\u00e4ssig macht.<\/p>\n<p style=\"color: rgb(34, 34, 34); font-family: Arial, Helvetica, sans-serif; font-size: small;\"><strong>Technische Daten:<\/strong><\/p>\n<ul style=\"color: rgb(34, 34, 34); font-family: Arial, Helvetica, sans-serif; font-size: small;\">\n<li><strong>Verarbeitung<\/strong>: 20-fach geflochten<\/li>\n<li><strong>Kern<\/strong>: Robuste Polyester-Borte<\/li>\n<\/ul>\n<p style=\"color: rgb(34, 34, 34); font-family: Arial, Helvetica, sans-serif; font-size: small;\"><strong>Zus\u00e4tzliche Vorteile:<\/strong><\/p>\n<ul style=\"color: rgb(34, 34, 34); font-family: Arial, Helvetica, sans-serif; font-size: small;\">\n<li>Dehnung bei Belastung \u00fcber 15%<\/li>\n<li>\u00c4u\u00dferst einfach zu verarbeiten<\/li>\n<li>Ausgezeichnete UV-Best\u00e4ndigkeit<\/li>\n<li>Herausragende St\u00e4rke und Abriebsbest\u00e4ndigkeit<\/li>\n<\/ul>\n","protected":false},"excerpt":{"rendered":"<p>Liros Porto 18mm Blau 100m &#8211; Wir freuen uns, die Liros Porto Festmacher- und Ankerleine vorzustellen, ein Produkt, das au\u00dfergew\u00f6hnliche<\/p>\n","protected":false},"featured_media":5946703,"comment_status":"open","ping_status":"closed","template":"","meta":[],"product_brand":[3065],"product_cat":[1335],"product_tag":[],"class_list":{"0":"post-737906","1":"product","2":"type-product","3":"status-publish","4":"has-post-thumbnail","6":"product_brand-liros-de","7":"product_cat-anlege-und-festmacherleinen","9":"first","10":"instock","11":"shipping-taxable","12":"purchasable","13":"product-type-simple"},"_links":{"self":[{"href":"https:\/\/stoic-curie.212-227-153-4.plesk.page\/de\/wp-json\/wp\/v2\/product\/737906","targetHints":{"allow":["GET"]}}],"collection":[{"href":"https:\/\/stoic-curie.212-227-153-4.plesk.page\/de\/wp-json\/wp\/v2\/product"}],"about":[{"href":"https:\/\/stoic-curie.212-227-153-4.plesk.page\/de\/wp-json\/wp\/v2\/types\/product"}],"replies":[{"embeddable":true,"href":"https:\/\/stoic-curie.212-227-153-4.plesk.page\/de\/wp-json\/wp\/v2\/comments?post=737906"}],"version-history":[{"count":0,"href":"https:\/\/stoic-curie.212-227-153-4.plesk.page\/de\/wp-json\/wp\/v2\/product\/737906\/revisions"}],"wp:featuredmedia":[{"embeddable":true,"href":"https:\/\/stoic-curie.212-227-153-4.plesk.page\/de\/wp-json\/wp\/v2\/media\/5946703"}],"wp:attachment":[{"href":"https:\/\/stoic-curie.212-227-153-4.plesk.page\/de\/wp-json\/wp\/v2\/media?parent=737906"}],"wp:term":[{"taxonomy":"product_brand","embeddable":true,"href":"https:\/\/stoic-curie.212-227-153-4.plesk.page\/de\/wp-json\/wp\/v2\/product_brand?post=737906"},{"taxonomy":"product_cat","embeddable":true,"href":"https:\/\/stoic-curie.212-227-153-4.plesk.page\/de\/wp-json\/wp\/v2\/product_cat?post=737906"},{"taxonomy":"product_tag","embeddable":true,"href":"https:\/\/stoic-curie.212-227-153-4.plesk.page\/de\/wp-json\/wp\/v2\/product_tag?post=737906"}],"curies":[{"name":"wp","href":"https:\/\/api.w.org\/{rel}","templated":true}]}}