{"id":737916,"date":"2025-03-03T17:33:05","date_gmt":"2025-03-03T16:33:05","guid":{"rendered":"https:\/\/stoic-curie.212-227-153-4.plesk.page\/producto\/liros-porto-22mm-schwarz-100m\/"},"modified":"2026-02-24T23:35:15","modified_gmt":"2026-02-24T23:35:15","slug":"liros-porto-22mm-schwarz-100m","status":"publish","type":"product","link":"https:\/\/stoic-curie.212-227-153-4.plesk.page\/de\/product\/liros-porto-22mm-schwarz-100m\/","title":{"rendered":"Liros Porto 22mm Schwarz 100m"},"content":{"rendered":"<p>Liros Porto 22mm Schwarz 100m &#8211; <\/p>\n<p style=\"color: rgb(34, 34, 34); font-family: Arial, Helvetica, sans-serif; font-size: small;\">Die Liros Porto Docking- und Ankerleine vereint hohe Qualit\u00e4t mit au\u00dfergew\u00f6hnlicher Haltbarkeit. Diese Leine ist hochgradig abriebfest, leicht zu handhaben und einfach zu splice. Ihr kompaktes Design gew\u00e4hrleistet hohe Festigkeit, ohne im Laufe der Zeit steif zu werden.<\/p>\n<p style=\"color: rgb(34, 34, 34); font-family: Arial, Helvetica, sans-serif; font-size: small;\">Hauptmerkmale:<\/p>\n<ul style=\"color: rgb(34, 34, 34); font-family: Arial, Helvetica, sans-serif; font-size: small;\">\n<li><strong>Kern<\/strong>: Hochfester geflochtener Polyester<\/li>\n<li><strong>H\u00fclle<\/strong>: UV-best\u00e4ndiger, hochgedrehter Polyester<\/li>\n<li><strong>Arbeitsdehnung<\/strong>: Weniger als 15%<\/li>\n<li><strong>Nicht schwimmend<\/strong>: Entworfen f\u00fcr eine einfache Handhabung als 100% Polyester Docking- oder Ankerleine<\/li>\n<\/ul>\n<p style=\"color: rgb(34, 34, 34); font-family: Arial, Helvetica, sans-serif; font-size: small;\">Diese Leine ist extrem stark und abriebfest und beh\u00e4lt ihre Flexibilit\u00e4t w\u00e4hrend der gesamten Nutzung. Ihre spezielle Zwirn-Konstruktion erm\u00f6glicht eine hohe Dehnung, wodurch sie f\u00fcr verschiedene Anwendungen zuverl\u00e4ssig ist.<\/p>\n<p style=\"color: rgb(34, 34, 34); font-family: Arial, Helvetica, sans-serif; font-size: small;\">Spezifikationen:<\/p>\n<ul style=\"color: rgb(34, 34, 34); font-family: Arial, Helvetica, sans-serif; font-size: small;\">\n<li><strong>Konstruktion<\/strong>: 20-fach geflochten<\/li>\n<li><strong>Kern<\/strong>: Hochfester Polyestergeflecht<\/li>\n<\/ul>\n<p style=\"color: rgb(34, 34, 34); font-family: Arial, Helvetica, sans-serif; font-size: small;\">Zus\u00e4tzliche Vorteile:<\/p>\n<ul style=\"color: rgb(34, 34, 34); font-family: Arial, Helvetica, sans-serif; font-size: small;\">\n<li>Arbeitsdehnung gr\u00f6\u00dfer als 15%<\/li>\n<li>Sehr einfach zu splice<\/li>\n<li>Hohe UV-Stabilit\u00e4t<\/li>\n<li>Exzellente Festigkeit und Abriebfestigkeit<\/li>\n<\/ul>\n","protected":false},"excerpt":{"rendered":"<p>Liros Porto 22mm Schwarz 100m &#8211; Die Liros Porto Docking- und Ankerleine vereint hohe Qualit\u00e4t mit au\u00dfergew\u00f6hnlicher Haltbarkeit. Diese Leine<\/p>\n","protected":false},"featured_media":5946706,"comment_status":"open","ping_status":"closed","template":"","meta":[],"product_brand":[3065],"product_cat":[1335],"product_tag":[],"class_list":{"0":"post-737916","1":"product","2":"type-product","3":"status-publish","4":"has-post-thumbnail","6":"product_brand-liros-de","7":"product_cat-anlege-und-festmacherleinen","9":"first","10":"instock","11":"shipping-taxable","12":"purchasable","13":"product-type-simple"},"_links":{"self":[{"href":"https:\/\/stoic-curie.212-227-153-4.plesk.page\/de\/wp-json\/wp\/v2\/product\/737916","targetHints":{"allow":["GET"]}}],"collection":[{"href":"https:\/\/stoic-curie.212-227-153-4.plesk.page\/de\/wp-json\/wp\/v2\/product"}],"about":[{"href":"https:\/\/stoic-curie.212-227-153-4.plesk.page\/de\/wp-json\/wp\/v2\/types\/product"}],"replies":[{"embeddable":true,"href":"https:\/\/stoic-curie.212-227-153-4.plesk.page\/de\/wp-json\/wp\/v2\/comments?post=737916"}],"version-history":[{"count":0,"href":"https:\/\/stoic-curie.212-227-153-4.plesk.page\/de\/wp-json\/wp\/v2\/product\/737916\/revisions"}],"wp:featuredmedia":[{"embeddable":true,"href":"https:\/\/stoic-curie.212-227-153-4.plesk.page\/de\/wp-json\/wp\/v2\/media\/5946706"}],"wp:attachment":[{"href":"https:\/\/stoic-curie.212-227-153-4.plesk.page\/de\/wp-json\/wp\/v2\/media?parent=737916"}],"wp:term":[{"taxonomy":"product_brand","embeddable":true,"href":"https:\/\/stoic-curie.212-227-153-4.plesk.page\/de\/wp-json\/wp\/v2\/product_brand?post=737916"},{"taxonomy":"product_cat","embeddable":true,"href":"https:\/\/stoic-curie.212-227-153-4.plesk.page\/de\/wp-json\/wp\/v2\/product_cat?post=737916"},{"taxonomy":"product_tag","embeddable":true,"href":"https:\/\/stoic-curie.212-227-153-4.plesk.page\/de\/wp-json\/wp\/v2\/product_tag?post=737916"}],"curies":[{"name":"wp","href":"https:\/\/api.w.org\/{rel}","templated":true}]}}