{"id":737920,"date":"2025-03-03T17:33:07","date_gmt":"2025-03-03T16:33:07","guid":{"rendered":"https:\/\/stoic-curie.212-227-153-4.plesk.page\/producto\/tessilmare-radial-65-schwarz-24m\/"},"modified":"2026-02-24T23:35:15","modified_gmt":"2026-02-24T23:35:15","slug":"tessilmare-radial-65-schwarz-24m","status":"publish","type":"product","link":"https:\/\/stoic-curie.212-227-153-4.plesk.page\/de\/product\/tessilmare-radial-65-schwarz-24m\/","title":{"rendered":"Tessilmare Radial 65 Schwarz 24m"},"content":{"rendered":"<p>Tessilmare Radial 65 Schwarz 24m &#8211; <\/p>\n<p style=\"color: rgb(34, 34, 34); font-family: Arial, Helvetica, sans-serif; font-size: small;\">Die Tessilmare Radial ist speziell f\u00fcr den maritimen Sektor entwickelt und kann innerhalb weniger Minuten zusammengebaut werden.<\/p>\n<p style=\"color: rgb(34, 34, 34); font-family: Arial, Helvetica, sans-serif; font-size: small;\">Dieses patentierte Fender-System besteht aus zwei Hauptteilen:<\/p>\n<ol style=\"color: rgb(34, 34, 34); font-family: Arial, Helvetica, sans-serif; font-size: small;\">\n<li>Ein stabiler Balken, der mit Schrauben oder Nieten fest am Boot befestigt werden kann, ohne dass spezielle Werkzeuge erforderlich sind.<\/li>\n<li>Ein flexibles Gummiprofil, das mit der Basis verbunden wird. Dieses nahtlose Einlageelement ist in ma\u00dfgeschneiderten Rollen erh\u00e4ltlich, um Abfall zu reduzieren. Die Radial PVC-Reibleisten k\u00f6nnen manuell in jede Richtung gebogen werden, ohne dass W\u00e4rme ben\u00f6tigt wird. Sie sind 70 % schneller zu montieren, kosteng\u00fcnstig, einfach zu reparieren und schnell nachzur\u00fcsten.<\/li>\n<\/ol>\n<p style=\"color: rgb(34, 34, 34); font-family: Arial, Helvetica, sans-serif; font-size: small;\">Verbindungs- und Endkappen sind in zwei Materialien erh\u00e4ltlich: PVC und Edelstahl. Der Radial ist f\u00fcr alle maritimen Anwendungen geeignet, einschlie\u00dflich Boote und Yachten mit Boxverbindungen.<\/p>\n<p style=\"color: rgb(34, 34, 34); font-family: Arial, Helvetica, sans-serif; font-size: small;\">F\u00fcr die Installation muss lediglich der Duralene-Balken mit Schrauben oder Sika-Kleber gesichert werden, und dann wird das Fenderprofil auf den Balken geschoben. Das Fenderprofil eines Bootes kann sowohl Stil als auch Praktikabilit\u00e4t repr\u00e4sentieren. Die patentierten Fenderprofile von Tessilmare vereinen hohe Schlagfestigkeit mit Eleganz und Erschwinglichkeit. Ihre innovativen Designs haben das Erscheinungsbild traditioneller Reibleisten revolutioniert. Die Radial-Fenderprofile bieten eine nahtlose und optisch ansprechende L\u00f6sung, frei von sichtbaren Verbindungen oder scharfen Kanten, was zu einem saubereren und attraktiveren Finish im Vergleich zu herk\u00f6mmlichen Mehrteil-Reibleisten f\u00fchrt.<\/p>\n<p style=\"color: rgb(34, 34, 34); font-family: Arial, Helvetica, sans-serif; font-size: small;\">Der Installationsprozess ist einfach; es besteht darin, die Abschnittsschienen am Rumpf zu befestigen und die \u00e4u\u00dfere Abdeckung \u00fcber die Schiene zu schnappen. Die Abdeckung kann leicht von einer Gro\u00dfspule abgerollt werden, und die enthaltenen Endkappen vervollst\u00e4ndigen die Installation.<\/p>\n<p style=\"color: rgb(34, 34, 34); font-family: Arial, Helvetica, sans-serif; font-size: small;\">Ein entscheidender Vorteil der Radial-Reibleiste ist ihre einfache Installation, die keine spezialisierten Werkzeuge erfordert. Ihre flexible PVC-Abdeckung erleichtert die Montage, selbst unter k\u00e4lteren Bedingungen, sodass keine Heizung erforderlich ist. Nach der Installation sind die Abschnittsschienen vollst\u00e4ndig von der Abdeckung verborgen, was ein glattes und geschmeidiges Aussehen bietet. Das Kit beinhaltet alle wesentlichen Komponenten: eine kontinuierliche Rolle der weichen Reibleistenabdeckung, die erforderliche Anzahl an halbstarren Vinylmontageschienen, zwei Vinyl-Endkappen und eine Vinyl-Verbindungskappen.<\/p>\n","protected":false},"excerpt":{"rendered":"<p>Tessilmare Radial 65 Schwarz 24m &#8211; Die Tessilmare Radial ist speziell f\u00fcr den maritimen Sektor entwickelt und kann innerhalb weniger<\/p>\n","protected":false},"featured_media":5945154,"comment_status":"open","ping_status":"closed","template":"","meta":[],"product_brand":[3480],"product_cat":[1565],"product_tag":[],"class_list":{"0":"post-737920","1":"product","2":"type-product","3":"status-publish","4":"has-post-thumbnail","6":"product_brand-tessilmare-de","7":"product_cat-fender-profile","9":"first","10":"instock","11":"shipping-taxable","12":"purchasable","13":"product-type-simple"},"_links":{"self":[{"href":"https:\/\/stoic-curie.212-227-153-4.plesk.page\/de\/wp-json\/wp\/v2\/product\/737920","targetHints":{"allow":["GET"]}}],"collection":[{"href":"https:\/\/stoic-curie.212-227-153-4.plesk.page\/de\/wp-json\/wp\/v2\/product"}],"about":[{"href":"https:\/\/stoic-curie.212-227-153-4.plesk.page\/de\/wp-json\/wp\/v2\/types\/product"}],"replies":[{"embeddable":true,"href":"https:\/\/stoic-curie.212-227-153-4.plesk.page\/de\/wp-json\/wp\/v2\/comments?post=737920"}],"version-history":[{"count":0,"href":"https:\/\/stoic-curie.212-227-153-4.plesk.page\/de\/wp-json\/wp\/v2\/product\/737920\/revisions"}],"wp:featuredmedia":[{"embeddable":true,"href":"https:\/\/stoic-curie.212-227-153-4.plesk.page\/de\/wp-json\/wp\/v2\/media\/5945154"}],"wp:attachment":[{"href":"https:\/\/stoic-curie.212-227-153-4.plesk.page\/de\/wp-json\/wp\/v2\/media?parent=737920"}],"wp:term":[{"taxonomy":"product_brand","embeddable":true,"href":"https:\/\/stoic-curie.212-227-153-4.plesk.page\/de\/wp-json\/wp\/v2\/product_brand?post=737920"},{"taxonomy":"product_cat","embeddable":true,"href":"https:\/\/stoic-curie.212-227-153-4.plesk.page\/de\/wp-json\/wp\/v2\/product_cat?post=737920"},{"taxonomy":"product_tag","embeddable":true,"href":"https:\/\/stoic-curie.212-227-153-4.plesk.page\/de\/wp-json\/wp\/v2\/product_tag?post=737920"}],"curies":[{"name":"wp","href":"https:\/\/api.w.org\/{rel}","templated":true}]}}