{"id":737921,"date":"2025-03-03T17:33:07","date_gmt":"2025-03-03T16:33:07","guid":{"rendered":"https:\/\/stoic-curie.212-227-153-4.plesk.page\/producto\/tessilmare-radial-65-weiss-24m\/"},"modified":"2026-02-24T23:35:15","modified_gmt":"2026-02-24T23:35:15","slug":"tessilmare-radial-65-weiss-24m","status":"publish","type":"product","link":"https:\/\/stoic-curie.212-227-153-4.plesk.page\/de\/product\/tessilmare-radial-65-weiss-24m\/","title":{"rendered":"Tessilmare Radial 65 Wei\u00df 24m"},"content":{"rendered":"<p>Tessilmare Radial 65 Wei\u00df 24m &#8211; <\/p>\n<p style=\"color: rgb(34, 34, 34); font-family: Arial, Helvetica, sans-serif; font-size: small;\">Der Tessilmare Radial ist sorgf\u00e4ltig f\u00fcr den maritimen Sektor gefertigt und kann in nur wenigen Minuten zusammengebaut werden.<\/p>\n<p style=\"color: rgb(34, 34, 34); font-family: Arial, Helvetica, sans-serif; font-size: small;\">Dieses patentierte Fender-System besteht aus zwei Hauptteilen:<\/p>\n<ol style=\"color: rgb(34, 34, 34); font-family: Arial, Helvetica, sans-serif; font-size: small;\">\n<li>Eine robuste Stange, die sicher mit Schrauben oder Nieten am Boot angebracht werden kann, ohne dass spezielle Werkzeuge ben\u00f6tigt werden.<\/li>\n<li>Ein flexibles Gummiprofil, das an der Basis befestigt wird. Dieser nahtlose Einsatz kommt in ma\u00dfgeschneiderten Rollen, um Abfall zu reduzieren. Die Radial-PVC-Rub Rails k\u00f6nnen manuell in jede Richtung ohne Erw\u00e4rmung gebogen werden. Sie sind 70 % schneller zu montieren, budgetfreundlich, einfach zu reparieren und schnell zu erneuern.<\/li>\n<\/ol>\n<p style=\"color: rgb(34, 34, 34); font-family: Arial, Helvetica, sans-serif; font-size: small;\">Verbindungs- und Endkappen sind in zwei Materialien erh\u00e4ltlich: PVC und Edelstahl. Der Radial ist f\u00fcr alle maritimen Anwendungen geeignet, einschlie\u00dflich Boote und Yachten mit Boxverbindungen.<\/p>\n<p style=\"color: rgb(34, 34, 34); font-family: Arial, Helvetica, sans-serif; font-size: small;\">F\u00fcr die Installation muss man einfach die Duralene-Stange mit Schrauben oder Sika-Kleber sichern und dann das Fenderprofil auf die Stange schieben. Das Fenderprofil eines Bootes kann sowohl Stil als auch Praktikabilit\u00e4t repr\u00e4sentieren. Die patentierten Fenderprofile von Tessilmare vereinen hohe Schlagfestigkeit mit Eleganz und Erschwinglichkeit. Ihre innovativen Designs haben das Erscheinungsbild traditioneller Rub Rails ver\u00e4ndert. Die Radial-Fenderprofile bieten eine nahtlose und visuell ansprechende L\u00f6sung, frei von sichtbaren Fugen oder scharfen Kanten, was zu einem saubereren und attraktiveren Finish im Vergleich zu herk\u00f6mmlichen Mehrteilerubrails f\u00fchrt.<\/p>\n<p style=\"color: rgb(34, 34, 34); font-family: Arial, Helvetica, sans-serif; font-size: small;\">Der Installationsprozess ist schnell und einfach; es umfasst das Befestigen von Abschnittstracks am Rumpf und das Einrasten der Au\u00dfenabdeckung \u00fcber den Track. Die Abdeckung kann problemlos von einer Bulk-Spule abgerollt werden, und die mitgelieferten Endkappen vervollst\u00e4ndigen die Installation.<\/p>\n<p style=\"color: rgb(34, 34, 34); font-family: Arial, Helvetica, sans-serif; font-size: small;\">Ein entscheidender Vorteil des Radial Rub Rail ist die einfache Installation, die keine speziellen Werkzeuge erfordert. Die flexible PVC-Abdeckung macht die Montage auch bei k\u00e4lterem Wetter einfach, wodurch die Notwendigkeit des Erw\u00e4rmens entf\u00e4llt. Nach der Installation sind die Trackabschnitte vollst\u00e4ndig von der Abdeckung verborgen, was ein glattes und aerodynamisches Aussehen verleiht. Das Set beinhaltet alles Notwendige: eine durchgehende Rolle der weichen Rub Rail-Abdeckung, die richtige Anzahl an halbstarren Vinylmontageschienenabschnitten, zwei Vinyl-Endkappen und eine Vinyl-Verbindungsabdeckung.<\/p>\n","protected":false},"excerpt":{"rendered":"<p>Tessilmare Radial 65 Wei\u00df 24m &#8211; Der Tessilmare Radial ist sorgf\u00e4ltig f\u00fcr den maritimen Sektor gefertigt und kann in nur<\/p>\n","protected":false},"featured_media":5945169,"comment_status":"open","ping_status":"closed","template":"","meta":[],"product_brand":[3480],"product_cat":[1565],"product_tag":[],"class_list":{"0":"post-737921","1":"product","2":"type-product","3":"status-publish","4":"has-post-thumbnail","6":"product_brand-tessilmare-de","7":"product_cat-fender-profile","9":"first","10":"instock","11":"shipping-taxable","12":"purchasable","13":"product-type-simple"},"_links":{"self":[{"href":"https:\/\/stoic-curie.212-227-153-4.plesk.page\/de\/wp-json\/wp\/v2\/product\/737921","targetHints":{"allow":["GET"]}}],"collection":[{"href":"https:\/\/stoic-curie.212-227-153-4.plesk.page\/de\/wp-json\/wp\/v2\/product"}],"about":[{"href":"https:\/\/stoic-curie.212-227-153-4.plesk.page\/de\/wp-json\/wp\/v2\/types\/product"}],"replies":[{"embeddable":true,"href":"https:\/\/stoic-curie.212-227-153-4.plesk.page\/de\/wp-json\/wp\/v2\/comments?post=737921"}],"version-history":[{"count":0,"href":"https:\/\/stoic-curie.212-227-153-4.plesk.page\/de\/wp-json\/wp\/v2\/product\/737921\/revisions"}],"wp:featuredmedia":[{"embeddable":true,"href":"https:\/\/stoic-curie.212-227-153-4.plesk.page\/de\/wp-json\/wp\/v2\/media\/5945169"}],"wp:attachment":[{"href":"https:\/\/stoic-curie.212-227-153-4.plesk.page\/de\/wp-json\/wp\/v2\/media?parent=737921"}],"wp:term":[{"taxonomy":"product_brand","embeddable":true,"href":"https:\/\/stoic-curie.212-227-153-4.plesk.page\/de\/wp-json\/wp\/v2\/product_brand?post=737921"},{"taxonomy":"product_cat","embeddable":true,"href":"https:\/\/stoic-curie.212-227-153-4.plesk.page\/de\/wp-json\/wp\/v2\/product_cat?post=737921"},{"taxonomy":"product_tag","embeddable":true,"href":"https:\/\/stoic-curie.212-227-153-4.plesk.page\/de\/wp-json\/wp\/v2\/product_tag?post=737921"}],"curies":[{"name":"wp","href":"https:\/\/api.w.org\/{rel}","templated":true}]}}