{"id":737924,"date":"2025-03-03T17:36:18","date_gmt":"2025-03-03T16:36:18","guid":{"rendered":"https:\/\/stoic-curie.212-227-153-4.plesk.page\/producto\/tessilmare-radial-85-schwarz-24m\/"},"modified":"2026-02-24T23:35:15","modified_gmt":"2026-02-24T23:35:15","slug":"tessilmare-radial-85-schwarz-24m","status":"publish","type":"product","link":"https:\/\/stoic-curie.212-227-153-4.plesk.page\/de\/product\/tessilmare-radial-85-schwarz-24m\/","title":{"rendered":"Tessilmare Radial 85 Schwarz 24m"},"content":{"rendered":"<p>Tessilmare Radial 85 Schwarz 24m &#8211; <\/p>\n<p style=\"color: rgb(34, 34, 34); font-family: Arial, Helvetica, sans-serif; font-size: small;\">Der Tessilmare Radial ist sorgf\u00e4ltig f\u00fcr die Marineindustrie konzipiert und kann in wenigen Minuten montiert werden.<\/p>\n<p style=\"color: rgb(34, 34, 34); font-family: Arial, Helvetica, sans-serif; font-size: small;\">Dieses patentierte Fender-System besteht aus zwei Hauptkomponenten:<\/p>\n<ol style=\"color: rgb(34, 34, 34); font-family: Arial, Helvetica, sans-serif; font-size: small;\">\n<li>Eine robuste Leiste, die sicher mit Schrauben oder Nieten am Schiff befestigt werden kann, ohne dass spezielle Werkzeuge erforderlich sind.<\/li>\n<li>Ein flexibles Gummiprofil, das mit der Basis verbunden ist. Dieses nahtlose Insert ist in ma\u00dfgeschneiderten Rollen erh\u00e4ltlich, um Abfall zu minimieren. Die Radial PVC-Gummileisten k\u00f6nnen manuell in jede Richtung gebogen werden, ohne dass eine Erw\u00e4rmung erforderlich ist. Sie sind 70% schneller zu montieren, kosteng\u00fcnstig, leicht zu reparieren und schnell nachzur\u00fcsten.<\/li>\n<\/ol>\n<p style=\"color: rgb(34, 34, 34); font-family: Arial, Helvetica, sans-serif; font-size: small;\">Gelenk- und Endkappen sind in zwei Materialien erh\u00e4ltlich: PVC und Edelstahl. Der Radial ist f\u00fcr alle maritimen Anwendungen geeignet, einschlie\u00dflich Boote und Yachten mit Boxanschl\u00fcssen.<\/p>\n<p style=\"color: rgb(34, 34, 34); font-family: Arial, Helvetica, sans-serif; font-size: small;\">Zur Installation muss man lediglich die Duralene-Leiste mit Schrauben oder Sika-Kleber sichern und anschlie\u00dfend das Fender-Profil auf die Leiste schieben. Das Fender-Profil eines Schiffs kann sowohl Stil als auch Funktionalit\u00e4t verk\u00f6rpern. Die patentierten Fender-Profile von Tessilmare kombinieren hohe Schlagfestigkeit mit Eleganz und Erschwinglichkeit. Ihre innovativen Designs haben die \u00c4sthetik traditioneller Gummileisten neu definiert. Die Radial-Fender-Profile bieten eine nahtlose und visuell ansprechende L\u00f6sung, frei von sichtbaren Verbindungen oder scharfen Kanten, was zu einem saubereren und attraktiveren Finish im Vergleich zu herk\u00f6mmlichen Mehrteil-Gummileisten f\u00fchrt.<\/p>\n<p style=\"color: rgb(34, 34, 34); font-family: Arial, Helvetica, sans-serif; font-size: small;\">Der Installationsprozess ist sowohl schnell als auch unkompliziert; er umfasst das Befestigen der Schienenabschnitte am Rumpf und das Aufsnappen der \u00e4u\u00dferen Abdeckung \u00fcber die Schiene. Die Abdeckung kann bequem von einer Gro\u00dfrolle abgerollt werden, und die mitgelieferten Endkappen vervollst\u00e4ndigen die Installation.<\/p>\n<p style=\"color: rgb(34, 34, 34); font-family: Arial, Helvetica, sans-serif; font-size: small;\">Ein gro\u00dfer Vorteil der Radial Gummileiste ist ihre unkomplizierte Installation, die keine speziellen Werkzeuge erfordert. Ihre flexible PVC-Abdeckung erleichtert das Anbringen, selbst bei kalten Bedingungen, wodurch die Notwendigkeit f\u00fcr eine Erw\u00e4rmung entf\u00e4llt. Nach der Installation sind die Schienenabschnitte vollst\u00e4ndig von der Abdeckung verdeckt, was ein glattes und stromlinienf\u00f6rmiges Erscheinungsbild bietet. Das Set enth\u00e4lt alle notwendigen Komponenten: eine durchgehende Rolle der weichen Gummileistenabdeckung, die entsprechende Anzahl von semi-rigiden Vinylmontageschienenabschnitten, zwei Vinyl-Endkappen und eine Vinyl-Gelenkabdeckung.<\/p>\n","protected":false},"excerpt":{"rendered":"<p>Tessilmare Radial 85 Schwarz 24m &#8211; Der Tessilmare Radial ist sorgf\u00e4ltig f\u00fcr die Marineindustrie konzipiert und kann in wenigen Minuten<\/p>\n","protected":false},"featured_media":5945154,"comment_status":"open","ping_status":"closed","template":"","meta":[],"product_brand":[3480],"product_cat":[1565],"product_tag":[],"class_list":{"0":"post-737924","1":"product","2":"type-product","3":"status-publish","4":"has-post-thumbnail","6":"product_brand-tessilmare-de","7":"product_cat-fender-profile","9":"first","10":"instock","11":"shipping-taxable","12":"purchasable","13":"product-type-simple"},"_links":{"self":[{"href":"https:\/\/stoic-curie.212-227-153-4.plesk.page\/de\/wp-json\/wp\/v2\/product\/737924","targetHints":{"allow":["GET"]}}],"collection":[{"href":"https:\/\/stoic-curie.212-227-153-4.plesk.page\/de\/wp-json\/wp\/v2\/product"}],"about":[{"href":"https:\/\/stoic-curie.212-227-153-4.plesk.page\/de\/wp-json\/wp\/v2\/types\/product"}],"replies":[{"embeddable":true,"href":"https:\/\/stoic-curie.212-227-153-4.plesk.page\/de\/wp-json\/wp\/v2\/comments?post=737924"}],"version-history":[{"count":0,"href":"https:\/\/stoic-curie.212-227-153-4.plesk.page\/de\/wp-json\/wp\/v2\/product\/737924\/revisions"}],"wp:featuredmedia":[{"embeddable":true,"href":"https:\/\/stoic-curie.212-227-153-4.plesk.page\/de\/wp-json\/wp\/v2\/media\/5945154"}],"wp:attachment":[{"href":"https:\/\/stoic-curie.212-227-153-4.plesk.page\/de\/wp-json\/wp\/v2\/media?parent=737924"}],"wp:term":[{"taxonomy":"product_brand","embeddable":true,"href":"https:\/\/stoic-curie.212-227-153-4.plesk.page\/de\/wp-json\/wp\/v2\/product_brand?post=737924"},{"taxonomy":"product_cat","embeddable":true,"href":"https:\/\/stoic-curie.212-227-153-4.plesk.page\/de\/wp-json\/wp\/v2\/product_cat?post=737924"},{"taxonomy":"product_tag","embeddable":true,"href":"https:\/\/stoic-curie.212-227-153-4.plesk.page\/de\/wp-json\/wp\/v2\/product_tag?post=737924"}],"curies":[{"name":"wp","href":"https:\/\/api.w.org\/{rel}","templated":true}]}}