{"id":737926,"date":"2025-03-03T17:36:18","date_gmt":"2025-03-03T16:36:18","guid":{"rendered":"https:\/\/stoic-curie.212-227-153-4.plesk.page\/producto\/tessilmare-radial-85-weiss-24m\/"},"modified":"2026-02-24T23:35:15","modified_gmt":"2026-02-24T23:35:15","slug":"tessilmare-radial-85-weiss-24m","status":"publish","type":"product","link":"https:\/\/stoic-curie.212-227-153-4.plesk.page\/de\/product\/tessilmare-radial-85-weiss-24m\/","title":{"rendered":"Tessilmare Radial 85 Wei\u00df 24m"},"content":{"rendered":"<p>Tessilmare Radial 85 Wei\u00df 24m &#8211; <\/p>\n<p style=\"color: rgb(34, 34, 34); font-family: Arial, Helvetica, sans-serif; font-size: small;\">Der Tessilmare Radial ist speziell f\u00fcr den Bootssektor gefertigt und kann in nur wenigen Minuten eingerichtet werden.<\/p>\n<p style=\"color: rgb(34, 34, 34); font-family: Arial, Helvetica, sans-serif; font-size: small;\">Dieses patentierte Fenderdesign besteht aus zwei Hauptkomponenten:<\/p>\n<ol style=\"color: rgb(34, 34, 34); font-family: Arial, Helvetica, sans-serif; font-size: small;\">\n<li>Eine robuste Stange, die problemlos mit Schrauben oder Nieten am Boot befestigt werden kann, ohne dass spezielle Werkzeuge ben\u00f6tigt werden.<\/li>\n<li>Ein flexibles Gummiprofil, das mit der Basis verbunden ist. Dieser nahtlose Einsatz ist in ma\u00dfgeschneiderten Rollen erh\u00e4ltlich, um Abfall zu minimieren. Die Radial PVC RubRails k\u00f6nnen manuell in jede Richtung gebogen werden, ohne dass eine Erw\u00e4rmung erforderlich ist. Sie sind 70% schneller zu montieren, budgetfreundlich, einfach zu reparieren und schnell zu ersetzen.<\/li>\n<\/ol>\n<p style=\"color: rgb(34, 34, 34); font-family: Arial, Helvetica, sans-serif; font-size: small;\">Die Gelenk- und Endkappen sind aus zwei Materialien gefertigt: PVC und Edelstahl. Der Radial ist ideal f\u00fcr alle maritimen Anwendungen, einschlie\u00dflich Boote und Yachten mit Boxverbindungen.<\/p>\n<p style=\"color: rgb(34, 34, 34); font-family: Arial, Helvetica, sans-serif; font-size: small;\">F\u00fcr die Installation einfach die Duralene-Stange mit Schrauben oder Sika-Kleber sichern und das Fenderprofil auf die Stange schieben. Das Fenderprofil eines Bootes kann sowohl stilvoll als auch praktisch sein. Die patentierten Fenderprofile von Tessilmare vereinen hohe Schlagfestigkeit mit Eleganz und Erschwinglichkeit. Ihre innovativen Designs haben das Erscheinungsbild traditioneller RubRails revolutioniert. Die Radial-Fenderprofile bieten eine nahtlose und visuell ansprechende L\u00f6sung, ohne sichtbare Fugen oder scharfe Kanten, was zu einer saubereren und attraktivere Oberfl\u00e4che im Vergleich zu herk\u00f6mmlichen Mehrteil-RubRails f\u00fchrt.<\/p>\n<p style=\"color: rgb(34, 34, 34); font-family: Arial, Helvetica, sans-serif; font-size: small;\">Der Installationsprozess ist schnell und einfach; es besteht darin, die Schienenabschnitte am Rumpf zu befestigen und die \u00e4u\u00dfere Abdeckung \u00fcber die Schiene zu snapen. Die Abdeckung kann bequem aus einer Bulk-Rolle herausgerollt werden, und die enthaltenen Endkappen vervollst\u00e4ndigen die Installation.<\/p>\n<p style=\"color: rgb(34, 34, 34); font-family: Arial, Helvetica, sans-serif; font-size: small;\">Einer der Hauptvorteile des Radial Rub Rails ist die unkomplizierte Installation, die keine speziellen Werkzeuge erfordert. Die flexible PVC-Abdeckung erm\u00f6glicht eine einfache Anpassung, selbst unter k\u00e4lteren Bedingungen, wodurch die Notwendigkeit einer Erw\u00e4rmung entf\u00e4llt. Nach der Installation sind die Schienenabschnitte vollst\u00e4ndig von der Abdeckung verdeckt, was ein glattes und stromlinienf\u00f6rmiges Aussehen bietet. Das Set enth\u00e4lt alles Notwendige: eine durchgehende Rolle der weichen RubRail-Abdeckung, die richtige Anzahl semi-starrer Vinylmontageschienenabschnitte, zwei Vinyl-Endkappen und eine Vinyl-Verbindungsabdeckkappe.<\/p>\n","protected":false},"excerpt":{"rendered":"<p>Tessilmare Radial 85 Wei\u00df 24m &#8211; Der Tessilmare Radial ist speziell f\u00fcr den Bootssektor gefertigt und kann in nur wenigen<\/p>\n","protected":false},"featured_media":5945169,"comment_status":"open","ping_status":"closed","template":"","meta":[],"product_brand":[3480],"product_cat":[1565],"product_tag":[],"class_list":{"0":"post-737926","1":"product","2":"type-product","3":"status-publish","4":"has-post-thumbnail","6":"product_brand-tessilmare-de","7":"product_cat-fender-profile","9":"first","10":"instock","11":"shipping-taxable","12":"purchasable","13":"product-type-simple"},"_links":{"self":[{"href":"https:\/\/stoic-curie.212-227-153-4.plesk.page\/de\/wp-json\/wp\/v2\/product\/737926","targetHints":{"allow":["GET"]}}],"collection":[{"href":"https:\/\/stoic-curie.212-227-153-4.plesk.page\/de\/wp-json\/wp\/v2\/product"}],"about":[{"href":"https:\/\/stoic-curie.212-227-153-4.plesk.page\/de\/wp-json\/wp\/v2\/types\/product"}],"replies":[{"embeddable":true,"href":"https:\/\/stoic-curie.212-227-153-4.plesk.page\/de\/wp-json\/wp\/v2\/comments?post=737926"}],"version-history":[{"count":0,"href":"https:\/\/stoic-curie.212-227-153-4.plesk.page\/de\/wp-json\/wp\/v2\/product\/737926\/revisions"}],"wp:featuredmedia":[{"embeddable":true,"href":"https:\/\/stoic-curie.212-227-153-4.plesk.page\/de\/wp-json\/wp\/v2\/media\/5945169"}],"wp:attachment":[{"href":"https:\/\/stoic-curie.212-227-153-4.plesk.page\/de\/wp-json\/wp\/v2\/media?parent=737926"}],"wp:term":[{"taxonomy":"product_brand","embeddable":true,"href":"https:\/\/stoic-curie.212-227-153-4.plesk.page\/de\/wp-json\/wp\/v2\/product_brand?post=737926"},{"taxonomy":"product_cat","embeddable":true,"href":"https:\/\/stoic-curie.212-227-153-4.plesk.page\/de\/wp-json\/wp\/v2\/product_cat?post=737926"},{"taxonomy":"product_tag","embeddable":true,"href":"https:\/\/stoic-curie.212-227-153-4.plesk.page\/de\/wp-json\/wp\/v2\/product_tag?post=737926"}],"curies":[{"name":"wp","href":"https:\/\/api.w.org\/{rel}","templated":true}]}}