{"id":737937,"date":"2025-03-03T17:41:56","date_gmt":"2025-03-03T16:41:56","guid":{"rendered":"https:\/\/stoic-curie.212-227-153-4.plesk.page\/producto\/impeller-jabsco-920-01\/"},"modified":"2026-02-24T23:35:15","modified_gmt":"2026-02-24T23:35:15","slug":"impeller-jabsco-920-01","status":"publish","type":"product","link":"https:\/\/stoic-curie.212-227-153-4.plesk.page\/de\/product\/impeller-jabsco-920-01\/","title":{"rendered":"Impeller Jabsco 920-01"},"content":{"rendered":"<p>Impeller Jabsco 920-01 &#8211; <\/p>\n<p>Echter Jabsco-Impeller f\u00fcr K\u00fchl- und Wassersystempumpen des Motors. Neopren: f\u00fcr S\u00fc\u00df- und Salzwasser Nitril: f\u00fcr Bilgen, \u00d6le und Derivate<\/p>\n","protected":false},"excerpt":{"rendered":"<p>Impeller Jabsco 920-01 &#8211; Echter Jabsco-Impeller f\u00fcr K\u00fchl- und Wassersystempumpen des Motors. Neopren: f\u00fcr S\u00fc\u00df- und Salzwasser Nitril: f\u00fcr Bilgen,<\/p>\n","protected":false},"featured_media":5946719,"comment_status":"open","ping_status":"closed","template":"","meta":[],"product_brand":[3030],"product_cat":[1522],"product_tag":[],"class_list":{"0":"post-737937","1":"product","2":"type-product","3":"status-publish","4":"has-post-thumbnail","6":"product_brand-jabsco-marine-de","7":"product_cat-motorkuehlpumpen","9":"first","10":"instock","11":"shipping-taxable","12":"purchasable","13":"product-type-simple"},"_links":{"self":[{"href":"https:\/\/stoic-curie.212-227-153-4.plesk.page\/de\/wp-json\/wp\/v2\/product\/737937","targetHints":{"allow":["GET"]}}],"collection":[{"href":"https:\/\/stoic-curie.212-227-153-4.plesk.page\/de\/wp-json\/wp\/v2\/product"}],"about":[{"href":"https:\/\/stoic-curie.212-227-153-4.plesk.page\/de\/wp-json\/wp\/v2\/types\/product"}],"replies":[{"embeddable":true,"href":"https:\/\/stoic-curie.212-227-153-4.plesk.page\/de\/wp-json\/wp\/v2\/comments?post=737937"}],"version-history":[{"count":0,"href":"https:\/\/stoic-curie.212-227-153-4.plesk.page\/de\/wp-json\/wp\/v2\/product\/737937\/revisions"}],"wp:featuredmedia":[{"embeddable":true,"href":"https:\/\/stoic-curie.212-227-153-4.plesk.page\/de\/wp-json\/wp\/v2\/media\/5946719"}],"wp:attachment":[{"href":"https:\/\/stoic-curie.212-227-153-4.plesk.page\/de\/wp-json\/wp\/v2\/media?parent=737937"}],"wp:term":[{"taxonomy":"product_brand","embeddable":true,"href":"https:\/\/stoic-curie.212-227-153-4.plesk.page\/de\/wp-json\/wp\/v2\/product_brand?post=737937"},{"taxonomy":"product_cat","embeddable":true,"href":"https:\/\/stoic-curie.212-227-153-4.plesk.page\/de\/wp-json\/wp\/v2\/product_cat?post=737937"},{"taxonomy":"product_tag","embeddable":true,"href":"https:\/\/stoic-curie.212-227-153-4.plesk.page\/de\/wp-json\/wp\/v2\/product_tag?post=737937"}],"curies":[{"name":"wp","href":"https:\/\/api.w.org\/{rel}","templated":true}]}}