{"id":737948,"date":"2025-03-03T17:42:00","date_gmt":"2025-03-03T16:42:00","guid":{"rendered":"https:\/\/stoic-curie.212-227-153-4.plesk.page\/producto\/teakholz-klapptisch-mb-120-x-80-x-h75-cm\/"},"modified":"2026-02-24T23:35:15","modified_gmt":"2026-02-24T23:35:15","slug":"teakholz-klapptisch-mb-120-x-80-x-h75-cm","status":"publish","type":"product","link":"https:\/\/stoic-curie.212-227-153-4.plesk.page\/de\/product\/teakholz-klapptisch-mb-120-x-80-x-h75-cm\/","title":{"rendered":"Teak Klapptisch MB doppelter H\u00f6he"},"content":{"rendered":"<p>Teak Klapptisch MB doppelter H\u00f6he &#8211; <\/p>\n<p style=\"color: rgb(34, 34, 34); font-family: Arial, Helvetica, sans-serif; font-size: small;\">Wir pr\u00e4sentieren unseren rechteckigen Klapptisch mit Fl\u00fcgeln, erh\u00e4ltlich in Teakholz, mit den Ma\u00dfen 120\u00d740 cm und 120\u00d780 cm. Dieser vielseitige Tisch verf\u00fcgt \u00fcber zwei Fl\u00fcgel, die es ihm erm\u00f6glichen, seine Gr\u00f6\u00dfe zu verdoppeln. Dar\u00fcber hinaus bietet er h\u00f6henverstellbare Optionen von 60 cm oder 75 cm, um Ihren Bed\u00fcrfnissen gerecht zu werden.<\/p>\n<p style=\"color: rgb(34, 34, 34); font-family: Arial, Helvetica, sans-serif; font-size: small;\">Hergestellt aus hochwertigem, marinegradigem Teakholz, ist dieser Tisch best\u00e4ndig gegen UV-Strahlen und raue Wetterbedingungen. Er zeichnet sich durch hervorragende Qualit\u00e4t und eine \u00fcberlegene Verarbeitung aus, erg\u00e4nzt durch langlebige Hardware aus Edelstahl 316.<\/p>\n<p style=\"color: rgb(34, 34, 34); font-family: Arial, Helvetica, sans-serif; font-size: small;\">Die klappbaren Fl\u00fcgel bieten zwei verschiedene Breiten: 40 cm im gefalteten Zustand und 80 cm, wenn sie vollst\u00e4ndig ausgeklappt sind. Dieses Design verbessert nicht nur die Funktionalit\u00e4t, sondern erm\u00f6glicht auch eine platzsparende Aufbewahrung. Nach dem Einklappen kann der Tisch bequem bewegt und verstaut werden.<\/p>\n<p style=\"color: rgb(34, 34, 34); font-family: Arial, Helvetica, sans-serif; font-size: small;\">Unsere Marine Business Kollektion umfasst handgefertigte Holztische und -st\u00fchle, die aus dem besten Teakholz gefertigt sind. Das ausgew\u00e4hlte Teakholz wird mit Marine\u00f6l behandelt, um zus\u00e4tzlichen UV-Schutz zu bieten, und sorgt f\u00fcr Langlebigkeit und Widerstandsf\u00e4higkeit. Wir verwenden einen farblosen Lack, um die nat\u00fcrliche Sch\u00f6nheit des Holzes hervorzuheben, was es ideal f\u00fcr Boote, Mega-Yachten, Schwimmb\u00e4der und Au\u00dfenbereiche macht.<\/p>\n<p style=\"color: rgb(34, 34, 34); font-family: Arial, Helvetica, sans-serif; font-size: small;\">Um Ihren Teakholztisch zu pflegen, reinigen Sie ihn einfach mit frischem Wasser und neutraler Seife unter Verwendung eines nat\u00fcrlichen Reinigungspads. Nach einem Jahr empfehlen wir, eine neue Schicht Teak\u00f6l aufzutragen. Verwenden Sie ein Tuch, um mehrere Schichten aufzutragen und lassen Sie zwischen jeder Schicht etwa 24 Stunden, damit das Holz das \u00d6l aufnehmen kann. Diese Behandlung hilft, das Holz vor Schmutz und Feuchtigkeit zu sch\u00fctzen.<\/p>\n<p style=\"color: rgb(34, 34, 34); font-family: Arial, Helvetica, sans-serif; font-size: small;\">Erleben Sie die perfekte Verbindung von Stil und Funktionalit\u00e4t mit unserem rechteckigen Klapptisch mit Fl\u00fcgeln.<\/p>\n","protected":false},"excerpt":{"rendered":"<p>Teak Klapptisch MB doppelter H\u00f6he &#8211; Wir pr\u00e4sentieren unseren rechteckigen Klapptisch mit Fl\u00fcgeln, erh\u00e4ltlich in Teakholz, mit den Ma\u00dfen 120\u00d740<\/p>\n","protected":false},"featured_media":5946723,"comment_status":"open","ping_status":"closed","template":"","meta":[],"product_brand":[3110],"product_cat":[1355],"product_tag":[],"class_list":{"0":"post-737948","1":"product","2":"type-product","3":"status-publish","4":"has-post-thumbnail","6":"product_brand-marine-business-mb-de","7":"product_cat-stuehle-und-tische","9":"first","10":"instock","11":"shipping-taxable","12":"purchasable","13":"product-type-simple"},"_links":{"self":[{"href":"https:\/\/stoic-curie.212-227-153-4.plesk.page\/de\/wp-json\/wp\/v2\/product\/737948","targetHints":{"allow":["GET"]}}],"collection":[{"href":"https:\/\/stoic-curie.212-227-153-4.plesk.page\/de\/wp-json\/wp\/v2\/product"}],"about":[{"href":"https:\/\/stoic-curie.212-227-153-4.plesk.page\/de\/wp-json\/wp\/v2\/types\/product"}],"replies":[{"embeddable":true,"href":"https:\/\/stoic-curie.212-227-153-4.plesk.page\/de\/wp-json\/wp\/v2\/comments?post=737948"}],"version-history":[{"count":0,"href":"https:\/\/stoic-curie.212-227-153-4.plesk.page\/de\/wp-json\/wp\/v2\/product\/737948\/revisions"}],"wp:featuredmedia":[{"embeddable":true,"href":"https:\/\/stoic-curie.212-227-153-4.plesk.page\/de\/wp-json\/wp\/v2\/media\/5946723"}],"wp:attachment":[{"href":"https:\/\/stoic-curie.212-227-153-4.plesk.page\/de\/wp-json\/wp\/v2\/media?parent=737948"}],"wp:term":[{"taxonomy":"product_brand","embeddable":true,"href":"https:\/\/stoic-curie.212-227-153-4.plesk.page\/de\/wp-json\/wp\/v2\/product_brand?post=737948"},{"taxonomy":"product_cat","embeddable":true,"href":"https:\/\/stoic-curie.212-227-153-4.plesk.page\/de\/wp-json\/wp\/v2\/product_cat?post=737948"},{"taxonomy":"product_tag","embeddable":true,"href":"https:\/\/stoic-curie.212-227-153-4.plesk.page\/de\/wp-json\/wp\/v2\/product_tag?post=737948"}],"curies":[{"name":"wp","href":"https:\/\/api.w.org\/{rel}","templated":true}]}}