{"id":738017,"date":"2025-03-03T17:42:22","date_gmt":"2025-03-03T16:42:22","guid":{"rendered":"https:\/\/stoic-curie.212-227-153-4.plesk.page\/producto\/teakholzklappstuhl-mb-blau-52-x-48-x-h90-cm\/"},"modified":"2026-02-24T23:35:15","modified_gmt":"2026-02-24T23:35:15","slug":"teakholzklappstuhl-mb-blau-52-x-48-x-h90-cm","status":"publish","type":"product","link":"https:\/\/stoic-curie.212-227-153-4.plesk.page\/de\/product\/teakholzklappstuhl-mb-blau-52-x-48-x-h90-cm\/","title":{"rendered":"Teakholzklappstuhl MB Blau 52 x 48 x H90 cm"},"content":{"rendered":"<p>Teakholzklappstuhl MB Blau 52 x 48 x H90 cm &#8211; <\/p>\n<p>Faltbare Regiest\u00fchle aus hochwertigem Teakholz f\u00fcr den maritimen Einsatz, widerstandsf\u00e4hig gegen UV-Strahlen. Edelstahlbeschl\u00e4ge und -schrauben, mit b\u00fcndigen Scharnieren und verst\u00e4rkter Unterst\u00fctzung. Rei\u00dffestes Olefin-Gewebe, das Wasser abweist, sonnenbest\u00e4ndig ist (verliert keine Farbe) und mit Bleichmittel gewaschen werden kann. Ersatzstoff in 5 Farben erh\u00e4ltlich.<\/p>\n","protected":false},"excerpt":{"rendered":"<p>Teakholzklappstuhl MB Blau 52 x 48 x H90 cm &#8211; Faltbare Regiest\u00fchle aus hochwertigem Teakholz f\u00fcr den maritimen Einsatz, widerstandsf\u00e4hig<\/p>\n","protected":false},"featured_media":5946733,"comment_status":"open","ping_status":"closed","template":"","meta":[],"product_brand":[3110],"product_cat":[1355],"product_tag":[],"class_list":{"0":"post-738017","1":"product","2":"type-product","3":"status-publish","4":"has-post-thumbnail","6":"product_brand-marine-business-mb-de","7":"product_cat-stuehle-und-tische","9":"first","10":"instock","11":"shipping-taxable","12":"purchasable","13":"product-type-simple"},"_links":{"self":[{"href":"https:\/\/stoic-curie.212-227-153-4.plesk.page\/de\/wp-json\/wp\/v2\/product\/738017","targetHints":{"allow":["GET"]}}],"collection":[{"href":"https:\/\/stoic-curie.212-227-153-4.plesk.page\/de\/wp-json\/wp\/v2\/product"}],"about":[{"href":"https:\/\/stoic-curie.212-227-153-4.plesk.page\/de\/wp-json\/wp\/v2\/types\/product"}],"replies":[{"embeddable":true,"href":"https:\/\/stoic-curie.212-227-153-4.plesk.page\/de\/wp-json\/wp\/v2\/comments?post=738017"}],"version-history":[{"count":0,"href":"https:\/\/stoic-curie.212-227-153-4.plesk.page\/de\/wp-json\/wp\/v2\/product\/738017\/revisions"}],"wp:featuredmedia":[{"embeddable":true,"href":"https:\/\/stoic-curie.212-227-153-4.plesk.page\/de\/wp-json\/wp\/v2\/media\/5946733"}],"wp:attachment":[{"href":"https:\/\/stoic-curie.212-227-153-4.plesk.page\/de\/wp-json\/wp\/v2\/media?parent=738017"}],"wp:term":[{"taxonomy":"product_brand","embeddable":true,"href":"https:\/\/stoic-curie.212-227-153-4.plesk.page\/de\/wp-json\/wp\/v2\/product_brand?post=738017"},{"taxonomy":"product_cat","embeddable":true,"href":"https:\/\/stoic-curie.212-227-153-4.plesk.page\/de\/wp-json\/wp\/v2\/product_cat?post=738017"},{"taxonomy":"product_tag","embeddable":true,"href":"https:\/\/stoic-curie.212-227-153-4.plesk.page\/de\/wp-json\/wp\/v2\/product_tag?post=738017"}],"curies":[{"name":"wp","href":"https:\/\/api.w.org\/{rel}","templated":true}]}}