{"id":738019,"date":"2025-03-03T17:42:23","date_gmt":"2025-03-03T16:42:23","guid":{"rendered":"https:\/\/stoic-curie.212-227-153-4.plesk.page\/producto\/teakholz-klapphocker-mb-blau\/"},"modified":"2026-02-24T23:35:15","modified_gmt":"2026-02-24T23:35:15","slug":"teakholz-klapphocker-mb-blau","status":"publish","type":"product","link":"https:\/\/stoic-curie.212-227-153-4.plesk.page\/de\/product\/teakholz-klapphocker-mb-blau\/","title":{"rendered":"Teakholz-Klapphocker MB Blau"},"content":{"rendered":"<p>Teakholz-Klapphocker MB Blau &#8211; <\/p>\n<p>Faltbarer Deckstuhl aus hochwertigem Teakholz f\u00fcr den maritimen Einsatz, widerstandsf\u00e4hig gegen UV-Strahlen. Ausgestattet mit rostfreiem Edelstahlzubeh\u00f6r und -schrauben sowie versenkten Scharnieren. Das rei\u00dffeste Olefin-Canvas sch\u00fctzt vor Wasser, ist sonnenbest\u00e4ndig (verblasst nicht) und kann sogar mit Bleichmittel gewaschen werden. Ersatzstoffe sind in 5 Farben erh\u00e4ltlich.<\/p>\n","protected":false},"excerpt":{"rendered":"<p>Teakholz-Klapphocker MB Blau &#8211; Faltbarer Deckstuhl aus hochwertigem Teakholz f\u00fcr den maritimen Einsatz, widerstandsf\u00e4hig gegen UV-Strahlen. Ausgestattet mit rostfreiem Edelstahlzubeh\u00f6r<\/p>\n","protected":false},"featured_media":5946734,"comment_status":"open","ping_status":"closed","template":"","meta":[],"product_brand":[3110],"product_cat":[1355],"product_tag":[],"class_list":{"0":"post-738019","1":"product","2":"type-product","3":"status-publish","4":"has-post-thumbnail","6":"product_brand-marine-business-mb-de","7":"product_cat-stuehle-und-tische","9":"first","10":"instock","11":"shipping-taxable","12":"purchasable","13":"product-type-simple"},"_links":{"self":[{"href":"https:\/\/stoic-curie.212-227-153-4.plesk.page\/de\/wp-json\/wp\/v2\/product\/738019","targetHints":{"allow":["GET"]}}],"collection":[{"href":"https:\/\/stoic-curie.212-227-153-4.plesk.page\/de\/wp-json\/wp\/v2\/product"}],"about":[{"href":"https:\/\/stoic-curie.212-227-153-4.plesk.page\/de\/wp-json\/wp\/v2\/types\/product"}],"replies":[{"embeddable":true,"href":"https:\/\/stoic-curie.212-227-153-4.plesk.page\/de\/wp-json\/wp\/v2\/comments?post=738019"}],"version-history":[{"count":0,"href":"https:\/\/stoic-curie.212-227-153-4.plesk.page\/de\/wp-json\/wp\/v2\/product\/738019\/revisions"}],"wp:featuredmedia":[{"embeddable":true,"href":"https:\/\/stoic-curie.212-227-153-4.plesk.page\/de\/wp-json\/wp\/v2\/media\/5946734"}],"wp:attachment":[{"href":"https:\/\/stoic-curie.212-227-153-4.plesk.page\/de\/wp-json\/wp\/v2\/media?parent=738019"}],"wp:term":[{"taxonomy":"product_brand","embeddable":true,"href":"https:\/\/stoic-curie.212-227-153-4.plesk.page\/de\/wp-json\/wp\/v2\/product_brand?post=738019"},{"taxonomy":"product_cat","embeddable":true,"href":"https:\/\/stoic-curie.212-227-153-4.plesk.page\/de\/wp-json\/wp\/v2\/product_cat?post=738019"},{"taxonomy":"product_tag","embeddable":true,"href":"https:\/\/stoic-curie.212-227-153-4.plesk.page\/de\/wp-json\/wp\/v2\/product_tag?post=738019"}],"curies":[{"name":"wp","href":"https:\/\/api.w.org\/{rel}","templated":true}]}}