{"id":738034,"date":"2025-03-03T17:42:27","date_gmt":"2025-03-03T16:42:27","guid":{"rendered":"https:\/\/stoic-curie.212-227-153-4.plesk.page\/producto\/segelhandschuhe-musto-performance-full-groesse-xs\/"},"modified":"2026-02-24T23:35:15","modified_gmt":"2026-02-24T23:35:15","slug":"segelhandschuhe-musto-performance-full-groesse-xs","status":"publish","type":"product","link":"https:\/\/stoic-curie.212-227-153-4.plesk.page\/de\/product\/segelhandschuhe-musto-performance-full-groesse-xs\/","title":{"rendered":"Segelhandschuhe Musto Performance Full &#8211; Gr\u00f6\u00dfe: XS"},"content":{"rendered":"<p>Segelhandschuhe Musto Performance Full &#8211; Gr\u00f6\u00dfe: XS &#8211; <\/p>\n<p>Musto Premium Performance Handschuhe aus leichtem 4-Wege-Stretch-Dynmesh machen eine atmungsaktive, anatomisch komfortable Passform mit voll funktionsf\u00e4higer Beweglichkeit m\u00f6glich. Das Dynamic Git-System erm\u00f6glicht eine uneingeschr\u00e4nkte Beweglichkeit der Kn\u00f6chel f\u00fcr maximalen Komfort. Eine GripFlex-Handfl\u00e4che sorgt f\u00fcr \u00fcberlegenen Halt mit einem verl\u00e4ngerten B\u00fcndchen f\u00fcr zus\u00e4tzlichen Schutz.<\/p>\n","protected":false},"excerpt":{"rendered":"<p>Segelhandschuhe Musto Performance Full &#8211; Gr\u00f6\u00dfe: XS &#8211; Musto Premium Performance Handschuhe aus leichtem 4-Wege-Stretch-Dynmesh machen eine atmungsaktive, anatomisch komfortable<\/p>\n","protected":false},"featured_media":3123458,"comment_status":"open","ping_status":"closed","template":"","meta":[],"product_brand":[2307,3155],"product_cat":[1567,1571],"product_tag":[],"class_list":{"0":"post-738034","1":"product","2":"type-product","3":"status-publish","4":"has-post-thumbnail","6":"product_brand-musto","7":"product_brand-musto-de","8":"product_cat-segelbekleidung-musto","9":"product_cat-segelhandschuhe","11":"first","12":"instock","13":"shipping-taxable","14":"purchasable","15":"product-type-simple"},"_links":{"self":[{"href":"https:\/\/stoic-curie.212-227-153-4.plesk.page\/de\/wp-json\/wp\/v2\/product\/738034","targetHints":{"allow":["GET"]}}],"collection":[{"href":"https:\/\/stoic-curie.212-227-153-4.plesk.page\/de\/wp-json\/wp\/v2\/product"}],"about":[{"href":"https:\/\/stoic-curie.212-227-153-4.plesk.page\/de\/wp-json\/wp\/v2\/types\/product"}],"replies":[{"embeddable":true,"href":"https:\/\/stoic-curie.212-227-153-4.plesk.page\/de\/wp-json\/wp\/v2\/comments?post=738034"}],"version-history":[{"count":0,"href":"https:\/\/stoic-curie.212-227-153-4.plesk.page\/de\/wp-json\/wp\/v2\/product\/738034\/revisions"}],"wp:featuredmedia":[{"embeddable":true,"href":"https:\/\/stoic-curie.212-227-153-4.plesk.page\/de\/wp-json\/wp\/v2\/media\/3123458"}],"wp:attachment":[{"href":"https:\/\/stoic-curie.212-227-153-4.plesk.page\/de\/wp-json\/wp\/v2\/media?parent=738034"}],"wp:term":[{"taxonomy":"product_brand","embeddable":true,"href":"https:\/\/stoic-curie.212-227-153-4.plesk.page\/de\/wp-json\/wp\/v2\/product_brand?post=738034"},{"taxonomy":"product_cat","embeddable":true,"href":"https:\/\/stoic-curie.212-227-153-4.plesk.page\/de\/wp-json\/wp\/v2\/product_cat?post=738034"},{"taxonomy":"product_tag","embeddable":true,"href":"https:\/\/stoic-curie.212-227-153-4.plesk.page\/de\/wp-json\/wp\/v2\/product_tag?post=738034"}],"curies":[{"name":"wp","href":"https:\/\/api.w.org\/{rel}","templated":true}]}}