{"id":738071,"date":"2025-03-03T17:42:39","date_gmt":"2025-03-03T16:42:39","guid":{"rendered":"https:\/\/stoic-curie.212-227-153-4.plesk.page\/producto\/ankerwinde-quick-dp2l-350w-12v-6mm-kette\/"},"modified":"2026-02-24T23:35:16","modified_gmt":"2026-02-24T23:35:16","slug":"ankerwinde-quick-dp2l-350w-12v-6mm-kette","status":"publish","type":"product","link":"https:\/\/stoic-curie.212-227-153-4.plesk.page\/de\/product\/ankerwinde-quick-dp2l-350w-12v-6mm-kette\/","title":{"rendered":"Ankerwinde Quick DP2L 350W 12v &#8211; 6mm Kette"},"content":{"rendered":"<p>Ankerwinde Quick DP2L 350W 12v &#8211; 6mm Kette &#8211; <\/p>\n<p style=\"color: rgb(34, 34, 34); font-family: Arial, Helvetica, sans-serif; font-size: small;\"><strong>Quick DP2L 770 Vertikales Windlass-Kit 12V 350W<\/strong><\/p>\n<p style=\"color: rgb(34, 34, 34); font-family: Arial, Helvetica, sans-serif; font-size: small;\">Das Quick DP2L 770 ist ein vertikales Windlass, das f\u00fcr Boote von sechs bis acht Metern (20-26 Fu\u00df) ausgelegt ist. Dieses Windlass verf\u00fcgt \u00fcber eine strapazierf\u00e4hige Basis aus rostfreiem Stahl AISI 316 und eine BHC-Konstruktion, die sowohl Seil als auch Kette auf einem einzigen Gypsy aufnehmen kann. Zu den bemerkenswerten Merkmalen geh\u00f6ren ein integrierter Sensor und Magnet f\u00fcr den Kettenz\u00e4hler, ein manuelles Free-Fall-System sowie ein wasserdichter Motor mit einer Schutzart von IP66. Auch das Getriebe besteht aus BHC-Material.<\/p>\n<p style=\"color: rgb(34, 34, 34); font-family: Arial, Helvetica, sans-serif; font-size: small;\"><strong>Spezifikationen:<\/strong><\/p>\n<ul style=\"color: rgb(34, 34, 34); font-family: Arial, Helvetica, sans-serif; font-size: small;\">\n<li><strong>Kettenkompatibilit\u00e4t:<\/strong> 6mm DIN 766, 6mm ISO<\/li>\n<li><strong>Seilkompatibilit\u00e4t:<\/strong> 1\/2 Zoll (12,7mm)<\/li>\n<li><strong>\u00c4u\u00dferer Durchmesser des Gypsy:<\/strong> 105mm (4-9\/64 Zoll)<\/li>\n<\/ul>\n<p style=\"color: rgb(34, 34, 34); font-family: Arial, Helvetica, sans-serif; font-size: small;\">Dieses Windlass-Kit enth\u00e4lt bronzene und rostfreie Stahlzugteile, einen Kettenz\u00e4hlsensor und ein manuelles Free-Fall-Kettensystem. Es verf\u00fcgt au\u00dferdem \u00fcber ein Notfall-Manuell-Hub-System und einen Druckhebel. Das Kit wird mit einem Steuerkasten und einem Griff geliefert, um die Handhabung zu erleichtern.<\/p>\n<p style=\"color: rgb(34, 34, 34); font-family: Arial, Helvetica, sans-serif; font-size: small;\"><strong>Hauptmerkmale:<\/strong><\/p>\n<ul style=\"color: rgb(34, 34, 34); font-family: Arial, Helvetica, sans-serif; font-size: small;\">\n<li>Vertikales Windlass-Design<\/li>\n<li>Rostfreie Stahlbasis AISI 316 und BHC-Konstruktion<\/li>\n<li>Einzelner Gypsy f\u00fcr Seil und Kette<\/li>\n<li>Integrierter Sensor und Magnet f\u00fcr den Kettenz\u00e4hler<\/li>\n<li>Manuelles Free-Fall-System<\/li>\n<li>Geliefert mit Druckhebel und Inspektionsdeckel<\/li>\n<li>Motor wasserdicht nach IP66<\/li>\n<li>BHC-Material-Getriebe<\/li>\n<\/ul>\n<p style=\"color: rgb(34, 34, 34); font-family: Arial, Helvetica, sans-serif; font-size: small;\">Das Quick DP2L 770 12V 350W vertikale Windlass-Kit ist ideal f\u00fcr Boote mit einer L\u00e4nge von sechs bis acht Metern (20-26 Fu\u00df). Das Kit umfasst die folgenden Produkte von Quick:<\/p>\n<ul style=\"color: rgb(34, 34, 34); font-family: Arial, Helvetica, sans-serif; font-size: small;\">\n<li><strong>Quick DP2L 12V 350W Vertikales Windlass mit 6mm Gypsy<\/strong><\/li>\n<\/ul>\n<p style=\"color: rgb(34, 34, 34); font-family: Arial, Helvetica, sans-serif; font-size: small;\">Dieses Windlass ist mit einer Basis aus rostfreiem Stahl AISI 316 und BHC-Material konstruiert und verf\u00fcgt \u00fcber einen einzelnen Gypsy f\u00fcr Seil und Kette. Es beinhaltet auch einen integrierten Sensor und Magnet f\u00fcr den Kettenz\u00e4hler, ein manuelles Free-Fall-System und einen wasserdichten Motor mit einem Schutzgrad von IP66.<\/p>\n<p style=\"color: rgb(34, 34, 34); font-family: Arial, Helvetica, sans-serif; font-size: small;\"><strong>Spezifikationen:<\/strong><\/p>\n<ul style=\"color: rgb(34, 34, 34); font-family: Arial, Helvetica, sans-serif; font-size: small;\">\n<li><strong>Hauptkonstruktion:<\/strong> Rostfreier Stahl<\/li>\n<li><strong>Geeignet f\u00fcr:<\/strong> Kette und Seil<\/li>\n<li><strong>Bootsgr\u00f6\u00dfe:<\/strong> 6 bis 8 Meter L\u00e4nge<\/li>\n<li><strong>Gypsy-Gr\u00f6\u00dfe:<\/strong> 6mm<\/li>\n<li><strong>Marke:<\/strong> Quick<\/li>\n<li><strong>Serie:<\/strong> Prince DP2L<\/li>\n<li><strong>Modell:<\/strong> DP2L 770<\/li>\n<li><strong>Spannung:<\/strong> 12V DC<\/li>\n<li><strong>Leistung:<\/strong> 350W<\/li>\n<li><strong>Inhalt:<\/strong> DP2L 12V 350W Vertikales Windlass mit 6mm Gypsy, WCS810 Steuerpanel, 10040 Sicherungsautomat, Fu\u00dfschalter Hoch (Schwarz), Fu\u00dfschalter Runter (Schwarz)<\/li>\n<\/ul>\n","protected":false},"excerpt":{"rendered":"<p>Ankerwinde Quick DP2L 350W 12v &#8211; 6mm Kette &#8211; Quick DP2L 770 Vertikales Windlass-Kit 12V 350W Das Quick DP2L 770<\/p>\n","protected":false},"featured_media":5946865,"comment_status":"open","ping_status":"closed","template":"","meta":[],"product_brand":[3280],"product_cat":[1324],"product_tag":[],"class_list":{"0":"post-738071","1":"product","2":"type-product","3":"status-publish","4":"has-post-thumbnail","6":"product_brand-quick-de","7":"product_cat-ankerwinden-quick","9":"first","10":"instock","11":"shipping-taxable","12":"purchasable","13":"product-type-simple"},"_links":{"self":[{"href":"https:\/\/stoic-curie.212-227-153-4.plesk.page\/de\/wp-json\/wp\/v2\/product\/738071","targetHints":{"allow":["GET"]}}],"collection":[{"href":"https:\/\/stoic-curie.212-227-153-4.plesk.page\/de\/wp-json\/wp\/v2\/product"}],"about":[{"href":"https:\/\/stoic-curie.212-227-153-4.plesk.page\/de\/wp-json\/wp\/v2\/types\/product"}],"replies":[{"embeddable":true,"href":"https:\/\/stoic-curie.212-227-153-4.plesk.page\/de\/wp-json\/wp\/v2\/comments?post=738071"}],"version-history":[{"count":0,"href":"https:\/\/stoic-curie.212-227-153-4.plesk.page\/de\/wp-json\/wp\/v2\/product\/738071\/revisions"}],"wp:featuredmedia":[{"embeddable":true,"href":"https:\/\/stoic-curie.212-227-153-4.plesk.page\/de\/wp-json\/wp\/v2\/media\/5946865"}],"wp:attachment":[{"href":"https:\/\/stoic-curie.212-227-153-4.plesk.page\/de\/wp-json\/wp\/v2\/media?parent=738071"}],"wp:term":[{"taxonomy":"product_brand","embeddable":true,"href":"https:\/\/stoic-curie.212-227-153-4.plesk.page\/de\/wp-json\/wp\/v2\/product_brand?post=738071"},{"taxonomy":"product_cat","embeddable":true,"href":"https:\/\/stoic-curie.212-227-153-4.plesk.page\/de\/wp-json\/wp\/v2\/product_cat?post=738071"},{"taxonomy":"product_tag","embeddable":true,"href":"https:\/\/stoic-curie.212-227-153-4.plesk.page\/de\/wp-json\/wp\/v2\/product_tag?post=738071"}],"curies":[{"name":"wp","href":"https:\/\/api.w.org\/{rel}","templated":true}]}}