{"id":738072,"date":"2025-03-03T17:42:39","date_gmt":"2025-03-03T16:42:39","guid":{"rendered":"https:\/\/stoic-curie.212-227-153-4.plesk.page\/producto\/polo-musto-evolution-sunblock-white-groesse-s\/"},"modified":"2026-02-24T23:35:16","modified_gmt":"2026-02-24T23:35:16","slug":"polo-musto-evolution-sunblock-white-groesse-s","status":"publish","type":"product","link":"https:\/\/stoic-curie.212-227-153-4.plesk.page\/de\/product\/polo-musto-evolution-sunblock-white-groesse-s\/","title":{"rendered":"Polo Musto Evolution Sunblock White &#8211; Gr\u00f6\u00dfe : S"},"content":{"rendered":"<p>Polo Musto Evolution Sunblock White &#8211; Gr\u00f6\u00dfe : S &#8211; <\/p>\n<p>Das Musto Evolution Sunblock Polo bietet eine bemerkenswerte Konstruktion aus UPF40-Polyester und Elastan f\u00fcr maximalen Schutz bei starker Sonneneinstrahlung. Flach gen\u00e4hte N\u00e4hte sind kaum sp\u00fcrbar auf Ihrer Haut und sorgen f\u00fcr Komfort.<\/p>\n","protected":false},"excerpt":{"rendered":"<p>Polo Musto Evolution Sunblock White &#8211; Gr\u00f6\u00dfe : S &#8211; Das Musto Evolution Sunblock Polo bietet eine bemerkenswerte Konstruktion aus<\/p>\n","protected":false},"featured_media":5946867,"comment_status":"open","ping_status":"closed","template":"","meta":[],"product_brand":[2307,3155],"product_cat":[3911],"product_tag":[],"class_list":{"0":"post-738072","1":"product","2":"type-product","3":"status-publish","4":"has-post-thumbnail","6":"product_brand-musto","7":"product_brand-musto-de","8":"product_cat-accessories","10":"first","11":"instock","12":"shipping-taxable","13":"purchasable","14":"product-type-simple"},"_links":{"self":[{"href":"https:\/\/stoic-curie.212-227-153-4.plesk.page\/de\/wp-json\/wp\/v2\/product\/738072","targetHints":{"allow":["GET"]}}],"collection":[{"href":"https:\/\/stoic-curie.212-227-153-4.plesk.page\/de\/wp-json\/wp\/v2\/product"}],"about":[{"href":"https:\/\/stoic-curie.212-227-153-4.plesk.page\/de\/wp-json\/wp\/v2\/types\/product"}],"replies":[{"embeddable":true,"href":"https:\/\/stoic-curie.212-227-153-4.plesk.page\/de\/wp-json\/wp\/v2\/comments?post=738072"}],"version-history":[{"count":0,"href":"https:\/\/stoic-curie.212-227-153-4.plesk.page\/de\/wp-json\/wp\/v2\/product\/738072\/revisions"}],"wp:featuredmedia":[{"embeddable":true,"href":"https:\/\/stoic-curie.212-227-153-4.plesk.page\/de\/wp-json\/wp\/v2\/media\/5946867"}],"wp:attachment":[{"href":"https:\/\/stoic-curie.212-227-153-4.plesk.page\/de\/wp-json\/wp\/v2\/media?parent=738072"}],"wp:term":[{"taxonomy":"product_brand","embeddable":true,"href":"https:\/\/stoic-curie.212-227-153-4.plesk.page\/de\/wp-json\/wp\/v2\/product_brand?post=738072"},{"taxonomy":"product_cat","embeddable":true,"href":"https:\/\/stoic-curie.212-227-153-4.plesk.page\/de\/wp-json\/wp\/v2\/product_cat?post=738072"},{"taxonomy":"product_tag","embeddable":true,"href":"https:\/\/stoic-curie.212-227-153-4.plesk.page\/de\/wp-json\/wp\/v2\/product_tag?post=738072"}],"curies":[{"name":"wp","href":"https:\/\/api.w.org\/{rel}","templated":true}]}}