{"id":738078,"date":"2025-03-03T17:42:41","date_gmt":"2025-03-03T16:42:41","guid":{"rendered":"https:\/\/stoic-curie.212-227-153-4.plesk.page\/producto\/unterwasser-led-licht-atwood-weiss-102-x-54mm-10-w-800-lumen\/"},"modified":"2026-02-24T23:35:16","modified_gmt":"2026-02-24T23:35:16","slug":"unterwasser-led-licht-atwood-weiss-102-x-54mm-10-w-800-lumen","status":"publish","type":"product","link":"https:\/\/stoic-curie.212-227-153-4.plesk.page\/de\/product\/unterwasser-led-licht-atwood-weiss-102-x-54mm-10-w-800-lumen\/","title":{"rendered":"Unterwasser-LED-Licht Atwood Wei\u00df 102 x 54mm 10 W 800 Lumen"},"content":{"rendered":"<p>Unterwasser-LED-Licht Atwood Wei\u00df 102 x 54mm 10 W 800 Lumen &#8211; <\/p>\n<p>LED Unterwasserleuchte mit schockfestem Polymergeh\u00e4use und Abdeckung aus 316 Edelstahl. Erweiterter Lichtkegel von 80\u00c2\u00b0 mit splitterfesten, UV-best\u00e4ndigen Linsen und in Gel getauchten, versiegelten Elektronikkomponenten. Installation unterhalb der Wasserlinie mit 14 mm Loch und 2 Befestigungsschrauben. Integrierter Treiber mit circuit-schutz gegen \u00dcberspannungen und Polaritit\u00e4tsumkehr. Achtung: Leuchten m\u00fcssen immer unter Wasser installiert werden, um \u00dcberhitzung zu vermeiden.<\/p>\n","protected":false},"excerpt":{"rendered":"<p>Unterwasser-LED-Licht Atwood Wei\u00df 102 x 54mm 10 W 800 Lumen &#8211; LED Unterwasserleuchte mit schockfestem Polymergeh\u00e4use und Abdeckung aus 316<\/p>\n","protected":false},"featured_media":5946882,"comment_status":"open","ping_status":"closed","template":"","meta":[],"product_brand":[2805],"product_cat":[1444],"product_tag":[],"class_list":{"0":"post-738078","1":"product","2":"type-product","3":"status-publish","4":"has-post-thumbnail","6":"product_brand-attwood-de","7":"product_cat-unterwasser-led-leuchten","9":"first","10":"instock","11":"shipping-taxable","12":"purchasable","13":"product-type-simple"},"_links":{"self":[{"href":"https:\/\/stoic-curie.212-227-153-4.plesk.page\/de\/wp-json\/wp\/v2\/product\/738078","targetHints":{"allow":["GET"]}}],"collection":[{"href":"https:\/\/stoic-curie.212-227-153-4.plesk.page\/de\/wp-json\/wp\/v2\/product"}],"about":[{"href":"https:\/\/stoic-curie.212-227-153-4.plesk.page\/de\/wp-json\/wp\/v2\/types\/product"}],"replies":[{"embeddable":true,"href":"https:\/\/stoic-curie.212-227-153-4.plesk.page\/de\/wp-json\/wp\/v2\/comments?post=738078"}],"version-history":[{"count":0,"href":"https:\/\/stoic-curie.212-227-153-4.plesk.page\/de\/wp-json\/wp\/v2\/product\/738078\/revisions"}],"wp:featuredmedia":[{"embeddable":true,"href":"https:\/\/stoic-curie.212-227-153-4.plesk.page\/de\/wp-json\/wp\/v2\/media\/5946882"}],"wp:attachment":[{"href":"https:\/\/stoic-curie.212-227-153-4.plesk.page\/de\/wp-json\/wp\/v2\/media?parent=738078"}],"wp:term":[{"taxonomy":"product_brand","embeddable":true,"href":"https:\/\/stoic-curie.212-227-153-4.plesk.page\/de\/wp-json\/wp\/v2\/product_brand?post=738078"},{"taxonomy":"product_cat","embeddable":true,"href":"https:\/\/stoic-curie.212-227-153-4.plesk.page\/de\/wp-json\/wp\/v2\/product_cat?post=738078"},{"taxonomy":"product_tag","embeddable":true,"href":"https:\/\/stoic-curie.212-227-153-4.plesk.page\/de\/wp-json\/wp\/v2\/product_tag?post=738078"}],"curies":[{"name":"wp","href":"https:\/\/api.w.org\/{rel}","templated":true}]}}