{"id":738088,"date":"2025-03-03T17:42:44","date_gmt":"2025-03-03T16:42:44","guid":{"rendered":"https:\/\/stoic-curie.212-227-153-4.plesk.page\/producto\/schwarzes-edelstahl-gelaender-roca-25-x-900-x-h75mm-m6\/"},"modified":"2026-02-24T23:35:16","modified_gmt":"2026-02-24T23:35:16","slug":"schwarzes-edelstahl-gelaender-roca-25-x-900-x-h75mm-m6","status":"publish","type":"product","link":"https:\/\/stoic-curie.212-227-153-4.plesk.page\/de\/product\/schwarzes-edelstahl-gelaender-roca-25-x-900-x-h75mm-m6\/","title":{"rendered":"Schwarzes Edelstahl-Gel\u00e4nder Roca 25 x 900 x H75mm (M6)"},"content":{"rendered":"<p>Schwarzes Edelstahl-Gel\u00e4nder Roca 25 x 900 x H75mm (M6) &#8211; <\/p>\n<p>Schwarzes Handlauf aus rostfreiem Edelstahl 316. Gewindeeins\u00e4tze erm\u00f6glichen eine einfache Montage durch das Deck.<\/p>\n","protected":false},"excerpt":{"rendered":"<p>Schwarzes Edelstahl-Gel\u00e4nder Roca 25 x 900 x H75mm (M6) &#8211; Schwarzes Handlauf aus rostfreiem Edelstahl 316. Gewindeeins\u00e4tze erm\u00f6glichen eine einfache<\/p>\n","protected":false},"featured_media":5946887,"comment_status":"open","ping_status":"closed","template":"","meta":[],"product_brand":[3315],"product_cat":[1420],"product_tag":[],"class_list":{"0":"post-738088","1":"product","2":"type-product","3":"status-publish","4":"has-post-thumbnail","6":"product_brand-roca-marine-de","7":"product_cat-handlaeufe","9":"first","10":"instock","11":"shipping-taxable","12":"purchasable","13":"product-type-simple"},"_links":{"self":[{"href":"https:\/\/stoic-curie.212-227-153-4.plesk.page\/de\/wp-json\/wp\/v2\/product\/738088","targetHints":{"allow":["GET"]}}],"collection":[{"href":"https:\/\/stoic-curie.212-227-153-4.plesk.page\/de\/wp-json\/wp\/v2\/product"}],"about":[{"href":"https:\/\/stoic-curie.212-227-153-4.plesk.page\/de\/wp-json\/wp\/v2\/types\/product"}],"replies":[{"embeddable":true,"href":"https:\/\/stoic-curie.212-227-153-4.plesk.page\/de\/wp-json\/wp\/v2\/comments?post=738088"}],"version-history":[{"count":0,"href":"https:\/\/stoic-curie.212-227-153-4.plesk.page\/de\/wp-json\/wp\/v2\/product\/738088\/revisions"}],"wp:featuredmedia":[{"embeddable":true,"href":"https:\/\/stoic-curie.212-227-153-4.plesk.page\/de\/wp-json\/wp\/v2\/media\/5946887"}],"wp:attachment":[{"href":"https:\/\/stoic-curie.212-227-153-4.plesk.page\/de\/wp-json\/wp\/v2\/media?parent=738088"}],"wp:term":[{"taxonomy":"product_brand","embeddable":true,"href":"https:\/\/stoic-curie.212-227-153-4.plesk.page\/de\/wp-json\/wp\/v2\/product_brand?post=738088"},{"taxonomy":"product_cat","embeddable":true,"href":"https:\/\/stoic-curie.212-227-153-4.plesk.page\/de\/wp-json\/wp\/v2\/product_cat?post=738088"},{"taxonomy":"product_tag","embeddable":true,"href":"https:\/\/stoic-curie.212-227-153-4.plesk.page\/de\/wp-json\/wp\/v2\/product_tag?post=738088"}],"curies":[{"name":"wp","href":"https:\/\/api.w.org\/{rel}","templated":true}]}}