{"id":738090,"date":"2025-03-03T17:42:44","date_gmt":"2025-03-03T16:42:44","guid":{"rendered":"https:\/\/stoic-curie.212-227-153-4.plesk.page\/producto\/schwarze-roca-rakego-klappbare-stuetze-fuer-tische-402mm-120kg\/"},"modified":"2026-02-24T23:35:16","modified_gmt":"2026-02-24T23:35:16","slug":"schwarze-roca-rakego-klappbare-stuetze-fuer-tische-402mm-120kg","status":"publish","type":"product","link":"https:\/\/stoic-curie.212-227-153-4.plesk.page\/de\/product\/schwarze-roca-rakego-klappbare-stuetze-fuer-tische-402mm-120kg\/","title":{"rendered":"Schwarze Roca Rakego Klappbare St\u00fctze f\u00fcr Tische 402mm 120kg"},"content":{"rendered":"<p>Schwarze Roca Rakego Klappbare St\u00fctze f\u00fcr Tische 402mm 120kg &#8211; <\/p>\n<p>Roca Rakego satin oder schwarz eloxierte Aluminium-Faltetische und Regalst\u00fctzen. Sehr vielseitig, passen sie sich dank des teleskopierbaren Stiels und des Snap-Verschlussmechanismus jeder Position und jedem Bedarf an.<\/p>\n","protected":false},"excerpt":{"rendered":"<p>Schwarze Roca Rakego Klappbare St\u00fctze f\u00fcr Tische 402mm 120kg &#8211; Roca Rakego satin oder schwarz eloxierte Aluminium-Faltetische und Regalst\u00fctzen. Sehr<\/p>\n","protected":false},"featured_media":5946888,"comment_status":"open","ping_status":"closed","template":"","meta":[],"product_brand":[3315],"product_cat":[1355],"product_tag":[],"class_list":{"0":"post-738090","1":"product","2":"type-product","3":"status-publish","4":"has-post-thumbnail","6":"product_brand-roca-marine-de","7":"product_cat-stuehle-und-tische","9":"first","10":"instock","11":"shipping-taxable","12":"purchasable","13":"product-type-simple"},"_links":{"self":[{"href":"https:\/\/stoic-curie.212-227-153-4.plesk.page\/de\/wp-json\/wp\/v2\/product\/738090","targetHints":{"allow":["GET"]}}],"collection":[{"href":"https:\/\/stoic-curie.212-227-153-4.plesk.page\/de\/wp-json\/wp\/v2\/product"}],"about":[{"href":"https:\/\/stoic-curie.212-227-153-4.plesk.page\/de\/wp-json\/wp\/v2\/types\/product"}],"replies":[{"embeddable":true,"href":"https:\/\/stoic-curie.212-227-153-4.plesk.page\/de\/wp-json\/wp\/v2\/comments?post=738090"}],"version-history":[{"count":0,"href":"https:\/\/stoic-curie.212-227-153-4.plesk.page\/de\/wp-json\/wp\/v2\/product\/738090\/revisions"}],"wp:featuredmedia":[{"embeddable":true,"href":"https:\/\/stoic-curie.212-227-153-4.plesk.page\/de\/wp-json\/wp\/v2\/media\/5946888"}],"wp:attachment":[{"href":"https:\/\/stoic-curie.212-227-153-4.plesk.page\/de\/wp-json\/wp\/v2\/media?parent=738090"}],"wp:term":[{"taxonomy":"product_brand","embeddable":true,"href":"https:\/\/stoic-curie.212-227-153-4.plesk.page\/de\/wp-json\/wp\/v2\/product_brand?post=738090"},{"taxonomy":"product_cat","embeddable":true,"href":"https:\/\/stoic-curie.212-227-153-4.plesk.page\/de\/wp-json\/wp\/v2\/product_cat?post=738090"},{"taxonomy":"product_tag","embeddable":true,"href":"https:\/\/stoic-curie.212-227-153-4.plesk.page\/de\/wp-json\/wp\/v2\/product_tag?post=738090"}],"curies":[{"name":"wp","href":"https:\/\/api.w.org\/{rel}","templated":true}]}}