{"id":738123,"date":"2025-03-03T17:45:27","date_gmt":"2025-03-03T16:45:27","guid":{"rendered":"https:\/\/stoic-curie.212-227-153-4.plesk.page\/producto\/orca-anker-55kg\/"},"modified":"2026-02-24T23:35:16","modified_gmt":"2026-02-24T23:35:16","slug":"orca-anker-55kg","status":"publish","type":"product","link":"https:\/\/stoic-curie.212-227-153-4.plesk.page\/de\/product\/orca-anker-55kg\/","title":{"rendered":"Orca Anker 55kg"},"content":{"rendered":"<p>Orca Anker 55kg &#8211; <\/p>\n<p style=\"color: rgb(34, 34, 34); font-family: Arial, Helvetica, sans-serif; font-size: small;\">Wir freuen uns, unseren speziellen verzinkten Stahl-Schnellzuganker vorzustellen, der fachm\u00e4nnisch f\u00fcr verschiedene Grundbeschaffenheiten gefertigt und mit jedem Boot kompatibel ist. Dieser Anker ist mit einem Rollb\u00fcgel und einem Gewichtverteilungssystem ausgestattet, das einen idealen Eindringwinkel gew\u00e4hrleistet. Seine expansive konkave Oberfl\u00e4che bietet au\u00dfergew\u00f6hnliche Haltekraft.<\/p>\n<p style=\"color: rgb(34, 34, 34); font-family: Arial, Helvetica, sans-serif; font-size: small;\">Hergestellt aus hochwertigem verzinktem Manganstahl, ist dieser einteilige Anker daf\u00fcr konzipiert, sich selbst zu starten. Er ist so konstruiert, dass er frei von der Bugrolle f\u00e4llt, was ihn zu einer ausgezeichneten Wahl f\u00fcr den Einsatz mit fernbedienten Ankerwinden macht. Der betr\u00e4chtliche Ballast im Zehenbereich sorgt daf\u00fcr, dass er beim Kontakt mit dem Grund aktiv wird.<\/p>\n<p style=\"color: rgb(34, 34, 34); font-family: Arial, Helvetica, sans-serif; font-size: small;\">Mit einem niedrigen Schwerpunkt und einem selbstaufrichtenden Design, setzt der Delta-Anker schnell und erm\u00f6glicht ein effektives Ankern ohne Risiko des Abrutschens.<\/p>\n<p style=\"color: rgb(34, 34, 34); font-family: Arial, Helvetica, sans-serif; font-size: small;\">Zu den bemerkenswerten Eigenschaften geh\u00f6ren:<\/p>\n<ul style=\"color: rgb(34, 34, 34); font-family: Arial, Helvetica, sans-serif; font-size: small;\">\n<li>Hochwertige Konstruktion aus verzinktem Manganstahl<\/li>\n<li>Einzigartiges Schaftprofil<\/li>\n<li>Ballastierter Spitzenbereich<\/li>\n<li>Selbststartende F\u00e4higkeit<\/li>\n<li>Niedriger Schwerpunkt<\/li>\n<li>Selbstaufrichtendes Design<\/li>\n<li>Schnelle Setzf\u00e4higkeit<\/li>\n<li>Konstante und zuverl\u00e4ssige Leistung<\/li>\n<\/ul>\n<p style=\"color: rgb(34, 34, 34); font-family: Arial, Helvetica, sans-serif; font-size: small;\">Dieser Anker ist eine hervorragende Wahl f\u00fcr Bootsbegeisterte, die Wert auf Qualit\u00e4t und Zuverl\u00e4ssigkeit legen.<\/p>\n","protected":false},"excerpt":{"rendered":"<p>Orca Anker 55kg &#8211; Wir freuen uns, unseren speziellen verzinkten Stahl-Schnellzuganker vorzustellen, der fachm\u00e4nnisch f\u00fcr verschiedene Grundbeschaffenheiten gefertigt und mit<\/p>\n","protected":false},"featured_media":5946932,"comment_status":"open","ping_status":"closed","template":"","meta":[],"product_brand":[3085],"product_cat":[1579],"product_tag":[],"class_list":{"0":"post-738123","1":"product","2":"type-product","3":"status-publish","4":"has-post-thumbnail","6":"product_brand-maggigroup-de","7":"product_cat-anker-delta","9":"first","10":"instock","11":"shipping-taxable","12":"purchasable","13":"product-type-simple"},"_links":{"self":[{"href":"https:\/\/stoic-curie.212-227-153-4.plesk.page\/de\/wp-json\/wp\/v2\/product\/738123","targetHints":{"allow":["GET"]}}],"collection":[{"href":"https:\/\/stoic-curie.212-227-153-4.plesk.page\/de\/wp-json\/wp\/v2\/product"}],"about":[{"href":"https:\/\/stoic-curie.212-227-153-4.plesk.page\/de\/wp-json\/wp\/v2\/types\/product"}],"replies":[{"embeddable":true,"href":"https:\/\/stoic-curie.212-227-153-4.plesk.page\/de\/wp-json\/wp\/v2\/comments?post=738123"}],"version-history":[{"count":0,"href":"https:\/\/stoic-curie.212-227-153-4.plesk.page\/de\/wp-json\/wp\/v2\/product\/738123\/revisions"}],"wp:featuredmedia":[{"embeddable":true,"href":"https:\/\/stoic-curie.212-227-153-4.plesk.page\/de\/wp-json\/wp\/v2\/media\/5946932"}],"wp:attachment":[{"href":"https:\/\/stoic-curie.212-227-153-4.plesk.page\/de\/wp-json\/wp\/v2\/media?parent=738123"}],"wp:term":[{"taxonomy":"product_brand","embeddable":true,"href":"https:\/\/stoic-curie.212-227-153-4.plesk.page\/de\/wp-json\/wp\/v2\/product_brand?post=738123"},{"taxonomy":"product_cat","embeddable":true,"href":"https:\/\/stoic-curie.212-227-153-4.plesk.page\/de\/wp-json\/wp\/v2\/product_cat?post=738123"},{"taxonomy":"product_tag","embeddable":true,"href":"https:\/\/stoic-curie.212-227-153-4.plesk.page\/de\/wp-json\/wp\/v2\/product_tag?post=738123"}],"curies":[{"name":"wp","href":"https:\/\/api.w.org\/{rel}","templated":true}]}}