{"id":738129,"date":"2025-03-03T17:45:29","date_gmt":"2025-03-03T16:45:29","guid":{"rendered":"https:\/\/stoic-curie.212-227-153-4.plesk.page\/producto\/orca-anker-10kg\/"},"modified":"2026-02-24T23:35:16","modified_gmt":"2026-02-24T23:35:16","slug":"orca-anker-10kg","status":"publish","type":"product","link":"https:\/\/stoic-curie.212-227-153-4.plesk.page\/de\/product\/orca-anker-10kg\/","title":{"rendered":"Orca Anker 10kg"},"content":{"rendered":"<p>Orca Anker 10kg &#8211; <\/p>\n<p style=\"color: rgb(34, 34, 34); font-family: Arial, Helvetica, sans-serif; font-size: small;\">Wir freuen uns, unseren speziellen verchromten Stahl-Anker mit Schnellzuggriff vorzustellen, der f\u00fcr verschiedene Meeresbodenbedingungen konzipiert ist und f\u00fcr alle Schiffsarten geeignet ist. Das Rollbar-System und die Gewichtsverteilung sorgen f\u00fcr eine optimale Eindringtiefe, w\u00e4hrend die gro\u00dfe konkave Oberfl\u00e4che eine starke Haltekraft bietet.<\/p>\n<p style=\"color: rgb(34, 34, 34); font-family: Arial, Helvetica, sans-serif; font-size: small;\">Der Anker besteht aus hochwertigem galvanisiertem Manganstahl, ist einteilig und l\u00e4sst sich leicht von Bugrollen aus einsetzen. Sein schwerer Ballast im Fu\u00dfbereich erm\u00f6glicht ein schnelles Sichern am Meeresboden.<\/p>\n<p style=\"color: rgb(34, 34, 34); font-family: Arial, Helvetica, sans-serif; font-size: small;\">Die wichtigsten Eigenschaften sind:<\/p>\n<ul style=\"color: rgb(34, 34, 34); font-family: Arial, Helvetica, sans-serif; font-size: small;\">\n<li>Hochwertiger galvanisierter Manganstahl<\/li>\n<li>Einzigartiges Schaftprofil<\/li>\n<li>Ballastierte Spitze<\/li>\n<li>Selbststartende F\u00e4higkeit<\/li>\n<li>Niedriger Schwerpunkt<\/li>\n<li>Selbstaufrichtendes Design<\/li>\n<li>Schnelle Setzf\u00e4higkeit<\/li>\n<li>Zuverl\u00e4ssige Leistung<\/li>\n<\/ul>\n<p style=\"color: rgb(34, 34, 34); font-family: Arial, Helvetica, sans-serif; font-size: small;\">Dieser Anker ist eine ausgezeichnete Wahl f\u00fcr Boots-Enthusiasten, die Qualit\u00e4t und Zuverl\u00e4ssigkeit sch\u00e4tzen.<\/p>\n","protected":false},"excerpt":{"rendered":"<p>Orca Anker 10kg &#8211; Wir freuen uns, unseren speziellen verchromten Stahl-Anker mit Schnellzuggriff vorzustellen, der f\u00fcr verschiedene Meeresbodenbedingungen konzipiert ist<\/p>\n","protected":false},"featured_media":5946933,"comment_status":"open","ping_status":"closed","template":"","meta":[],"product_brand":[3085],"product_cat":[1579],"product_tag":[],"class_list":{"0":"post-738129","1":"product","2":"type-product","3":"status-publish","4":"has-post-thumbnail","6":"product_brand-maggigroup-de","7":"product_cat-anker-delta","9":"first","10":"instock","11":"shipping-taxable","12":"purchasable","13":"product-type-simple"},"_links":{"self":[{"href":"https:\/\/stoic-curie.212-227-153-4.plesk.page\/de\/wp-json\/wp\/v2\/product\/738129","targetHints":{"allow":["GET"]}}],"collection":[{"href":"https:\/\/stoic-curie.212-227-153-4.plesk.page\/de\/wp-json\/wp\/v2\/product"}],"about":[{"href":"https:\/\/stoic-curie.212-227-153-4.plesk.page\/de\/wp-json\/wp\/v2\/types\/product"}],"replies":[{"embeddable":true,"href":"https:\/\/stoic-curie.212-227-153-4.plesk.page\/de\/wp-json\/wp\/v2\/comments?post=738129"}],"version-history":[{"count":0,"href":"https:\/\/stoic-curie.212-227-153-4.plesk.page\/de\/wp-json\/wp\/v2\/product\/738129\/revisions"}],"wp:featuredmedia":[{"embeddable":true,"href":"https:\/\/stoic-curie.212-227-153-4.plesk.page\/de\/wp-json\/wp\/v2\/media\/5946933"}],"wp:attachment":[{"href":"https:\/\/stoic-curie.212-227-153-4.plesk.page\/de\/wp-json\/wp\/v2\/media?parent=738129"}],"wp:term":[{"taxonomy":"product_brand","embeddable":true,"href":"https:\/\/stoic-curie.212-227-153-4.plesk.page\/de\/wp-json\/wp\/v2\/product_brand?post=738129"},{"taxonomy":"product_cat","embeddable":true,"href":"https:\/\/stoic-curie.212-227-153-4.plesk.page\/de\/wp-json\/wp\/v2\/product_cat?post=738129"},{"taxonomy":"product_tag","embeddable":true,"href":"https:\/\/stoic-curie.212-227-153-4.plesk.page\/de\/wp-json\/wp\/v2\/product_tag?post=738129"}],"curies":[{"name":"wp","href":"https:\/\/api.w.org\/{rel}","templated":true}]}}