{"id":738148,"date":"2025-03-03T17:45:33","date_gmt":"2025-03-03T16:45:33","guid":{"rendered":"https:\/\/stoic-curie.212-227-153-4.plesk.page\/producto\/anker-hall-75-kg\/"},"modified":"2026-02-24T23:35:16","modified_gmt":"2026-02-24T23:35:16","slug":"anker-hall-75-kg","status":"publish","type":"product","link":"https:\/\/stoic-curie.212-227-153-4.plesk.page\/de\/product\/anker-hall-75-kg\/","title":{"rendered":"Anker Hall 75kg"},"content":{"rendered":"<p>Anker Hall 75kg &#8211; <\/p>\n<p style=\"color: rgb(34, 34, 34); font-family: Arial, Helvetica, sans-serif; font-size: small;\">Der Hall-Anker, auch bekannt als das Admiralty Pattern Hall-Anker, ist ein traditionelles Anker, das perfekt in die Anker\u00f6ffnung passt. Es hat eine sch\u00f6ne Form und einen stabilen Schaft, der aus hochwertigem Gusseisen gefertigt und feuerverzinkt ist, um zus\u00e4tzliche Langlebigkeit zu gew\u00e4hrleisten. Dieses bew\u00e4hrte Design wird in der gesamten maritimen Industrie verwendet, um gro\u00dfe Schiffe, Boote und Yachten in H\u00e4fen, Marinas und Offshore-Moorungssystemen zu sichern.<\/p>\n<p style=\"color: rgb(34, 34, 34); font-family: Arial, Helvetica, sans-serif; font-size: small;\">Urspr\u00fcnglich im 19. Jahrhundert f\u00fcr maritimen Einsatz entwickelt, erfreut sich das Hall-Anker auch heute noch gro\u00dfer Beliebtheit dank seiner hervorragenden Haltekraft und der F\u00e4higkeit, sich effektiv in verschiedenen Meeresb\u00f6den zu verankern. Es ist sowohl f\u00fcr permanente als auch f\u00fcr semi-permanente Moorung konzipiert und zeigt au\u00dfergew\u00f6hnliche Leistung auf sandigen, schlammigen oder felsigen Oberfl\u00e4chen. Diese Vielseitigkeit macht es zur idealen Wahl f\u00fcr kommerzielle und industrielle marine Operationen.<\/p>\n<p style=\"color: rgb(34, 34, 34); font-family: Arial, Helvetica, sans-serif; font-size: small;\">Egal, ob Sie eine Moorenboje aufstellen, ein gro\u00dfes kommerzielles Schiff sichern oder Infrastruktur in einem gesch\u00e4ftigen Bootswerft oder Hafen verwalten, das Hall-Anker bietet langanhaltende Stabilit\u00e4t und Sicherheit.<\/p>\n<p style=\"color: rgb(34, 34, 34); font-family: Arial, Helvetica, sans-serif; font-size: small;\"><strong>Wichtige Merkmale:<\/strong><\/p>\n<ul style=\"color: rgb(34, 34, 34); font-family: Arial, Helvetica, sans-serif; font-size: small;\">\n<li>Traditionelles Admiralty Pattern-Design f\u00fcr maximale St\u00e4rke und Zuverl\u00e4ssigkeit<\/li>\n<li>Ideal f\u00fcr die Moorung gro\u00dfer Boote, Schiffe und kommerzieller Marinefahrzeuge<\/li>\n<li>Geeignet f\u00fcr permanente oder semi-permanente Moorungssysteme<\/li>\n<li>Effektiv auf felsigen, sandigen und schlammigen Meeresb\u00f6den<\/li>\n<li>Robuste Konstruktion mit verzinkter Oberfl\u00e4che zum Korrosionsschutz<\/li>\n<li>In mehreren Gr\u00f6\u00dfen erh\u00e4ltlich<\/li>\n<\/ul>\n","protected":false},"excerpt":{"rendered":"<p>Anker Hall 75kg &#8211; Der Hall-Anker, auch bekannt als das Admiralty Pattern Hall-Anker, ist ein traditionelles Anker, das perfekt in<\/p>\n","protected":false},"featured_media":5936428,"comment_status":"open","ping_status":"closed","template":"","meta":[],"product_brand":[3085],"product_cat":[1577],"product_tag":[],"class_list":{"0":"post-738148","1":"product","2":"type-product","3":"status-publish","4":"has-post-thumbnail","6":"product_brand-maggigroup-de","7":"product_cat-anker-hall","9":"first","10":"instock","11":"shipping-taxable","12":"purchasable","13":"product-type-simple"},"_links":{"self":[{"href":"https:\/\/stoic-curie.212-227-153-4.plesk.page\/de\/wp-json\/wp\/v2\/product\/738148","targetHints":{"allow":["GET"]}}],"collection":[{"href":"https:\/\/stoic-curie.212-227-153-4.plesk.page\/de\/wp-json\/wp\/v2\/product"}],"about":[{"href":"https:\/\/stoic-curie.212-227-153-4.plesk.page\/de\/wp-json\/wp\/v2\/types\/product"}],"replies":[{"embeddable":true,"href":"https:\/\/stoic-curie.212-227-153-4.plesk.page\/de\/wp-json\/wp\/v2\/comments?post=738148"}],"version-history":[{"count":0,"href":"https:\/\/stoic-curie.212-227-153-4.plesk.page\/de\/wp-json\/wp\/v2\/product\/738148\/revisions"}],"wp:featuredmedia":[{"embeddable":true,"href":"https:\/\/stoic-curie.212-227-153-4.plesk.page\/de\/wp-json\/wp\/v2\/media\/5936428"}],"wp:attachment":[{"href":"https:\/\/stoic-curie.212-227-153-4.plesk.page\/de\/wp-json\/wp\/v2\/media?parent=738148"}],"wp:term":[{"taxonomy":"product_brand","embeddable":true,"href":"https:\/\/stoic-curie.212-227-153-4.plesk.page\/de\/wp-json\/wp\/v2\/product_brand?post=738148"},{"taxonomy":"product_cat","embeddable":true,"href":"https:\/\/stoic-curie.212-227-153-4.plesk.page\/de\/wp-json\/wp\/v2\/product_cat?post=738148"},{"taxonomy":"product_tag","embeddable":true,"href":"https:\/\/stoic-curie.212-227-153-4.plesk.page\/de\/wp-json\/wp\/v2\/product_tag?post=738148"}],"curies":[{"name":"wp","href":"https:\/\/api.w.org\/{rel}","templated":true}]}}