{"id":738149,"date":"2025-03-03T17:45:34","date_gmt":"2025-03-03T16:45:34","guid":{"rendered":"https:\/\/stoic-curie.212-227-153-4.plesk.page\/producto\/edelstahl-anker-ultra-12kg\/"},"modified":"2026-02-24T23:35:16","modified_gmt":"2026-02-24T23:35:16","slug":"edelstahl-anker-ultra-12kg","status":"publish","type":"product","link":"https:\/\/stoic-curie.212-227-153-4.plesk.page\/de\/product\/edelstahl-anker-ultra-12kg\/","title":{"rendered":"Edelstahl-Anker Ultra 12kg"},"content":{"rendered":"<p>Edelstahl-Anker Ultra 12kg &#8211; <\/p>\n<p style=\"color: rgb(34, 34, 34); font-family: Arial, Helvetica, sans-serif; font-size: small;\"><strong>12 kg (26 lbs) 316 Edelstahlanker<\/strong><\/p>\n<p style=\"color: rgb(34, 34, 34); font-family: Arial, Helvetica, sans-serif; font-size: small;\">Pr\u00e4sentiert wird der weltweit f\u00fchrende Edelstahlanker, der f\u00fcr seinen herausragenden Grip und Haltekraft gefeiert wird. Dieser Anker ist mit einer optimalen Gewichtverteilung konstruiert, die sicherstellt, dass er korrekt in einem idealen Winkel positioniert ist, um eine effektive Penetration zu gew\u00e4hrleisten. Die konkave Oberfl\u00e4che garantiert einen festen Halt unter verschiedenen Meeres- und Windbedingungen. Dar\u00fcber hinaus verhindert das innovative Design der hinteren Basis, dass die Kette am Stamm verdreht, was eine sichere und einfache Bergung aus etwaigen Verwicklungen erm\u00f6glicht.<\/p>\n<p style=\"color: rgb(34, 34, 34); font-family: Arial, Helvetica, sans-serif; font-size: small;\">Die ULTRA Anker-Serie verk\u00f6rpert den H\u00f6hepunkt der Ankertechnologie und -handwerkskunst. Jeder Anker wird sorgf\u00e4ltig aus 316 Edelstahl handgefertigt und zu einem exquisiten Finish poliert, um ein Produkt von unvergleichlicher Qualit\u00e4t zu gew\u00e4hrleisten. Der ULTRA Anker ist vielseitig und passt sicher auf den Bugrollen von Segelbooten bis 30 Fu\u00df, Motorbooten bis 33 Fu\u00df und Katamaranen bis 27 Fu\u00df.<\/p>\n<p style=\"color: rgb(34, 34, 34); font-family: Arial, Helvetica, sans-serif; font-size: small;\">Der ULTRA Anker verdeutlicht die Bedeutung der richtigen Gewichtverteilung und des Designs sowohl beim Setzen als auch beim Bergen Ihres Ankers. Besonders bemerkenswert ist, dass jeder ULTRA Anker bei Umkehrung intuitiv in seine Angriffsposition zur\u00fcckkehrt.<\/p>\n<p style=\"color: rgb(34, 34, 34); font-family: Arial, Helvetica, sans-serif; font-size: small;\">Diese bemerkenswerte Leistung ist das Ergebnis der innovativen patentierten Merkmale des Ankers, zu denen eine gekr\u00fcmmte, bleigef\u00fcllte Spitze f\u00fcr sofortige Penetration, ein hohler Schaft f\u00fcr eine optimale Gewichtverteilung, konkave Basisfl\u00e4chen f\u00fcr maximale Haltekraft und gro\u00dfe Seitenfl\u00fcgelplatten geh\u00f6ren, die ein L\u00f6sen bei schwankenden Wind- oder Tidebedingungen verhindern. Zudem ist jeder Anker f\u00fcr eine m\u00fchelose Bergung ausgelegt, dank der flachen Drehfl\u00e4che an der Unterseite der Basis.<\/p>\n<p style=\"color: rgb(34, 34, 34); font-family: Arial, Helvetica, sans-serif; font-size: small;\">Der ULTRA Anker eignet sich f\u00fcr alle Arten von Wasserfahrzeugen und passt sicher auf die Bugrolle. Die ULTRA Anker-Serie ist in Gr\u00f6\u00dfen von 5 kg (11 lbs) bis zu 360 kg (800 lbs) erh\u00e4ltlich. Hergestellt aus den besten Materialien in Europa von spezialisierten Ingenieuren, wird der ULTRA Anker mit einer lebenslangen Garantie angeboten.<\/p>\n<p style=\"color: rgb(34, 34, 34); font-family: Arial, Helvetica, sans-serif; font-size: small;\"><strong>Hauptmerkmale:<\/strong><\/p>\n<ul style=\"color: rgb(34, 34, 34); font-family: Arial, Helvetica, sans-serif; font-size: small;\">\n<li>Funktioniert effektiv beim ersten Abwurf.<\/li>\n<li>H\u00e4lt sofort und l\u00e4sst sich nicht ziehen.<\/li>\n<li>Gr\u00e4bt sich tiefer ein und sorgt f\u00fcr einen hervorragenden Halt bei zunehmenden Windbedingungen.<\/li>\n<li>Bleibt sicher, selbst bei wechselnden Windrichtungen.<\/li>\n<li>Kompatibel mit Kranen, ohne Komplikationen.<\/li>\n<li>Schreitet automatisch voran und richtet sich nat\u00fcrlich aus, um sich auf die Rolle zu setzen.<\/li>\n<li>Aus 316L und 318LN Edelstahl gefertigt, wodurch eine Verzinkung nicht erforderlich ist.<\/li>\n<\/ul>\n<p style=\"color: rgb(34, 34, 34); font-family: Arial, Helvetica, sans-serif; font-size: small;\">W\u00e4hlen Sie den ULTRA Anker f\u00fcr unvergleichliche Leistung und Zuverl\u00e4ssigkeit auf Ihren Bootsfahrten.<\/p>\n","protected":false},"excerpt":{"rendered":"<p>Edelstahl-Anker Ultra 12kg &#8211; 12 kg (26 lbs) 316 Edelstahlanker Pr\u00e4sentiert wird der weltweit f\u00fchrende Edelstahlanker, der f\u00fcr seinen herausragenden<\/p>\n","protected":false},"featured_media":5946951,"comment_status":"open","ping_status":"closed","template":"","meta":[],"product_brand":[3495],"product_cat":[1580],"product_tag":[],"class_list":{"0":"post-738149","1":"product","2":"type-product","3":"status-publish","4":"has-post-thumbnail","6":"product_brand-ultra-marine-de","7":"product_cat-anker-ultra","9":"first","10":"outofstock","11":"shipping-taxable","12":"purchasable","13":"product-type-simple"},"_links":{"self":[{"href":"https:\/\/stoic-curie.212-227-153-4.plesk.page\/de\/wp-json\/wp\/v2\/product\/738149","targetHints":{"allow":["GET"]}}],"collection":[{"href":"https:\/\/stoic-curie.212-227-153-4.plesk.page\/de\/wp-json\/wp\/v2\/product"}],"about":[{"href":"https:\/\/stoic-curie.212-227-153-4.plesk.page\/de\/wp-json\/wp\/v2\/types\/product"}],"replies":[{"embeddable":true,"href":"https:\/\/stoic-curie.212-227-153-4.plesk.page\/de\/wp-json\/wp\/v2\/comments?post=738149"}],"version-history":[{"count":0,"href":"https:\/\/stoic-curie.212-227-153-4.plesk.page\/de\/wp-json\/wp\/v2\/product\/738149\/revisions"}],"wp:featuredmedia":[{"embeddable":true,"href":"https:\/\/stoic-curie.212-227-153-4.plesk.page\/de\/wp-json\/wp\/v2\/media\/5946951"}],"wp:attachment":[{"href":"https:\/\/stoic-curie.212-227-153-4.plesk.page\/de\/wp-json\/wp\/v2\/media?parent=738149"}],"wp:term":[{"taxonomy":"product_brand","embeddable":true,"href":"https:\/\/stoic-curie.212-227-153-4.plesk.page\/de\/wp-json\/wp\/v2\/product_brand?post=738149"},{"taxonomy":"product_cat","embeddable":true,"href":"https:\/\/stoic-curie.212-227-153-4.plesk.page\/de\/wp-json\/wp\/v2\/product_cat?post=738149"},{"taxonomy":"product_tag","embeddable":true,"href":"https:\/\/stoic-curie.212-227-153-4.plesk.page\/de\/wp-json\/wp\/v2\/product_tag?post=738149"}],"curies":[{"name":"wp","href":"https:\/\/api.w.org\/{rel}","templated":true}]}}