{"id":738150,"date":"2025-03-03T17:45:34","date_gmt":"2025-03-03T16:45:34","guid":{"rendered":"https:\/\/stoic-curie.212-227-153-4.plesk.page\/producto\/edelstahl-anker-ultra-16kg\/"},"modified":"2026-02-24T23:35:16","modified_gmt":"2026-02-24T23:35:16","slug":"edelstahl-anker-ultra-16kg","status":"publish","type":"product","link":"https:\/\/stoic-curie.212-227-153-4.plesk.page\/de\/product\/edelstahl-anker-ultra-16kg\/","title":{"rendered":"Edelstahl-Anker Ultra 16kg"},"content":{"rendered":"<p>Edelstahl-Anker Ultra 16kg &#8211; <\/p>\n<p style=\"color: rgb(34, 34, 34); font-family: Arial, Helvetica, sans-serif; font-size: small;\">Ultra Marine legt Wert auf Qualit\u00e4t und Design, und das sollten Sie auch. Der 16 kg (35 lbs) 316 Edelstahlanker bietet eine optimale Gewichtsverteilung, die eine korrekte Positionierung und einen idealen Eindringwinkel gew\u00e4hrleistet. Seine konvexe Oberfl\u00e4che garantiert einen sicheren Halt in verschiedenen See- und Windbedingungen. Dar\u00fcber hinaus verhindert die einzigartige Form der hinteren Basis, dass sich die Kette am Schaft verdreht, was eine sichere und einfache Bergung des Ankers aus jeglicher Verstrickung erm\u00f6glicht.<\/p>\n<p style=\"color: rgb(34, 34, 34); font-family: Arial, Helvetica, sans-serif; font-size: small;\">Die ULTRA Ankerreihe stellt den Gipfel der Ankertechnologie und des Designs dar. Jeder Anker wird sorgf\u00e4ltig aus 316 Edelstahl handgefertigt und handpoliert, was ein Bekenntnis zur Exzellenz widerspiegelt. Der ULTRA Anker ist mit allen Schiffstypen kompatibel und passt sicher auf die Bugrolle, was ihn f\u00fcr Segelboote bis 35 ft, Motorboote bis 40 ft und Katamarane bis 32 ft geeignet macht.<\/p>\n<p style=\"color: rgb(34, 34, 34); font-family: Arial, Helvetica, sans-serif; font-size: small;\">Hergestellt aus 316 Edelstahl und handpoliert, verk\u00f6rpern Ultra Anker die Bedeutung von ordnungsgem\u00e4\u00dfer Gewichtsverteilung und Design beim Setzen und Berugen eines Ankers. Bemerkenswert ist, dass jeder Ultra Anker, wenn er umgedreht wird, automatisch in die Angriffsposition zur\u00fcckkehrt. Diese bemerkenswerte Leistung ist auf die innovativen patentierten Funktionen zur\u00fcckzuf\u00fchren, die im Folgenden aufgef\u00fchrt sind. Jeder Anker ist f\u00fcr eine einfache Bergung konzipiert, dank der flachen Pivot-Oberfl\u00e4che auf der Unterseite. Ultra Anker sind f\u00fcr alle Schiffstypen geeignet und k\u00f6nnen sicher auf der Bugrolle positioniert werden. Die Standardankerg\u00f6\u00dfen reichen von 5 kg bis 360 kg, wobei gr\u00f6\u00dfere Anker auf Anfrage erh\u00e4ltlich sind. Unter Verwendung der besten Materialien in Europa und von spezialisierten Ingenieuren gefertigt, bieten Ultra Anker eine lebenslange Garantie gegen Herstellungsfehler unter normalen Bedingungen und Gebrauch.<\/p>\n<p style=\"color: rgb(34, 34, 34); font-family: Arial, Helvetica, sans-serif; font-size: small;\"><strong>Besondere Merkmale<\/strong><\/p>\n<ul style=\"color: rgb(34, 34, 34); font-family: Arial, Helvetica, sans-serif; font-size: small;\">\n<li>\n<p><strong>Hohler Schaft<\/strong>: Konzentriert das Gewicht an der Ankerspitze f\u00fcr verbesserte Leistung.<\/p>\n<\/li>\n<li>\n<p><strong>Tubul\u00e4re Konstruktion<\/strong>: Verhindert, dass der Anker auf seinem R\u00fccken liegt, sodass er sofort in die Angriffsposition zur\u00fcckkehrt und korrekt in die Bugrolle geladen wird.<\/p>\n<\/li>\n<li>\n<p><strong>Mit Blei gef\u00fcllte Spitze<\/strong>: Das in die Ankerspitze eingelassene Blei optimiert die Gewichtsverteilung und gew\u00e4hrleistet ein effektives Eindringen in herausfordernde Grundbedingungen.<\/p>\n<\/li>\n<li>\n<p><strong>Kratzerfangpunkt<\/strong>: Dieser am Boden platzierte Punkt verhindert das Ziehen und sorgt f\u00fcr ein sofortiges Setzen, wenn der Anker in Bewegung ist.<\/p>\n<\/li>\n<li>\n<p><strong>Gekr\u00fcmmte Spitze<\/strong>: Die abw\u00e4rts gerichtete Form der Ankerspitze garantiert ein kontinuierliches Setzen unter widrigen Wetterbedingungen, w\u00e4hrend die Winkel ein sofortiges Setzen erleichtern, selbst wenn der Anker sich nicht in der optimalen Angriffsposition befindet.<\/p>\n<\/li>\n<li>\n<p><strong>Maximale Haltebasis<\/strong>: Die konvexe Basis\/Schaufel \u00e4hnelt einer Schaufel und bietet eine au\u00dfergew\u00f6hnliche Haltekraft mit einer gr\u00f6\u00dferen Fl\u00e4che als herk\u00f6mmliche Anker, was zu einem sichereren Anker f\u00fchrt, der sich nicht l\u00f6st.<\/p>\n<\/li>\n<li>\n<p><strong>Verst\u00e4rkter Ring<\/strong>: Entworfen, um extremen Belastungen standzuhalten, wird der verst\u00e4rkte Ring des Schaftes nicht biegen, brechen oder versagen.<\/p>\n<\/li>\n<li>\n<p><strong>Flache Unterseite<\/strong>: Wenn Sie beginnen, den Anker vom Meeresboden zu heben, dreht er sich auf der flachen Fl\u00e4che und beginnt sich zu l\u00f6sen, sofern das Boot direkt \u00fcber dem Anker ist.<\/p>\n<\/li>\n<li>\n<p><strong>Seitenfl\u00fcgelplatten<\/strong>: Der ULTRA Anker bleibt sicher bei wechselnden Wind- oder Str\u00f6mungsbedingungen, indem er sich um 180 Grad (w\u00e4hrend er immer noch vergraben ist) um seine eigene Achse dreht. Diese Funktion unterst\u00fctzt auch den Transport und erh\u00e4lt die kontinuierliche Geometrie auf den Bugrollen.<\/p>\n<\/li>\n<li>\n<p><strong>Keine Kettenverwicklung<\/strong>: Dieses innovative Design verhindert, dass sich die Kette um den Schaft wickelt, was sicherstellt, dass der Anker richtig gesetzt werden kann. Es erleichtert auch den Transport und erh\u00e4lt die kontinuierliche Ankergeometrie auf den Bugrollen.<\/p>\n<\/li>\n<li>\n<p><strong>Ankergewicht Details<\/strong>: Das Ankergewicht ist in den Schaft gestempelt und zeigt die Gr\u00f6\u00dfe sowohl in kg als auch in lbs deutlich an.<\/p>\n<\/li>\n<li>\n<p><strong>Seriennummer<\/strong>: Jeder ULTRA Anker ist mit einer einzigartigen Seriennummer gestempelt, die sicherstellt, dass Ihr Anker immer identifizierbar ist.<\/p>\n<\/li>\n<\/ul>\n","protected":false},"excerpt":{"rendered":"<p>Edelstahl-Anker Ultra 16kg &#8211; Ultra Marine legt Wert auf Qualit\u00e4t und Design, und das sollten Sie auch. Der 16 kg<\/p>\n","protected":false},"featured_media":5946951,"comment_status":"open","ping_status":"closed","template":"","meta":[],"product_brand":[3495],"product_cat":[1580],"product_tag":[],"class_list":{"0":"post-738150","1":"product","2":"type-product","3":"status-publish","4":"has-post-thumbnail","6":"product_brand-ultra-marine-de","7":"product_cat-anker-ultra","9":"first","10":"instock","11":"shipping-taxable","12":"purchasable","13":"product-type-simple"},"_links":{"self":[{"href":"https:\/\/stoic-curie.212-227-153-4.plesk.page\/de\/wp-json\/wp\/v2\/product\/738150","targetHints":{"allow":["GET"]}}],"collection":[{"href":"https:\/\/stoic-curie.212-227-153-4.plesk.page\/de\/wp-json\/wp\/v2\/product"}],"about":[{"href":"https:\/\/stoic-curie.212-227-153-4.plesk.page\/de\/wp-json\/wp\/v2\/types\/product"}],"replies":[{"embeddable":true,"href":"https:\/\/stoic-curie.212-227-153-4.plesk.page\/de\/wp-json\/wp\/v2\/comments?post=738150"}],"version-history":[{"count":0,"href":"https:\/\/stoic-curie.212-227-153-4.plesk.page\/de\/wp-json\/wp\/v2\/product\/738150\/revisions"}],"wp:featuredmedia":[{"embeddable":true,"href":"https:\/\/stoic-curie.212-227-153-4.plesk.page\/de\/wp-json\/wp\/v2\/media\/5946951"}],"wp:attachment":[{"href":"https:\/\/stoic-curie.212-227-153-4.plesk.page\/de\/wp-json\/wp\/v2\/media?parent=738150"}],"wp:term":[{"taxonomy":"product_brand","embeddable":true,"href":"https:\/\/stoic-curie.212-227-153-4.plesk.page\/de\/wp-json\/wp\/v2\/product_brand?post=738150"},{"taxonomy":"product_cat","embeddable":true,"href":"https:\/\/stoic-curie.212-227-153-4.plesk.page\/de\/wp-json\/wp\/v2\/product_cat?post=738150"},{"taxonomy":"product_tag","embeddable":true,"href":"https:\/\/stoic-curie.212-227-153-4.plesk.page\/de\/wp-json\/wp\/v2\/product_tag?post=738150"}],"curies":[{"name":"wp","href":"https:\/\/api.w.org\/{rel}","templated":true}]}}