{"id":738151,"date":"2025-03-03T17:45:34","date_gmt":"2025-03-03T16:45:34","guid":{"rendered":"https:\/\/stoic-curie.212-227-153-4.plesk.page\/producto\/edelstahl-anker-ultra-21kg\/"},"modified":"2026-02-24T23:35:16","modified_gmt":"2026-02-24T23:35:16","slug":"edelstahl-anker-ultra-21kg","status":"publish","type":"product","link":"https:\/\/stoic-curie.212-227-153-4.plesk.page\/de\/product\/edelstahl-anker-ultra-21kg\/","title":{"rendered":"Edelstahl-Anker Ultra 21kg"},"content":{"rendered":"<p>Edelstahl-Anker Ultra 21kg &#8211; <\/p>\n<p><strong>21 kg (46 lbs) 316 Edelstahlanker Ultra<\/strong><\/p>\n<p>Die ULTRA-Ankerreihe repr\u00e4sentiert den H\u00f6hepunkt der Ankertechnologie und -gestaltung. Jeder ULTRA-Anker wird sorgf\u00e4ltig aus 316 Edelstahl handgefertigt und auf Perfektion poliert, was ein Produkt gew\u00e4hrleistet, das Exzellenz verk\u00f6rpert. Dieser Anker ist mit allen Arten von Fahrzeugen kompatibel und passt sicher auf den Bugrollo, was ihn f\u00fcr Segelboote bis 12,5 m, Motorboote bis 14,3 m und Katamarane bis 11,6 m geeignet macht.<\/p>\n<p>Mit \u00fcber 12.000 zufriedenen Kunden hebt das au\u00dfergew\u00f6hnliche Design von Ultramarine die Bedeutung einer korrekten Gewichtsverteilung beim Setzen und Bergen eines Ankers hervor. Besonders hervorzuheben ist, dass jeder ULTRA-Anker, wenn er umgedreht wird, automatisch in die Angriffsposition zur\u00fcckkehrt. Unser Fokus auf praktische Nutzung und Leistung hat zu innovativen patentierten Funktionen gef\u00fchrt, die die Funktionalit\u00e4t jedes ULTRA-Ankers verbessern.<\/p>\n<p>Wichtigste Merkmale sind:<\/p>\n<ul>\n<li><strong>Gekr\u00fcmmte mit Blei gef\u00fcllte Spitze<\/strong>: Gew\u00e4hrleistet sofortige Eindringung in den Meeresboden.<\/li>\n<li><strong>Hohler Schaft<\/strong>: Konzentration des Gewichts f\u00fcr optimale Verteilung.<\/li>\n<li><strong>Konvexer Basiseinsatz<\/strong>: Maximiert die Haltekraft.<\/li>\n<li><strong>Gro\u00dfe Seitenfl\u00fcgelplatten<\/strong>: Verhindern das Loslassen bei wechselnden Wind- oder Gezeitenbedingungen.<\/li>\n<li><strong>Flache Drehoberfl\u00e4che<\/strong>: Erleichtert das einfache Bergen vom Meeresboden.<\/li>\n<\/ul>\n<p>Der ULTRA-Anker ist in Gr\u00f6\u00dfen von 5 kg (11 lbs) bis 360 kg (800 lbs) erh\u00e4ltlich, bei Bedarf sind gr\u00f6\u00dfere Anker verf\u00fcgbar. Hergestellt aus den besten Materialien in Europa und gefertigt von spezialisierten Ingenieuren, kommt jeder ULTRA-Anker mit einer lebenslangen Garantie.<\/p>\n<p><strong>Leistungsmerkmale:<\/strong><\/p>\n<ul>\n<li>F\u00e4ngt beim ersten Wurf.<\/li>\n<li>H\u00e4lt sofort und zieht nicht.<\/li>\n<li>Gr\u00e4bt sich tiefer ein und h\u00e4lt auch bei zunehmendem Wind ausgezeichnet.<\/li>\n<li>Bleibt auch bei wechselnden Windrichtungen sicher.<\/li>\n<li>Funktioniert nahtlos, wenn er an Bootswinden montiert ist.<\/li>\n<li>Richtet sich automatisch f\u00fcr das Setzen auf der Winde aus.<\/li>\n<li>Hergestellt aus 316L und 318LN Edelstahl, wodurch eine Galvanisierung \u00fcberfl\u00fcssig wird.<\/li>\n<\/ul>\n<p><strong>Gestaltungsmerkmale:<\/strong><\/p>\n<ul>\n<li><strong>Hohler Schaft<\/strong>: Konzentriert das Gewicht an der Ankerspitze f\u00fcr verbesserte Leistung.<\/li>\n<li><strong>R\u00f6hrenkonstruktion<\/strong>: Verhindert, dass der Anker auf seiner Wirbels\u00e4ule liegt, und erm\u00f6glicht so eine sofortige R\u00fcckkehr in die Angriffsposition und eine ordnungsgem\u00e4\u00dfe Beladung in den Bugrollo.<\/li>\n<li><strong>Mit Blei gef\u00fcllte Spitze<\/strong>: Optimiert die Gewichtsverteilung f\u00fcr effektives Eindringen in herausfordernde Meeresbodenbedingungen.<\/li>\n<li><strong>Schnappfangpunkt<\/strong>: Positioniert am Boden, um das Ziehen zu verhindern und ein sofortiges Setzen zu gew\u00e4hrleisten, wenn sich der Anker bewegt.<\/li>\n<li><strong>Gekr\u00fcmmte Spitze<\/strong>: Entwickelt, um unter schwierigen Wetterbedingungen kontinuierlich zu setzen und ein sofortiges Setzen zu erm\u00f6glichen, selbst wenn der Anker nicht in der idealen Position ist.<\/li>\n<li><strong>Maximale Haltekraft Basis<\/strong>: Das konvexe Fl\u00fcgeldesign \u00e4hnelt einer Schaufel und bietet eine \u00fcberlegene Haltekraft mit einer gr\u00f6\u00dferen Oberfl\u00e4che als herk\u00f6mmliche Anker, was zu einem sichereren Halt f\u00fchrt.<\/li>\n<li><strong>Flache Unterseite<\/strong>: Erm\u00f6glicht dem Anker, sich zu drehen und beim Bergen leicht freizugeben, vorausgesetzt, das Boot ist direkt \u00fcber dem Anker.<\/li>\n<li><strong>Seitenfl\u00fcgelplatten<\/strong>: Verhindern das Loslassen w\u00e4hrend wechselnder Wind- oder Gezeitenbedingungen und erm\u00f6glichen eine vollst\u00e4ndige 180-Grad-Drehung, w\u00e4hrend der Anker weiterhin vergraben bleibt, um einen festen Halt zu gew\u00e4hrleisten.<\/li>\n<li><strong>Antichain-Foul-Bar<\/strong>: Verhindert, dass sich die Ankerkette um den Schaft wickelt, was ein zuverl\u00e4ssiges Setzen und die M\u00f6glichkeit zum Anbringen einer Abreissleine gew\u00e4hrleistet.<\/li>\n<li><strong>Verst\u00e4rktes Auge<\/strong>: Entwickelt, um extremen Lasten ohne Biegen, Brechen oder Versagen standzuhalten.<\/li>\n<li><strong>Ankergewicht Detail<\/strong>: Das Gewicht ist in den Schaft gestanzt, sodass die Anchor-Gr\u00f6\u00dfe in Kilogramm und Pfund deutlich angegeben wird.<\/li>\n<li><strong>Seriennummer<\/strong>: Jeder ULTRA-Anker ist mit einer eindeutigen Seriennummer gestempelt, um eine einfache Identifizierung zu erm\u00f6glichen.<\/li>\n<\/ul>\n<p>Zusammenfassend vereint die ULTRA-Ankerreihe innovatives Design mit hochwertigen Materialien, um au\u00dfergew\u00f6hnliche Leistung und Zuverl\u00e4ssigkeit f\u00fcr alle Bootseigner zu bieten.<\/p>\n","protected":false},"excerpt":{"rendered":"<p>Edelstahl-Anker Ultra 21kg &#8211; 21 kg (46 lbs) 316 Edelstahlanker Ultra Die ULTRA-Ankerreihe repr\u00e4sentiert den H\u00f6hepunkt der Ankertechnologie und -gestaltung.<\/p>\n","protected":false},"featured_media":5946951,"comment_status":"open","ping_status":"closed","template":"","meta":[],"product_brand":[3495],"product_cat":[1580],"product_tag":[],"class_list":{"0":"post-738151","1":"product","2":"type-product","3":"status-publish","4":"has-post-thumbnail","6":"product_brand-ultra-marine-de","7":"product_cat-anker-ultra","9":"first","10":"instock","11":"shipping-taxable","12":"purchasable","13":"product-type-simple"},"_links":{"self":[{"href":"https:\/\/stoic-curie.212-227-153-4.plesk.page\/de\/wp-json\/wp\/v2\/product\/738151","targetHints":{"allow":["GET"]}}],"collection":[{"href":"https:\/\/stoic-curie.212-227-153-4.plesk.page\/de\/wp-json\/wp\/v2\/product"}],"about":[{"href":"https:\/\/stoic-curie.212-227-153-4.plesk.page\/de\/wp-json\/wp\/v2\/types\/product"}],"replies":[{"embeddable":true,"href":"https:\/\/stoic-curie.212-227-153-4.plesk.page\/de\/wp-json\/wp\/v2\/comments?post=738151"}],"version-history":[{"count":0,"href":"https:\/\/stoic-curie.212-227-153-4.plesk.page\/de\/wp-json\/wp\/v2\/product\/738151\/revisions"}],"wp:featuredmedia":[{"embeddable":true,"href":"https:\/\/stoic-curie.212-227-153-4.plesk.page\/de\/wp-json\/wp\/v2\/media\/5946951"}],"wp:attachment":[{"href":"https:\/\/stoic-curie.212-227-153-4.plesk.page\/de\/wp-json\/wp\/v2\/media?parent=738151"}],"wp:term":[{"taxonomy":"product_brand","embeddable":true,"href":"https:\/\/stoic-curie.212-227-153-4.plesk.page\/de\/wp-json\/wp\/v2\/product_brand?post=738151"},{"taxonomy":"product_cat","embeddable":true,"href":"https:\/\/stoic-curie.212-227-153-4.plesk.page\/de\/wp-json\/wp\/v2\/product_cat?post=738151"},{"taxonomy":"product_tag","embeddable":true,"href":"https:\/\/stoic-curie.212-227-153-4.plesk.page\/de\/wp-json\/wp\/v2\/product_tag?post=738151"}],"curies":[{"name":"wp","href":"https:\/\/api.w.org\/{rel}","templated":true}]}}