{"id":738153,"date":"2025-03-03T17:45:34","date_gmt":"2025-03-03T16:45:34","guid":{"rendered":"https:\/\/stoic-curie.212-227-153-4.plesk.page\/producto\/edelstahl-anker-ultra-45kg\/"},"modified":"2026-02-24T23:35:16","modified_gmt":"2026-02-24T23:35:16","slug":"edelstahl-anker-ultra-45kg","status":"publish","type":"product","link":"https:\/\/stoic-curie.212-227-153-4.plesk.page\/de\/product\/edelstahl-anker-ultra-45kg\/","title":{"rendered":"Edelstahl-Anker Ultra 45kg"},"content":{"rendered":"<p>Edelstahl-Anker Ultra 45kg &#8211; <\/p>\n<p>Der Edelstahl-Anker ist der beste der Welt f\u00fcr festes Halten und Verankerung. Die perfekte Gewichtsverteilung erm\u00f6glicht stets die korrekte Positionierung mit einem optimalen Eindringwinkel, w\u00e4hrend die konkave Oberfl\u00e4che eine sichere Haltbarkeit unter allen See- oder Windbedingungen garantiert. Die besondere Form des hinteren Teils der Basis verhindert, dass die Kette am Schaft verdreht wird, und erm\u00f6glicht eine sichere und einfache Bergung des Ankers aus jeder Verstrickung.<\/p>\n<p style=\"color: rgb(34, 34, 34); font-family: Arial, Helvetica, sans-serif; font-size: small;\"><strong>45 kg (100 lbs) 316 Edelstahlanker<\/strong><\/p>\n<p style=\"color: rgb(34, 34, 34); font-family: Arial, Helvetica, sans-serif; font-size: small;\">Die ULTRA-Ankerreihe verk\u00f6rpert fortschrittliche Ankertechnologie und -design. Jeder Anker wird sorgf\u00e4ltig aus 316-Edelstahl handgefertigt und hochglanzpoliert, um ein Produkt zu garantieren, das Qualit\u00e4t und Langlebigkeit ausstrahlt. Der ULTRA-Anker ist mit verschiedenen Bootstypen kompatibel und passt sicher auf die Bugrolle von Segelbooten bis zu 58 Fu\u00df, Motorbooten bis zu 66 Fu\u00df und Katamaranen bis zu 53 Fu\u00df.<\/p>\n<p style=\"color: rgb(34, 34, 34); font-family: Arial, Helvetica, sans-serif; font-size: small;\">Dieser Anker hebt die Bedeutung von richtiger Gewichtsverteilung und Design f\u00fcr effektives Setzen und Bergen hervor. Besonders bemerkenswert ist, dass sich jeder ULTRA-Anker automatisch in seine optimale Angriffsposition zur\u00fcckkehrt, wenn er umgedreht wird.<\/p>\n<p style=\"color: rgb(34, 34, 34); font-family: Arial, Helvetica, sans-serif; font-size: small;\">Die au\u00dfergew\u00f6hnliche Leistung des ULTRA-Ankers ist auf seine innovativen, patentierten Eigenschaften zur\u00fcckzuf\u00fchren, die eine gebogene, bleigef\u00fcllte Spitze f\u00fcr sofortiges Eindringen, einen hohlen Schaft f\u00fcr optimale Gewichtsverteilung, konkave Basen f\u00fcr maximale Haltekraft und gro\u00dfe Seitenfl\u00fcgelplatten umfassen, die ein Loslassen bei wechselnden Wind- oder Gezeitenbedingungen verhindern. Dar\u00fcber hinaus erm\u00f6glicht die flache Pivotfl\u00e4che auf der Unterseite der Basis eine einfache Bergung.<\/p>\n<p style=\"color: rgb(34, 34, 34); font-family: Arial, Helvetica, sans-serif; font-size: small;\">Gestaltet f\u00fcr alle Arten von Booten, passt der ULTRA-Anker sicher auf die Bugrolle. Die Reihe umfasst Gr\u00f6\u00dfen von 5 kg (11 lbs) bis 360 kg (800 lbs). Jeder ULTRA-Anker wird aus den besten Materialien in Europa von spezialisierten Ingenieuren gefertigt und bietet eine lebenslange Garantie.<\/p>\n<p style=\"color: rgb(34, 34, 34); font-family: Arial, Helvetica, sans-serif; font-size: small;\"><strong>Wichtige Merkmale:<\/strong><\/p>\n<ul style=\"color: rgb(34, 34, 34); font-family: Arial, Helvetica, sans-serif; font-size: small;\">\n<li>Funktioniert beim ersten Abwurf.<\/li>\n<li>Setzt sofort einen Halt und zieht nicht.<\/li>\n<li>Vergr\u00e4bt sich tiefer und h\u00e4lt stark unter steigenden Windbedingungen.<\/li>\n<li>Bleibt auch bei wechselnden Windrichtungen sicher.<\/li>\n<li>Funktioniert problemlos, wenn er an den Z\u00fcgen des Bootes montiert ist.<\/li>\n<li>Schie\u00dft automatisch nach vorne und richtet sich auf nat\u00fcrliche Weise aus, um sich auf das Seil zu setzen.<\/li>\n<li>Hergestellt aus 316L und 318LN Edelstahl, sodass eine Verzinkung nicht erforderlich ist.<\/li>\n<\/ul>\n","protected":false},"excerpt":{"rendered":"<p>Edelstahl-Anker Ultra 45kg &#8211; Der Edelstahl-Anker ist der beste der Welt f\u00fcr festes Halten und Verankerung. Die perfekte Gewichtsverteilung erm\u00f6glicht<\/p>\n","protected":false},"featured_media":5946951,"comment_status":"open","ping_status":"closed","template":"","meta":[],"product_brand":[3495],"product_cat":[1580],"product_tag":[],"class_list":{"0":"post-738153","1":"product","2":"type-product","3":"status-publish","4":"has-post-thumbnail","6":"product_brand-ultra-marine-de","7":"product_cat-anker-ultra","9":"first","10":"instock","11":"shipping-taxable","12":"purchasable","13":"product-type-simple"},"_links":{"self":[{"href":"https:\/\/stoic-curie.212-227-153-4.plesk.page\/de\/wp-json\/wp\/v2\/product\/738153","targetHints":{"allow":["GET"]}}],"collection":[{"href":"https:\/\/stoic-curie.212-227-153-4.plesk.page\/de\/wp-json\/wp\/v2\/product"}],"about":[{"href":"https:\/\/stoic-curie.212-227-153-4.plesk.page\/de\/wp-json\/wp\/v2\/types\/product"}],"replies":[{"embeddable":true,"href":"https:\/\/stoic-curie.212-227-153-4.plesk.page\/de\/wp-json\/wp\/v2\/comments?post=738153"}],"version-history":[{"count":0,"href":"https:\/\/stoic-curie.212-227-153-4.plesk.page\/de\/wp-json\/wp\/v2\/product\/738153\/revisions"}],"wp:featuredmedia":[{"embeddable":true,"href":"https:\/\/stoic-curie.212-227-153-4.plesk.page\/de\/wp-json\/wp\/v2\/media\/5946951"}],"wp:attachment":[{"href":"https:\/\/stoic-curie.212-227-153-4.plesk.page\/de\/wp-json\/wp\/v2\/media?parent=738153"}],"wp:term":[{"taxonomy":"product_brand","embeddable":true,"href":"https:\/\/stoic-curie.212-227-153-4.plesk.page\/de\/wp-json\/wp\/v2\/product_brand?post=738153"},{"taxonomy":"product_cat","embeddable":true,"href":"https:\/\/stoic-curie.212-227-153-4.plesk.page\/de\/wp-json\/wp\/v2\/product_cat?post=738153"},{"taxonomy":"product_tag","embeddable":true,"href":"https:\/\/stoic-curie.212-227-153-4.plesk.page\/de\/wp-json\/wp\/v2\/product_tag?post=738153"}],"curies":[{"name":"wp","href":"https:\/\/api.w.org\/{rel}","templated":true}]}}