{"id":738157,"date":"2025-03-03T17:45:35","date_gmt":"2025-03-03T16:45:35","guid":{"rendered":"https:\/\/stoic-curie.212-227-153-4.plesk.page\/producto\/anker-saving-ultra-fuer-anker-16-45-kg\/"},"modified":"2026-02-24T23:35:16","modified_gmt":"2026-02-24T23:35:16","slug":"anker-saving-ultra-fuer-anker-16-45-kg","status":"publish","type":"product","link":"https:\/\/stoic-curie.212-227-153-4.plesk.page\/de\/product\/anker-saving-ultra-fuer-anker-16-45-kg\/","title":{"rendered":"Anker Saving Ultra f\u00fcr Anker 16-45 kg"},"content":{"rendered":"<p>Anker Saving Ultra f\u00fcr Anker 16-45 kg &#8211; <\/p>\n<p><strong>Ultra Anchor Ring UAR 45 &#8211; 11 kg Edelstahl-Anker-Ring<\/strong><\/p>\n<p>Dieser Anker-Ring aus Edelstahl wurde entwickelt, um Ihnen das einfache Bergen eines m\u00f6glicherweise verfangenen Ankers zu erleichtern oder um zus\u00e4tzliches Gewicht an der Kette hinzuzuf\u00fcgen, wodurch die Effektivit\u00e4t des Ankers verbessert wird.<\/p>\n<p>Dieses stilvolle Edelstahlger\u00e4t erf\u00fcllt zwei Funktionen: Es dient als Ankerhilfe, die auch als Engel, Kumpel, Sentinel oder Kellet bekannt sein kann. Es hilft, den Ausschlag der Ankerkette in engen Ankerpl\u00e4tzen sowie bei leichtem bis m\u00e4\u00dfigem Wind zu reduzieren. Dar\u00fcber hinaus fungiert es als Hilfsmittel zum Bergen des Ankers, falls dieser sich verfangen sollte.<\/p>\n<p>Der Ultra-Ring kann einfach durch seine \u00d6ffnung an der Kette befestigt werden und gleitet m\u00fchelos an der Kette entlang.<\/p>\n<p><strong>Notfall-Ankerbergungswerkzeug<\/strong><\/p>\n<p>Dank seines glatten Edelstahl-Designs gleitet der Ultra-Ring m\u00fchelos an der Kette und \u00fcber den Schaft des Ankers. Indem Sie an der Leine in die entgegengesetzte Richtung der Kette ziehen, k\u00f6nnen Sie den Anker von Hindernissen befreien, wodurch die Chancen auf eine erfolgreiche Bergung erheblich erh\u00f6ht werden. Diese Eigenschaft ist besonders wichtig, wenn die Bedingungen unsicher sind, um ins Wasser zu gehen, oder wenn die Sicht schlecht ist.<\/p>\n<p>Der Ultra Anchor Ring erm\u00f6glicht einen k\u00fcrzeren Ausschlag, indem die ben\u00f6tigte Kettenl\u00e4nge f\u00fcr sicheres Ankern reduziert wird. Dies ist besonders vorteilhaft in Gebieten mit begrenzten Ankerpl\u00e4tzen und bei leichtem bis m\u00e4\u00dfigem Wind. Der Ultra-Ring erh\u00f6ht die Sicherheit, indem er 11 kg Gewicht an der Kette hinzuf\u00fcgt, was den Schwenkbereich des Bootes minimiert und als Sto\u00dfd\u00e4mpfer wirkt, wodurch der Komfort beim Ankern verbessert wird, indem die Bootbewegungen reduziert werden.<\/p>\n","protected":false},"excerpt":{"rendered":"<p>Anker Saving Ultra f\u00fcr Anker 16-45 kg &#8211; Ultra Anchor Ring UAR 45 &#8211; 11 kg Edelstahl-Anker-Ring Dieser Anker-Ring aus<\/p>\n","protected":false},"featured_media":5946955,"comment_status":"open","ping_status":"closed","template":"","meta":[],"product_brand":[3495],"product_cat":[1580],"product_tag":[],"class_list":{"0":"post-738157","1":"product","2":"type-product","3":"status-publish","4":"has-post-thumbnail","6":"product_brand-ultra-marine-de","7":"product_cat-anker-ultra","9":"first","10":"instock","11":"shipping-taxable","12":"purchasable","13":"product-type-simple"},"_links":{"self":[{"href":"https:\/\/stoic-curie.212-227-153-4.plesk.page\/de\/wp-json\/wp\/v2\/product\/738157","targetHints":{"allow":["GET"]}}],"collection":[{"href":"https:\/\/stoic-curie.212-227-153-4.plesk.page\/de\/wp-json\/wp\/v2\/product"}],"about":[{"href":"https:\/\/stoic-curie.212-227-153-4.plesk.page\/de\/wp-json\/wp\/v2\/types\/product"}],"replies":[{"embeddable":true,"href":"https:\/\/stoic-curie.212-227-153-4.plesk.page\/de\/wp-json\/wp\/v2\/comments?post=738157"}],"version-history":[{"count":0,"href":"https:\/\/stoic-curie.212-227-153-4.plesk.page\/de\/wp-json\/wp\/v2\/product\/738157\/revisions"}],"wp:featuredmedia":[{"embeddable":true,"href":"https:\/\/stoic-curie.212-227-153-4.plesk.page\/de\/wp-json\/wp\/v2\/media\/5946955"}],"wp:attachment":[{"href":"https:\/\/stoic-curie.212-227-153-4.plesk.page\/de\/wp-json\/wp\/v2\/media?parent=738157"}],"wp:term":[{"taxonomy":"product_brand","embeddable":true,"href":"https:\/\/stoic-curie.212-227-153-4.plesk.page\/de\/wp-json\/wp\/v2\/product_brand?post=738157"},{"taxonomy":"product_cat","embeddable":true,"href":"https:\/\/stoic-curie.212-227-153-4.plesk.page\/de\/wp-json\/wp\/v2\/product_cat?post=738157"},{"taxonomy":"product_tag","embeddable":true,"href":"https:\/\/stoic-curie.212-227-153-4.plesk.page\/de\/wp-json\/wp\/v2\/product_tag?post=738157"}],"curies":[{"name":"wp","href":"https:\/\/api.w.org\/{rel}","templated":true}]}}