{"id":738158,"date":"2025-03-03T17:45:36","date_gmt":"2025-03-03T16:45:36","guid":{"rendered":"https:\/\/stoic-curie.212-227-153-4.plesk.page\/producto\/anker-saving-ultra-fuer-anker-27-80-kg\/"},"modified":"2026-02-24T23:35:16","modified_gmt":"2026-02-24T23:35:16","slug":"anker-saving-ultra-fuer-anker-27-80-kg","status":"publish","type":"product","link":"https:\/\/stoic-curie.212-227-153-4.plesk.page\/de\/product\/anker-saving-ultra-fuer-anker-27-80-kg\/","title":{"rendered":"Anker Saving Ultra f\u00fcr Anker 27-80 kg"},"content":{"rendered":"<p>Anker Saving Ultra f\u00fcr Anker 27-80 kg &#8211; <\/p>\n<p style=\"color: rgb(34, 34, 34); font-family: Arial, Helvetica, sans-serif; font-size: small;\"><strong>Ultra Ankerkette Ring UAR 80 &#8211; 14,5 kg Edelstahl Ankerkette Ring<\/strong><\/p>\n<p style=\"color: rgb(34, 34, 34); font-family: Arial, Helvetica, sans-serif; font-size: small;\">Der Ultra Ankerkette Ring UAR 80 ist ein 14,5 kg schwerer Edelstahlanh\u00e4nger, der Ihnen hilft, einen verirrten Anker leicht wiederzufinden oder zus\u00e4tzliches Gewicht an die Kette anzuf\u00fcgen, um die Effektivit\u00e4t des Ankers zu verbessern.<\/p>\n<p style=\"color: rgb(34, 34, 34); font-family: Arial, Helvetica, sans-serif; font-size: small;\">Dieses polierte Edelstahlwerkzeug erf\u00fcllt zwei Zwecke: Es fungiert als Anker-Buddy, auch bekannt als Engel, Kumpel, Wachtmeister oder Kellet, und hilft, den Kettenbereich des Ankers bei engem Ankern und bei leichtem bis mittlerem Wind zu reduzieren. Dar\u00fcber hinaus dient es als Werkzeug zur Ankerbergung, falls der Anker verwickelt ist.<\/p>\n<p style=\"color: rgb(34, 34, 34); font-family: Arial, Helvetica, sans-serif; font-size: small;\">Der Ultra Ring l\u00e4sst sich leicht durch die \u00d6ffnung an der Kette anbringen und gleitet m\u00fchelos die Kette hinunter.<\/p>\n<p style=\"color: rgb(34, 34, 34); font-family: Arial, Helvetica, sans-serif; font-size: small;\"><strong>Notfall-Ankerbergungswerkzeug<\/strong><\/p>\n<p style=\"color: rgb(34, 34, 34); font-family: Arial, Helvetica, sans-serif; font-size: small;\">Dank seines polierten Edelstahl-Designs gleitet der Ultra Ring die Kette hinunter und \u00fcber den Schaft des Ankers. Indem Sie an der Leine in die entgegengesetzte Richtung der Kette ziehen, k\u00f6nnen Sie den Anker von Hindernissen befreien, was die Chancen auf eine Bergung erheblich verbessert. Diese Funktion ist besonders wichtig, wenn die Bedingungen nicht sicher sind, um ins Wasser zu gehen, oder wenn die Sicht schlecht ist.<\/p>\n<p style=\"color: rgb(34, 34, 34); font-family: Arial, Helvetica, sans-serif; font-size: small;\"><strong>Ankerkette Kellet, Buddy, Engel, Wachtmeister oder Kumpel<\/strong><\/p>\n<p style=\"color: rgb(34, 34, 34); font-family: Arial, Helvetica, sans-serif; font-size: small;\">Der Ultra Ankerkette Ring erm\u00f6glicht einen k\u00fcrzeren Kettenbereich, indem die Kettenl\u00e4nge f\u00fcr sicheres Ankern reduziert wird. Dies ist besonders vorteilhaft in Gebieten mit begrenztem Ankerplatz und bei leichtem bis mittlerem Wind. Der Ultra Ring verbessert die Sicherheit, indem zus\u00e4tzlicher Ballast (8,2 kg &#8211; 14,5 kg) an die Kette angef\u00fcgt wird, wodurch der Schwingbereich des Fahrzeugs verringert und als Sto\u00dfd\u00e4mpfer wirkt. Dies erh\u00f6ht den Komfort beim Ankern, indem die Bootbewegungen minimiert werden.<\/p>\n","protected":false},"excerpt":{"rendered":"<p>Anker Saving Ultra f\u00fcr Anker 27-80 kg &#8211; Ultra Ankerkette Ring UAR 80 &#8211; 14,5 kg Edelstahl Ankerkette Ring Der<\/p>\n","protected":false},"featured_media":5946955,"comment_status":"open","ping_status":"closed","template":"","meta":[],"product_brand":[3495],"product_cat":[1580],"product_tag":[],"class_list":{"0":"post-738158","1":"product","2":"type-product","3":"status-publish","4":"has-post-thumbnail","6":"product_brand-ultra-marine-de","7":"product_cat-anker-ultra","9":"first","10":"outofstock","11":"shipping-taxable","12":"purchasable","13":"product-type-simple"},"_links":{"self":[{"href":"https:\/\/stoic-curie.212-227-153-4.plesk.page\/de\/wp-json\/wp\/v2\/product\/738158","targetHints":{"allow":["GET"]}}],"collection":[{"href":"https:\/\/stoic-curie.212-227-153-4.plesk.page\/de\/wp-json\/wp\/v2\/product"}],"about":[{"href":"https:\/\/stoic-curie.212-227-153-4.plesk.page\/de\/wp-json\/wp\/v2\/types\/product"}],"replies":[{"embeddable":true,"href":"https:\/\/stoic-curie.212-227-153-4.plesk.page\/de\/wp-json\/wp\/v2\/comments?post=738158"}],"version-history":[{"count":0,"href":"https:\/\/stoic-curie.212-227-153-4.plesk.page\/de\/wp-json\/wp\/v2\/product\/738158\/revisions"}],"wp:featuredmedia":[{"embeddable":true,"href":"https:\/\/stoic-curie.212-227-153-4.plesk.page\/de\/wp-json\/wp\/v2\/media\/5946955"}],"wp:attachment":[{"href":"https:\/\/stoic-curie.212-227-153-4.plesk.page\/de\/wp-json\/wp\/v2\/media?parent=738158"}],"wp:term":[{"taxonomy":"product_brand","embeddable":true,"href":"https:\/\/stoic-curie.212-227-153-4.plesk.page\/de\/wp-json\/wp\/v2\/product_brand?post=738158"},{"taxonomy":"product_cat","embeddable":true,"href":"https:\/\/stoic-curie.212-227-153-4.plesk.page\/de\/wp-json\/wp\/v2\/product_cat?post=738158"},{"taxonomy":"product_tag","embeddable":true,"href":"https:\/\/stoic-curie.212-227-153-4.plesk.page\/de\/wp-json\/wp\/v2\/product_tag?post=738158"}],"curies":[{"name":"wp","href":"https:\/\/api.w.org\/{rel}","templated":true}]}}