{"id":738159,"date":"2025-03-03T17:45:36","date_gmt":"2025-03-03T16:45:36","guid":{"rendered":"https:\/\/stoic-curie.212-227-153-4.plesk.page\/producto\/anschlussstueck-ultra-fuer-8-10-mm-kette\/"},"modified":"2026-02-24T23:35:16","modified_gmt":"2026-02-24T23:35:16","slug":"anschlussstueck-ultra-fuer-8-10-mm-kette","status":"publish","type":"product","link":"https:\/\/stoic-curie.212-227-153-4.plesk.page\/de\/product\/anschlussstueck-ultra-fuer-8-10-mm-kette\/","title":{"rendered":"Anschlussst\u00fcck Ultra f\u00fcr 8-10 mm Kette"},"content":{"rendered":"<p>Anschlussst\u00fcck Ultra f\u00fcr 8-10 mm Kette &#8211; <\/p>\n<p style=\"color: rgb(34, 34, 34); font-family: Arial, Helvetica, sans-serif; font-size: small;\">Der UFS10-35 ULTRA Flip Swivel f\u00fcr Ketten von 8 bis 10 mm oder 5\/16&#8243; bis 3\/8&#8243; kann Anker bis zu 35 kg\/77 lbs unterst\u00fctzen. Dieser RINA-zertifizierte Verbindungselement aus rostfreiem Stahl ist mit einem Kugelgelenk und einem Teflon-O-Ring ausgestattet, was es dem Anker erm\u00f6glicht, sich automatisch im Rollf\u00fchrer auszurichten, ohne dass es zu Blockaden oder Belastungen des Winden kommt, wodurch ein Verkanten der Kette verhindert wird.<\/p>\n<p style=\"color: rgb(34, 34, 34); font-family: Arial, Helvetica, sans-serif; font-size: small;\">Der ULTRA Flip Swivel ist ein innovativ gestalteter Ankerwirbel, der die Kette und den Anker ohne zus\u00e4tzliche Sch\u00e4kel verbindet. Aus 316 rostfreiem Stahl gefertigt und handpoliert f\u00fcr ein elegantes Finish, ist der ULTRA Flip Swivel sowohl robust als auch schlank und eliminiert die Notwendigkeit von Sicherungsstiften oder Sicherheitsdr\u00e4hten. Er ist f\u00fcr Anker mit einem Gewicht von bis zu 35 kg\/77 lbs ausgelegt.<\/p>\n<p style=\"color: rgb(34, 34, 34); font-family: Arial, Helvetica, sans-serif; font-size: small;\">Hergestellt in der T\u00fcrkei zeichnet sich der ULTRA Flip Swivel durch sein einzigartiges Design aus, das eine nahtlose Verbindung zwischen Kette und Anker erm\u00f6glicht. Die polierte Konstruktion aus 316 rostfreiem Stahl erh\u00f6ht nicht nur die visuelle Attraktivit\u00e4t an der Bugseite, sondern garantiert auch eine lange Lebensdauer.<\/p>\n<p style=\"color: rgb(34, 34, 34); font-family: Arial, Helvetica, sans-serif; font-size: small;\">Die Bruchfestigkeit des Wirbels ist in der Regel h\u00f6her als die der daran befestigten Kette, was eine 30-Grad-Drehung und eine vollst\u00e4ndige 360-Grad-Drehung erm\u00f6glicht. Der ULTRA Flip Swivel verf\u00fcgt \u00fcber eine spezielle Wippnase und eine hintere Br\u00fccke, die dabei helfen, den Anker in der richtigen Ausrichtung zur\u00fcckzuholen, wenn er in den Bugrollen gezogen wird. Dieses durchdachte Design in Kombination mit den Drehm\u00f6glichkeiten des Wirbels vereinfacht und verbessert die Sicherheit beim Setzen und Einholen Ihres Ankers.<\/p>\n<p style=\"color: rgb(34, 34, 34); font-family: Arial, Helvetica, sans-serif; font-size: small;\">Sechskantkopfschrauben zur Verriegelung des Wirbels beseitigen die Notwendigkeit zus\u00e4tzlicher Schrauben, um die Wirbelbolzen zu sichern. Jeder ULTRA Flip Swivel hat seine Bruchfestigkeit deutlich auf der R\u00fcckseite seines einteiligen Geh\u00e4uses angegeben, was Zuverl\u00e4ssigkeit garantiert. Dieses Design ist f\u00fcr die Verwendung mit ULTRA-Ankern optimiert und erreicht ein ideales Gleichgewicht.<\/p>\n<p style=\"color: rgb(34, 34, 34); font-family: Arial, Helvetica, sans-serif; font-size: small;\">Der ULTRA Flip Swivel wird durch eine standardm\u00e4\u00dfige 5-Jahres-Garantie unterst\u00fctzt und verf\u00fcgt \u00fcber innovative Designelemente, die ihn zum fortschrittlichsten Ankerwirbel auf dem heutigen Markt machen.<\/p>\n","protected":false},"excerpt":{"rendered":"<p>Anschlussst\u00fcck Ultra f\u00fcr 8-10 mm Kette &#8211; Der UFS10-35 ULTRA Flip Swivel f\u00fcr Ketten von 8 bis 10 mm oder<\/p>\n","protected":false},"featured_media":5946957,"comment_status":"open","ping_status":"closed","template":"","meta":[],"product_brand":[3495],"product_cat":[1580],"product_tag":[],"class_list":{"0":"post-738159","1":"product","2":"type-product","3":"status-publish","4":"has-post-thumbnail","6":"product_brand-ultra-marine-de","7":"product_cat-anker-ultra","9":"first","10":"instock","11":"shipping-taxable","12":"purchasable","13":"product-type-simple"},"_links":{"self":[{"href":"https:\/\/stoic-curie.212-227-153-4.plesk.page\/de\/wp-json\/wp\/v2\/product\/738159","targetHints":{"allow":["GET"]}}],"collection":[{"href":"https:\/\/stoic-curie.212-227-153-4.plesk.page\/de\/wp-json\/wp\/v2\/product"}],"about":[{"href":"https:\/\/stoic-curie.212-227-153-4.plesk.page\/de\/wp-json\/wp\/v2\/types\/product"}],"replies":[{"embeddable":true,"href":"https:\/\/stoic-curie.212-227-153-4.plesk.page\/de\/wp-json\/wp\/v2\/comments?post=738159"}],"version-history":[{"count":0,"href":"https:\/\/stoic-curie.212-227-153-4.plesk.page\/de\/wp-json\/wp\/v2\/product\/738159\/revisions"}],"wp:featuredmedia":[{"embeddable":true,"href":"https:\/\/stoic-curie.212-227-153-4.plesk.page\/de\/wp-json\/wp\/v2\/media\/5946957"}],"wp:attachment":[{"href":"https:\/\/stoic-curie.212-227-153-4.plesk.page\/de\/wp-json\/wp\/v2\/media?parent=738159"}],"wp:term":[{"taxonomy":"product_brand","embeddable":true,"href":"https:\/\/stoic-curie.212-227-153-4.plesk.page\/de\/wp-json\/wp\/v2\/product_brand?post=738159"},{"taxonomy":"product_cat","embeddable":true,"href":"https:\/\/stoic-curie.212-227-153-4.plesk.page\/de\/wp-json\/wp\/v2\/product_cat?post=738159"},{"taxonomy":"product_tag","embeddable":true,"href":"https:\/\/stoic-curie.212-227-153-4.plesk.page\/de\/wp-json\/wp\/v2\/product_tag?post=738159"}],"curies":[{"name":"wp","href":"https:\/\/api.w.org\/{rel}","templated":true}]}}