{"id":738160,"date":"2025-03-03T17:45:36","date_gmt":"2025-03-03T16:45:36","guid":{"rendered":"https:\/\/stoic-curie.212-227-153-4.plesk.page\/producto\/anschlussstueck-ultra-fuer-10-13-kette\/"},"modified":"2026-02-24T23:35:16","modified_gmt":"2026-02-24T23:35:16","slug":"anschlussstueck-ultra-fuer-10-13-kette","status":"publish","type":"product","link":"https:\/\/stoic-curie.212-227-153-4.plesk.page\/de\/product\/anschlussstueck-ultra-fuer-10-13-kette\/","title":{"rendered":"Anschlussst\u00fcck Ultra f\u00fcr 10\/13 Kette"},"content":{"rendered":"<p>Anschlussst\u00fcck Ultra f\u00fcr 10\/13 Kette &#8211; <\/p>\n<p style=\"color: rgb(34, 34, 34); font-family: Arial, Helvetica, sans-serif; font-size: small;\"><strong>Ultra Flip Swivel von Ultra Marine<\/strong><\/p>\n<p style=\"color: rgb(34, 34, 34); font-family: Arial, Helvetica, sans-serif; font-size: small;\">Wir pr\u00e4sentieren den Ultra Flip Swivel, einen robusten Kettenverbinder f\u00fcr maritime Anwendungen. Hergestellt aus 316 Edelstahl und handpoliert f\u00fcr Langlebigkeit, verbindet dieser Verbinder sicher den Anker und die Kette, ohne zus\u00e4tzliche Sch\u00e4kel zu ben\u00f6tigen. Er enth\u00e4lt einen Kleber zum Verriegeln der Gewinde und bietet einen RINA-zertifizierten Drehverbinder mit einem Kugelgelenk und Teflon-O-Ring, der es dem Anker erm\u00f6glicht, sich automatisch in der Rollenf\u00fchrung zu positionieren.<\/p>\n<p style=\"color: rgb(34, 34, 34); font-family: Arial, Helvetica, sans-serif; font-size: small;\"><strong>Im Lieferumfang enthalten:<\/strong><\/p>\n<ul style=\"color: rgb(34, 34, 34); font-family: Arial, Helvetica, sans-serif; font-size: small;\">\n<li>Flip Swivel<\/li>\n<li>Hakenbremse<\/li>\n<li>Passende Innensechskantschl\u00fcssel<\/li>\n<\/ul>\n<p style=\"color: rgb(34, 34, 34); font-family: Arial, Helvetica, sans-serif; font-size: small;\"><strong>Technische Spezifikationen:<\/strong><\/p>\n<ul style=\"color: rgb(34, 34, 34); font-family: Arial, Helvetica, sans-serif; font-size: small;\">\n<li>Aus 316 Edelstahl in der Tschechischen Republik gefertigt<\/li>\n<li>3 Jahre Herstellergarantie<\/li>\n<li>Jede Einheit ist mit der Bruchlast des Herstellers gestempelt<\/li>\n<li>Entwickelt, um die Bruchlast typischer Ankerketten zu \u00fcbertreffen<\/li>\n<li>Erm\u00f6glicht 360-Grad-Drehung und 30 Grad Bewegung<\/li>\n<li>Einteiliger K\u00f6rper mit einem Flip-Nub f\u00fcr die richtige Ankeraufnahme<\/li>\n<li>Sicherer Sechskantkopf-Verriegelungsbolzen<\/li>\n<\/ul>\n<p style=\"color: rgb(34, 34, 34); font-family: Arial, Helvetica, sans-serif; font-size: small;\"><strong>Hauptmerkmale und Vorteile:<\/strong><\/p>\n<ul style=\"color: rgb(34, 34, 34); font-family: Arial, Helvetica, sans-serif; font-size: small;\">\n<li><strong>Einteilige Konstruktion:<\/strong> Maximale Festigkeit mit einem CNC-bearbeiteten K\u00f6rper.<\/li>\n<li><strong>Universelle Kompatibilit\u00e4t:<\/strong> Funktioniert mit den meisten Ankerdesigns.<\/li>\n<li><strong>Selbstreinigende Kugel:<\/strong> Erm\u00f6glicht eine reibungslose 360-Grad-Drehung.<\/li>\n<li><strong>Sichere Verriegelungsbolzen:<\/strong> Verhindern versehentliches L\u00f6sen.<\/li>\n<li><strong>Teflon-O-Ring:<\/strong> Reduziert die Reibung f\u00fcr einen reibungslosen Betrieb.<\/li>\n<li><strong>Flip-Nub:<\/strong> Hilft dem Anker, sich richtig auszurichten, wenn er auf dem Kopf steht.<\/li>\n<li><strong>Abgerundete Ecken:<\/strong> Sch\u00fctzt das Deck und die Crew vor Verletzungen.<\/li>\n<li><strong>\u00d6ffnungsgr\u00f6\u00dfe:<\/strong> Passt zu bestimmten Kettengr\u00f6\u00dfen.<\/li>\n<li><strong>Garantie:<\/strong> Wird mit einer standardm\u00e4\u00dfigen f\u00fcnfj\u00e4hrigen Garantie geliefert.<\/li>\n<\/ul>\n<p style=\"color: rgb(34, 34, 34); font-family: Arial, Helvetica, sans-serif; font-size: small;\"><strong>Bruchlastinformationen:<\/strong><\/p>\n<p style=\"color: rgb(34, 34, 34); font-family: Arial, Helvetica, sans-serif; font-size: small;\">Die Bruchlast bei vertikaler Zugkraft ist angegeben, wobei die seitliche Bruchlast ein Drittel dieses Wertes betr\u00e4gt.<\/p>\n<p style=\"color: rgb(34, 34, 34); font-family: Arial, Helvetica, sans-serif; font-size: small;\"><strong>Innovative Merkmale:<\/strong><\/p>\n<p style=\"color: rgb(34, 34, 34); font-family: Arial, Helvetica, sans-serif; font-size: small;\">Das Design umfasst eine hintere Br\u00fccke f\u00fcr eine einfache Drehung, abgerundete Ecken zum Schutz vor Sch\u00e4den und eine nicht rotierende Schraube zur Sicherung f\u00fcr mehr Sicherheit.<\/p>\n","protected":false},"excerpt":{"rendered":"<p>Anschlussst\u00fcck Ultra f\u00fcr 10\/13 Kette &#8211; Ultra Flip Swivel von Ultra Marine Wir pr\u00e4sentieren den Ultra Flip Swivel, einen robusten<\/p>\n","protected":false},"featured_media":5946957,"comment_status":"open","ping_status":"closed","template":"","meta":[],"product_brand":[3495],"product_cat":[1580],"product_tag":[],"class_list":{"0":"post-738160","1":"product","2":"type-product","3":"status-publish","4":"has-post-thumbnail","6":"product_brand-ultra-marine-de","7":"product_cat-anker-ultra","9":"first","10":"instock","11":"shipping-taxable","12":"purchasable","13":"product-type-simple"},"_links":{"self":[{"href":"https:\/\/stoic-curie.212-227-153-4.plesk.page\/de\/wp-json\/wp\/v2\/product\/738160","targetHints":{"allow":["GET"]}}],"collection":[{"href":"https:\/\/stoic-curie.212-227-153-4.plesk.page\/de\/wp-json\/wp\/v2\/product"}],"about":[{"href":"https:\/\/stoic-curie.212-227-153-4.plesk.page\/de\/wp-json\/wp\/v2\/types\/product"}],"replies":[{"embeddable":true,"href":"https:\/\/stoic-curie.212-227-153-4.plesk.page\/de\/wp-json\/wp\/v2\/comments?post=738160"}],"version-history":[{"count":0,"href":"https:\/\/stoic-curie.212-227-153-4.plesk.page\/de\/wp-json\/wp\/v2\/product\/738160\/revisions"}],"wp:featuredmedia":[{"embeddable":true,"href":"https:\/\/stoic-curie.212-227-153-4.plesk.page\/de\/wp-json\/wp\/v2\/media\/5946957"}],"wp:attachment":[{"href":"https:\/\/stoic-curie.212-227-153-4.plesk.page\/de\/wp-json\/wp\/v2\/media?parent=738160"}],"wp:term":[{"taxonomy":"product_brand","embeddable":true,"href":"https:\/\/stoic-curie.212-227-153-4.plesk.page\/de\/wp-json\/wp\/v2\/product_brand?post=738160"},{"taxonomy":"product_cat","embeddable":true,"href":"https:\/\/stoic-curie.212-227-153-4.plesk.page\/de\/wp-json\/wp\/v2\/product_cat?post=738160"},{"taxonomy":"product_tag","embeddable":true,"href":"https:\/\/stoic-curie.212-227-153-4.plesk.page\/de\/wp-json\/wp\/v2\/product_tag?post=738160"}],"curies":[{"name":"wp","href":"https:\/\/api.w.org\/{rel}","templated":true}]}}