{"id":738161,"date":"2025-03-03T17:45:36","date_gmt":"2025-03-03T16:45:36","guid":{"rendered":"https:\/\/stoic-curie.212-227-153-4.plesk.page\/producto\/ankerwirbel-ultra-fuer-12-16-mm-kette\/"},"modified":"2026-02-24T23:35:16","modified_gmt":"2026-02-24T23:35:16","slug":"ankerwirbel-ultra-fuer-12-16-mm-kette","status":"publish","type":"product","link":"https:\/\/stoic-curie.212-227-153-4.plesk.page\/de\/product\/ankerwirbel-ultra-fuer-12-16-mm-kette\/","title":{"rendered":"Ankerwirbel Ultra f\u00fcr 12-16 mm Kette"},"content":{"rendered":"<p>Ankerwirbel Ultra f\u00fcr 12-16 mm Kette &#8211; <\/p>\n<p style=\"color: rgb(34, 34, 34); font-family: Arial, Helvetica, sans-serif; font-size: small;\"><strong>Ultra Flip Swivel von Ultra Marine<\/strong><\/p>\n<p style=\"color: rgb(34, 34, 34); font-family: Arial, Helvetica, sans-serif; font-size: small;\">Wir pr\u00e4sentieren einen robusten und innovativen Kettenverbinder! Der Ultra Flip Swivel verf\u00fcgt \u00fcber einen Ankerwirbel und einen Haken aus 316 Edelstahl, der fachm\u00e4nnisch handpoliert wurde, um Langlebigkeit zu gew\u00e4hrleisten. Dieser Verbinder verbindet sicher den Anker und die Kette und bietet einen zuverl\u00e4ssigen Halt, ganz ohne zus\u00e4tzliche Sch\u00e4kel. Ein Kleber f\u00fcr das Gewindesichern ist f\u00fcr zus\u00e4tzliche Sicherheit enthalten. Der RINA-zertifizierte Edelstahlwirbelverbinder beinhaltet ein Kugelgelenk und einen Teflon-O-Ring, der es dem Anker erm\u00f6glicht, sich automatisch in der Rollf\u00fchrung auszurichten, ohne Blockaden oder Verwicklungen an der Winde. Der Ultra Marine Flip Swivel repr\u00e4sentiert au\u00dfergew\u00f6hnliches marines Design und Ingenieurkunst und bietet eine einteilige Ankerverbinderl\u00f6sung, die zus\u00e4tzliche Sch\u00e4kel \u00fcberfl\u00fcssig macht.<\/p>\n<p style=\"color: rgb(34, 34, 34); font-family: Arial, Helvetica, sans-serif; font-size: small;\"><strong>Im Lieferumfang enthalten:<\/strong><\/p>\n<ul style=\"color: rgb(34, 34, 34); font-family: Arial, Helvetica, sans-serif; font-size: small;\">\n<li>Flip Swivel<\/li>\n<li>Hakenbremse<\/li>\n<li>Passende Innensechskantschl\u00fcssel<\/li>\n<\/ul>\n<p style=\"color: rgb(34, 34, 34); font-family: Arial, Helvetica, sans-serif; font-size: small;\"><strong>Spezifikationen des Ultra Flip Swivel:<\/strong><\/p>\n<ul style=\"color: rgb(34, 34, 34); font-family: Arial, Helvetica, sans-serif; font-size: small;\">\n<li>Hergestellt aus 316 Edelstahl von Ultra Marine Anchors in der Tschechischen Republik<\/li>\n<li>3-Jahres-Garantie des Herstellers<\/li>\n<li>Jede Einheit ist individuell mit der Bruchlast des Herstellers gestempelt<\/li>\n<li>Entwickelt, um sicherzustellen, dass die Bruchsicherung die eines typischen Ankerseils derselben Gr\u00f6\u00dfe \u00fcbersteigt<\/li>\n<li>Erlaubt 360-Grad-Drehung und 30 Grad Artikulation<\/li>\n<li>Einteiliges Geh\u00e4use mit einem Flip-Nub stellt sicher, dass der Anker immer in der richtigen Position zur\u00fcckgeholt wird<\/li>\n<li>Sechskant-Kopf-Verriegelungsschraube erfordert keine zus\u00e4tzlichen Sicherheitsma\u00dfnahmen<\/li>\n<\/ul>\n<p style=\"color: rgb(34, 34, 34); font-family: Arial, Helvetica, sans-serif; font-size: small;\"><strong>Tatsachen, Merkmale und Vorteile des Ultra Flip Swivel:<\/strong><\/p>\n<ul style=\"color: rgb(34, 34, 34); font-family: Arial, Helvetica, sans-serif; font-size: small;\">\n<li><strong>Einteilige L\u00f6sung:<\/strong> Der CNC-gefr\u00e4ste, einteilige K\u00f6rper und Kopf mit integriertem Kugelgelenk sorgt f\u00fcr maximale Festigkeit.<\/li>\n<li><strong>Universelle Kompatibilit\u00e4t:<\/strong> Eignet sich f\u00fcr die meisten Ankerdesigns, nicht nur f\u00fcr Ultra-Anker.<\/li>\n<li><strong>Selbstreinigende halbkugelf\u00f6rmige Kugel:<\/strong> Erm\u00f6glicht eine 360-Grad-Drehung.<\/li>\n<li><strong>Sichere Sechskantkopf-Schrauben:<\/strong> Stellt sicher, dass die Verriegelungsschraube vollst\u00e4ndig gesichert ist und sich nicht versehentlich l\u00f6st; Innensechskantschl\u00fcssel f\u00fcr das andere Ende sind enthalten.<\/li>\n<li><strong>Teflon-O-Ring:<\/strong> Der interne Ring reduziert die Reibung zwischen den Metallen unter Last, was zu geringer Widerstand und reibungslosem Betrieb f\u00fchrt.<\/li>\n<li><strong>Flip-Nub:<\/strong> Wenn der Anker verkehrt herum wieder aufgenommen wird, hilft der Flip-Nub, den Anker korrekt auf die Rolle auszurichten.<\/li>\n<li><strong>Abgerundete Ecken:<\/strong> Verhindern potenzielle Besch\u00e4digungen des Decks und reduzieren das Risiko von Verletzungen der Besatzung.<\/li>\n<li><strong>\u00d6ffnung:<\/strong> Speziell f\u00fcr die Kettengr\u00f6\u00dfe entworfen.<\/li>\n<li><strong>Spezifikationen:<\/strong> Die Kettengr\u00f6\u00dfe und Bruchlast sind auf der R\u00fcckseite des Wirbels deutlich gekennzeichnet.<\/li>\n<li><strong>Garantie:<\/strong> Alle ULTRA-Wirbel sind mit einer standardm\u00e4\u00dfigen f\u00fcnfj\u00e4hrigen Garantie ausgestattet.<\/li>\n<\/ul>\n<p style=\"color: rgb(34, 34, 34); font-family: Arial, Helvetica, sans-serif; font-size: small;\"><strong>Informationen zur Bruchlast:<\/strong><\/p>\n<ul style=\"color: rgb(34, 34, 34); font-family: Arial, Helvetica, sans-serif; font-size: small;\">\n<li>BL = Bruchlast in vertikaler Zugrichtung.<\/li>\n<li>Die Bruchlast bei Seitenbiegung betr\u00e4gt ein Drittel der Bruchlast bei vertikaler Zugrichtung.<\/li>\n<\/ul>\n<p style=\"color: rgb(34, 34, 34); font-family: Arial, Helvetica, sans-serif; font-size: small;\"><strong>Innovative Funktionen:<\/strong><\/p>\n<ol style=\"color: rgb(34, 34, 34); font-family: Arial, Helvetica, sans-serif; font-size: small;\">\n<li>Die hintere Br\u00fccke erm\u00f6glicht es dem Ankerstock, sich leicht zu drehen.<\/li>\n<li>Abgerundete Ecken helfen, Besch\u00e4digungen an ber\u00fchrten Oberfl\u00e4chen zu vermeiden.<\/li>\n<li>Der Flip-Nub sorgt daf\u00fcr, dass der Anker sich auf die Rolle richtet.<\/li>\n<li>Der Teflon-Innen-O-Ring sorgt f\u00fcr geringen Widerstand und reibungslosen Betrieb und verhindert Metallreibung unter Last.<\/li>\n<li>Das Kugelgelenk erm\u00f6glicht maximale Bewegung bei gleichzeitiger St\u00e4rkung.<\/li>\n<li>Die \u00d6ffnung ist optimal f\u00fcr alle Kettengr\u00f6\u00dfen gestaltet.<\/li>\n<li>Die Verriegelungsschraube hat keinen Drehmechanismus und kann sich nicht lockern, was die Sicherheit erh\u00f6ht.<\/li>\n<li>Kettengr\u00f6\u00dfe und Bruchlast sind klar auf der R\u00fcckseite gekennzeichnet.<\/li>\n<\/ol>\n","protected":false},"excerpt":{"rendered":"<p>Ankerwirbel Ultra f\u00fcr 12-16 mm Kette &#8211; Ultra Flip Swivel von Ultra Marine Wir pr\u00e4sentieren einen robusten und innovativen Kettenverbinder!<\/p>\n","protected":false},"featured_media":5946957,"comment_status":"open","ping_status":"closed","template":"","meta":[],"product_brand":[3495],"product_cat":[1580],"product_tag":[],"class_list":{"0":"post-738161","1":"product","2":"type-product","3":"status-publish","4":"has-post-thumbnail","6":"product_brand-ultra-marine-de","7":"product_cat-anker-ultra","9":"first","10":"instock","11":"shipping-taxable","12":"purchasable","13":"product-type-simple"},"_links":{"self":[{"href":"https:\/\/stoic-curie.212-227-153-4.plesk.page\/de\/wp-json\/wp\/v2\/product\/738161","targetHints":{"allow":["GET"]}}],"collection":[{"href":"https:\/\/stoic-curie.212-227-153-4.plesk.page\/de\/wp-json\/wp\/v2\/product"}],"about":[{"href":"https:\/\/stoic-curie.212-227-153-4.plesk.page\/de\/wp-json\/wp\/v2\/types\/product"}],"replies":[{"embeddable":true,"href":"https:\/\/stoic-curie.212-227-153-4.plesk.page\/de\/wp-json\/wp\/v2\/comments?post=738161"}],"version-history":[{"count":0,"href":"https:\/\/stoic-curie.212-227-153-4.plesk.page\/de\/wp-json\/wp\/v2\/product\/738161\/revisions"}],"wp:featuredmedia":[{"embeddable":true,"href":"https:\/\/stoic-curie.212-227-153-4.plesk.page\/de\/wp-json\/wp\/v2\/media\/5946957"}],"wp:attachment":[{"href":"https:\/\/stoic-curie.212-227-153-4.plesk.page\/de\/wp-json\/wp\/v2\/media?parent=738161"}],"wp:term":[{"taxonomy":"product_brand","embeddable":true,"href":"https:\/\/stoic-curie.212-227-153-4.plesk.page\/de\/wp-json\/wp\/v2\/product_brand?post=738161"},{"taxonomy":"product_cat","embeddable":true,"href":"https:\/\/stoic-curie.212-227-153-4.plesk.page\/de\/wp-json\/wp\/v2\/product_cat?post=738161"},{"taxonomy":"product_tag","embeddable":true,"href":"https:\/\/stoic-curie.212-227-153-4.plesk.page\/de\/wp-json\/wp\/v2\/product_tag?post=738161"}],"curies":[{"name":"wp","href":"https:\/\/api.w.org\/{rel}","templated":true}]}}