{"id":738183,"date":"2025-03-03T17:45:41","date_gmt":"2025-03-03T16:45:41","guid":{"rendered":"https:\/\/stoic-curie.212-227-153-4.plesk.page\/producto\/edelstahl-anker-pool-hhp-40kg\/"},"modified":"2026-02-24T23:35:17","modified_gmt":"2026-02-24T23:35:17","slug":"edelstahl-anker-pool-hhp-40kg","status":"publish","type":"product","link":"https:\/\/stoic-curie.212-227-153-4.plesk.page\/de\/product\/edelstahl-anker-pool-hhp-40kg\/","title":{"rendered":"Edelstahl-Anker Pool 40kg"},"content":{"rendered":"<p>Edelstahl-Anker Pool 40kg &#8211; <\/p>\n<p><strong>Edelstahl Poolanker &#8211; 40 kg<\/strong><\/p>\n<p>Wir freuen uns, den hochgl\u00e4nzenden Edelstahl HHP-TW (High Holding Power) Poolanker zu pr\u00e4sentieren, der fachm\u00e4nnisch f\u00fcr Schiffe mit einer modernen Bugleine und einer Ankerlagerung an der Seitenhawse entwickelt wurde. Unser HHP-TW Modell zeichnet sich als \u00fcberlegener klappfreier Anker aus und bietet eine au\u00dfergew\u00f6hnliche Haltekraft, die viermal so hoch ist wie die eines herk\u00f6mmlichen klappfreien Ankers.<\/p>\n<p>Mit seinen scharfen und glatten Schenkeln ist dieser Anker anpassungsf\u00e4hig genug, um unter verschiedenen Bodenbedingungen hervorragende Leistungen zu erbringen. Er wird h\u00e4ufig als Buganker oder f\u00fcr Offshore-Bohroperationen eingesetzt. Der TW-Anker geh\u00f6rt zu den klappfreien Hochhaltekraftankern und bietet mehr als das Doppelte der Haltekapazit\u00e4t von traditionellen Ankern gleichen Gewichts.<\/p>\n<p>Hergestellt mit gro\u00dfen flachen Schenkeln aus hochfestem Stahlblech, variiert die Dicke der Schenkel je nach Ankergr\u00f6\u00dfe von 15 mm bis 140 mm. Diese robuste Bauweise gew\u00e4hrleistet Zuverl\u00e4ssigkeit und Leistung und macht ihn zu einer herausragenden Wahl f\u00fcr Bootsbesitzer, die zuverl\u00e4ssige Ankerl\u00f6sungen suchen.<\/p>\n","protected":false},"excerpt":{"rendered":"<p>Edelstahl-Anker Pool 40kg &#8211; Edelstahl Poolanker &#8211; 40 kg Wir freuen uns, den hochgl\u00e4nzenden Edelstahl HHP-TW (High Holding Power) Poolanker<\/p>\n","protected":false},"featured_media":5946998,"comment_status":"open","ping_status":"closed","template":"","meta":[],"product_brand":[3120],"product_cat":[1584],"product_tag":[],"class_list":{"0":"post-738183","1":"product","2":"type-product","3":"status-publish","4":"has-post-thumbnail","6":"product_brand-marinetech-de","7":"product_cat-anker-danforth","9":"first","10":"instock","11":"shipping-taxable","12":"purchasable","13":"product-type-simple"},"_links":{"self":[{"href":"https:\/\/stoic-curie.212-227-153-4.plesk.page\/de\/wp-json\/wp\/v2\/product\/738183","targetHints":{"allow":["GET"]}}],"collection":[{"href":"https:\/\/stoic-curie.212-227-153-4.plesk.page\/de\/wp-json\/wp\/v2\/product"}],"about":[{"href":"https:\/\/stoic-curie.212-227-153-4.plesk.page\/de\/wp-json\/wp\/v2\/types\/product"}],"replies":[{"embeddable":true,"href":"https:\/\/stoic-curie.212-227-153-4.plesk.page\/de\/wp-json\/wp\/v2\/comments?post=738183"}],"version-history":[{"count":0,"href":"https:\/\/stoic-curie.212-227-153-4.plesk.page\/de\/wp-json\/wp\/v2\/product\/738183\/revisions"}],"wp:featuredmedia":[{"embeddable":true,"href":"https:\/\/stoic-curie.212-227-153-4.plesk.page\/de\/wp-json\/wp\/v2\/media\/5946998"}],"wp:attachment":[{"href":"https:\/\/stoic-curie.212-227-153-4.plesk.page\/de\/wp-json\/wp\/v2\/media?parent=738183"}],"wp:term":[{"taxonomy":"product_brand","embeddable":true,"href":"https:\/\/stoic-curie.212-227-153-4.plesk.page\/de\/wp-json\/wp\/v2\/product_brand?post=738183"},{"taxonomy":"product_cat","embeddable":true,"href":"https:\/\/stoic-curie.212-227-153-4.plesk.page\/de\/wp-json\/wp\/v2\/product_cat?post=738183"},{"taxonomy":"product_tag","embeddable":true,"href":"https:\/\/stoic-curie.212-227-153-4.plesk.page\/de\/wp-json\/wp\/v2\/product_tag?post=738183"}],"curies":[{"name":"wp","href":"https:\/\/api.w.org\/{rel}","templated":true}]}}