{"id":738184,"date":"2025-03-03T17:45:41","date_gmt":"2025-03-03T16:45:41","guid":{"rendered":"https:\/\/stoic-curie.212-227-153-4.plesk.page\/producto\/edelstahl-anker-pool-hhp-60kg\/"},"modified":"2026-02-24T23:35:17","modified_gmt":"2026-02-24T23:35:17","slug":"edelstahl-anker-pool-hhp-60kg","status":"publish","type":"product","link":"https:\/\/stoic-curie.212-227-153-4.plesk.page\/de\/product\/edelstahl-anker-pool-hhp-60kg\/","title":{"rendered":"Edelstahl-Anker &quot;Pool HHP&quot; 60kg"},"content":{"rendered":"<p>Edelstahl-Anker &#8220;Pool HHP&#8221; 60kg &#8211; <\/p>\n<p>Wir freuen uns, den Edelstahl-Anker &#8220;Pool HHP&#8221; vorzustellen, der mit beeindruckenden 60 kg wiegt. Dieser Anker ist nicht nur ein funktionales Ausr\u00fcstungsteil; es ist ein sorgf\u00e4ltig gefertigtes Produkt, das \u00fcber eine spiegelpolierte Oberfl\u00e4che verf\u00fcgt, die nicht nur seine \u00e4sthetische Anziehungskraft erh\u00f6ht, sondern auch zu seiner langanhaltenden Haltbarkeit in der rauen Marineumgebung beitr\u00e4gt. Der Pool HHP-TW-Anker ist speziell mit hoher Haltekraft (HHP) entwickelt worden, was ihn zu einer hervorragenden Wahl macht, um Ihr Schiff unter verschiedenen Bedingungen auf See zu sichern, sei es bei ruhigem Wasser oder st\u00fcrmischer See.<\/p>\n<p>Dieser Anker eignet sich besonders gut f\u00fcr Boote, die mit einer modernen Buglinie konstruiert sind, einschlie\u00dflich eines strategisch an der Seitenklampen positionierten Ankerhauses. Dieses durchdachte Design gew\u00e4hrleistet optimale Leistung und Zuverl\u00e4ssigkeit beim Ankern Ihres Bootes und bietet Ihnen die Gewissheit, w\u00e4hrend Sie Ihre Zeit auf dem Wasser genie\u00dfen. Mit dem Pool HHP-Anker k\u00f6nnen Sie darauf vertrauen, dass Ihr Schiff sicher verankert bleibt, sodass Sie sich auf Ihr Bootserlebnis konzentrieren k\u00f6nnen.<\/p>\n","protected":false},"excerpt":{"rendered":"<p>Edelstahl-Anker &#8220;Pool HHP&#8221; 60kg &#8211; Wir freuen uns, den Edelstahl-Anker &#8220;Pool HHP&#8221; vorzustellen, der mit beeindruckenden 60 kg wiegt. Dieser<\/p>\n","protected":false},"featured_media":5946998,"comment_status":"open","ping_status":"closed","template":"","meta":[],"product_brand":[3120],"product_cat":[1584],"product_tag":[],"class_list":{"0":"post-738184","1":"product","2":"type-product","3":"status-publish","4":"has-post-thumbnail","6":"product_brand-marinetech-de","7":"product_cat-anker-danforth","9":"first","10":"instock","11":"shipping-taxable","12":"purchasable","13":"product-type-simple"},"_links":{"self":[{"href":"https:\/\/stoic-curie.212-227-153-4.plesk.page\/de\/wp-json\/wp\/v2\/product\/738184","targetHints":{"allow":["GET"]}}],"collection":[{"href":"https:\/\/stoic-curie.212-227-153-4.plesk.page\/de\/wp-json\/wp\/v2\/product"}],"about":[{"href":"https:\/\/stoic-curie.212-227-153-4.plesk.page\/de\/wp-json\/wp\/v2\/types\/product"}],"replies":[{"embeddable":true,"href":"https:\/\/stoic-curie.212-227-153-4.plesk.page\/de\/wp-json\/wp\/v2\/comments?post=738184"}],"version-history":[{"count":0,"href":"https:\/\/stoic-curie.212-227-153-4.plesk.page\/de\/wp-json\/wp\/v2\/product\/738184\/revisions"}],"wp:featuredmedia":[{"embeddable":true,"href":"https:\/\/stoic-curie.212-227-153-4.plesk.page\/de\/wp-json\/wp\/v2\/media\/5946998"}],"wp:attachment":[{"href":"https:\/\/stoic-curie.212-227-153-4.plesk.page\/de\/wp-json\/wp\/v2\/media?parent=738184"}],"wp:term":[{"taxonomy":"product_brand","embeddable":true,"href":"https:\/\/stoic-curie.212-227-153-4.plesk.page\/de\/wp-json\/wp\/v2\/product_brand?post=738184"},{"taxonomy":"product_cat","embeddable":true,"href":"https:\/\/stoic-curie.212-227-153-4.plesk.page\/de\/wp-json\/wp\/v2\/product_cat?post=738184"},{"taxonomy":"product_tag","embeddable":true,"href":"https:\/\/stoic-curie.212-227-153-4.plesk.page\/de\/wp-json\/wp\/v2\/product_tag?post=738184"}],"curies":[{"name":"wp","href":"https:\/\/api.w.org\/{rel}","templated":true}]}}