{"id":738185,"date":"2025-03-03T17:45:42","date_gmt":"2025-03-03T16:45:42","guid":{"rendered":"https:\/\/stoic-curie.212-227-153-4.plesk.page\/producto\/edelstahl-anker-pool-hhp-75kg\/"},"modified":"2026-02-24T23:35:17","modified_gmt":"2026-02-24T23:35:17","slug":"edelstahl-anker-pool-hhp-75kg","status":"publish","type":"product","link":"https:\/\/stoic-curie.212-227-153-4.plesk.page\/de\/product\/edelstahl-anker-pool-hhp-75kg\/","title":{"rendered":"Edelstahl-Anker Pool 75kg"},"content":{"rendered":"<p>Edelstahl-Anker Pool 75kg &#8211; <\/p>\n<p style=\"color: rgb(34, 34, 34); font-family: Arial, Helvetica, sans-serif; font-size: small;\">Wir pr\u00e4sentieren den mirror-polierten Edelstahl Pool HHP-TW (High Holding Power) Anker, der speziell f\u00fcr Boote mit einer modernen Buglinie und Ankerunterbringung im seitlichen Hawse entwickelt wurde. Unser HHP-TW Typ Pool Anker ist ein \u00fcberlegener stockloser Anker, der au\u00dfergew\u00f6hnliche Haltekraft bietet und mit einem Haltekraftkoeffizienten aufwartet, der viermal h\u00f6her ist als der eines normalen stocklosen Ankers.<\/p>\n<p style=\"color: rgb(34, 34, 34); font-family: Arial, Helvetica, sans-serif; font-size: small;\">Mit seinen scharfen und glatten Flunken ist dieser Anker f\u00fcr alle Arten von Meeresbodenbedingungen geeignet und wird h\u00e4ufig als Buganker oder f\u00fcr Anwendungen im Offshore-Bohrbetrieb verwendet. Der TW-Typ-Anker geh\u00f6rt zur Kategorie der stocklosen Hochhaltekraftanker und bietet mehr als doppelt so viel Haltekraft im Vergleich zu herk\u00f6mmlichen Ankern mit demselben Gewicht.<\/p>\n<p style=\"color: rgb(34, 34, 34); font-family: Arial, Helvetica, sans-serif; font-size: small;\">Hergestellt mit gro\u00dfen flachen Flunken aus hochfestem Stahlblech, variiert die Dicke der Flunken je nach Ankergr\u00f6\u00dfe zwischen 15 mm und 140 mm. Dieses robuste Design gew\u00e4hrleistet Zuverl\u00e4ssigkeit und Leistung und macht ihn zu einer ausgezeichneten Wahl f\u00fcr Bootseigent\u00fcmer, die zuverl\u00e4ssige Ankerl\u00f6sungen suchen.<\/p>\n","protected":false},"excerpt":{"rendered":"<p>Edelstahl-Anker Pool 75kg &#8211; Wir pr\u00e4sentieren den mirror-polierten Edelstahl Pool HHP-TW (High Holding Power) Anker, der speziell f\u00fcr Boote mit<\/p>\n","protected":false},"featured_media":5946998,"comment_status":"open","ping_status":"closed","template":"","meta":[],"product_brand":[3120],"product_cat":[1584],"product_tag":[],"class_list":{"0":"post-738185","1":"product","2":"type-product","3":"status-publish","4":"has-post-thumbnail","6":"product_brand-marinetech-de","7":"product_cat-anker-danforth","9":"first","10":"outofstock","11":"shipping-taxable","12":"purchasable","13":"product-type-simple"},"_links":{"self":[{"href":"https:\/\/stoic-curie.212-227-153-4.plesk.page\/de\/wp-json\/wp\/v2\/product\/738185","targetHints":{"allow":["GET"]}}],"collection":[{"href":"https:\/\/stoic-curie.212-227-153-4.plesk.page\/de\/wp-json\/wp\/v2\/product"}],"about":[{"href":"https:\/\/stoic-curie.212-227-153-4.plesk.page\/de\/wp-json\/wp\/v2\/types\/product"}],"replies":[{"embeddable":true,"href":"https:\/\/stoic-curie.212-227-153-4.plesk.page\/de\/wp-json\/wp\/v2\/comments?post=738185"}],"version-history":[{"count":0,"href":"https:\/\/stoic-curie.212-227-153-4.plesk.page\/de\/wp-json\/wp\/v2\/product\/738185\/revisions"}],"wp:featuredmedia":[{"embeddable":true,"href":"https:\/\/stoic-curie.212-227-153-4.plesk.page\/de\/wp-json\/wp\/v2\/media\/5946998"}],"wp:attachment":[{"href":"https:\/\/stoic-curie.212-227-153-4.plesk.page\/de\/wp-json\/wp\/v2\/media?parent=738185"}],"wp:term":[{"taxonomy":"product_brand","embeddable":true,"href":"https:\/\/stoic-curie.212-227-153-4.plesk.page\/de\/wp-json\/wp\/v2\/product_brand?post=738185"},{"taxonomy":"product_cat","embeddable":true,"href":"https:\/\/stoic-curie.212-227-153-4.plesk.page\/de\/wp-json\/wp\/v2\/product_cat?post=738185"},{"taxonomy":"product_tag","embeddable":true,"href":"https:\/\/stoic-curie.212-227-153-4.plesk.page\/de\/wp-json\/wp\/v2\/product_tag?post=738185"}],"curies":[{"name":"wp","href":"https:\/\/api.w.org\/{rel}","templated":true}]}}