{"id":738187,"date":"2025-03-03T17:45:42","date_gmt":"2025-03-03T16:45:42","guid":{"rendered":"https:\/\/stoic-curie.212-227-153-4.plesk.page\/producto\/edelstahl-anker-pool-hhp-140kg\/"},"modified":"2026-02-24T23:35:17","modified_gmt":"2026-02-24T23:35:17","slug":"edelstahl-anker-pool-hhp-140kg","status":"publish","type":"product","link":"https:\/\/stoic-curie.212-227-153-4.plesk.page\/de\/product\/edelstahl-anker-pool-hhp-140kg\/","title":{"rendered":"Edelstahl-Anker Pool 140kg"},"content":{"rendered":"<p>Edelstahl-Anker Pool 140kg &#8211; <\/p>\n<p>Spiegelpolierter Edelstahl-Poolhaken HHP-TW (High Holding Power). Entwickelt f\u00fcr Boote mit einem neuen Konzept f\u00fcr Ankerleinen und Ankerlager in der seitlichen Winde.<\/p>\n<p style=\"color: rgb(34, 34, 34); font-family: Arial, Helvetica, sans-serif; font-size: small;\"><strong>Au\u00dfergew\u00f6hnliche Korrosionsbest\u00e4ndigkeit:<\/strong>\u00a0Hergestellt aus 316 Edelstahl bietet dieser Anker hervorragenden Korrosionsschutz, was ihn ideal f\u00fcr Salzwasserumgebungen macht. Sein robustes Design sorgt daf\u00fcr, dass er rost- und degradationsfrei bleibt, was eine langfristige Leistung und Zuverl\u00e4ssigkeit garantiert.<\/p>\n<p style=\"color: rgb(34, 34, 34); font-family: Arial, Helvetica, sans-serif; font-size: small;\"><strong>Optimales St\u00e4rke-zu-Gewicht-Verh\u00e4ltnis:<\/strong>\u00a0Die Konstruktion aus hochwertigem Edelstahl bietet ein exzellentes Verh\u00e4ltnis von St\u00e4rke zu Gewicht. Dies bedeutet, dass er beeindruckende St\u00e4rke und Stabilit\u00e4t bietet, w\u00e4hrend er gleichzeitig relativ leicht ist, was das Handling und die Lagerung an Bord erleichtert.<\/p>\n<p style=\"color: rgb(34, 34, 34); font-family: Arial, Helvetica, sans-serif; font-size: small;\">Die Schaufeln des Schiffsmoor-Ankers bestehen aus zwei geformten Platten, die miteinander verschwei\u00dft sind, was zu hohlen Schaufeln f\u00fchrt. Dieses Design verbessert die Widerstandsf\u00e4higkeit des Ankers gegen Biegekr\u00e4fte. Die extremen Punkte des Pool-Ankers sind breiter als die Kroneplatten, was zu seinen stabilen Verankerungseigenschaften beitr\u00e4gt.<\/p>\n<p style=\"color: rgb(34, 34, 34); font-family: Arial, Helvetica, sans-serif; font-size: small;\">Ein vollbalancierter Anker h\u00e4lt seine Schaufeln beim Heben in vertikaler Position, was das Stauen im Bugbereich erleichtert und eine reibungslose R\u00fcckholung unterst\u00fctzt. Im Gegensatz dazu kippt ein unausgeglichener Anker nach au\u00dfen und kann au\u00dferhalb der Ankerlager stecken bleiben. Der N-Typ-Marine-Poolanker wird komplett mit einem Kronenring geliefert und ist ein lagerloser Anker, der f\u00fcr die Ankerf\u00e4cher moderner Schiffe konzipiert ist. Seine \u00e4sthetische Anziehungskraft hat zu seiner Beliebtheit bei gro\u00dfen Yachten und Kreuzfahrtschiffen gef\u00fchrt. Er wird jedoch auch h\u00e4ufig bei Frachtschiffen eingesetzt, wobei einige der gr\u00f6\u00dften Containerreedereien ihre Flotten mit diesem Stahl-N-Typ-Poolanker ausstatten.<\/p>\n<p style=\"color: rgb(34, 34, 34); font-family: Arial, Helvetica, sans-serif; font-size: small;\">N-Typ-Marine-Poolanker verf\u00fcgen \u00fcber mehrere wichtige Merkmale, die sie zu einer zuverl\u00e4ssigen Verankerungsl\u00f6sung machen:<\/p>\n<ul style=\"color: rgb(34, 34, 34); font-family: Arial, Helvetica, sans-serif; font-size: small;\">\n<li>\n<p><strong>Material:<\/strong>\u00a0Typischerweise aus hochwertigem Edelstahl wie 316L, der hervorragenden Korrosionsschutz in maritimen Umgebungen bietet.<\/p>\n<\/li>\n<li>\n<p><strong>Design:<\/strong>\u00a0Der N-Typ-Anker hat ein klassisches Design mit zwei symmetrischen Schaufeln, die sich an der Krone drehen und somit einen schnellen Aufbau und eine zuverl\u00e4ssige Haltekraft erm\u00f6glichen.<\/p>\n<\/li>\n<li>\n<p><strong>Hohe Klauen:<\/strong>\u00a0Die hohlen Klauen reduzieren nicht nur das Gewicht, sondern erh\u00f6hen auch die St\u00e4rke und den Widerstand gegen Biegung. Dieses Design f\u00f6rdert eine schnellere und effizientere Penetration in verschiedene Meeresbodenarten.<\/p>\n<\/li>\n<li>\n<p><strong>Schwei\u00dfkonstruktion:<\/strong>\u00a0Die Schaufeln des N-Typ-Ankers sind zu einer soliden Einheit geschwei\u00dft, was Haltbarkeit gew\u00e4hrleistet und Schwachstellen ausschlie\u00dft.<\/p>\n<\/li>\n<\/ul>\n","protected":false},"excerpt":{"rendered":"<p>Edelstahl-Anker Pool 140kg &#8211; Spiegelpolierter Edelstahl-Poolhaken HHP-TW (High Holding Power). Entwickelt f\u00fcr Boote mit einem neuen Konzept f\u00fcr Ankerleinen und<\/p>\n","protected":false},"featured_media":5946998,"comment_status":"open","ping_status":"closed","template":"","meta":[],"product_brand":[3120],"product_cat":[1584],"product_tag":[],"class_list":{"0":"post-738187","1":"product","2":"type-product","3":"status-publish","4":"has-post-thumbnail","6":"product_brand-marinetech-de","7":"product_cat-anker-danforth","9":"first","10":"outofstock","11":"shipping-taxable","12":"purchasable","13":"product-type-simple"},"_links":{"self":[{"href":"https:\/\/stoic-curie.212-227-153-4.plesk.page\/de\/wp-json\/wp\/v2\/product\/738187","targetHints":{"allow":["GET"]}}],"collection":[{"href":"https:\/\/stoic-curie.212-227-153-4.plesk.page\/de\/wp-json\/wp\/v2\/product"}],"about":[{"href":"https:\/\/stoic-curie.212-227-153-4.plesk.page\/de\/wp-json\/wp\/v2\/types\/product"}],"replies":[{"embeddable":true,"href":"https:\/\/stoic-curie.212-227-153-4.plesk.page\/de\/wp-json\/wp\/v2\/comments?post=738187"}],"version-history":[{"count":0,"href":"https:\/\/stoic-curie.212-227-153-4.plesk.page\/de\/wp-json\/wp\/v2\/product\/738187\/revisions"}],"wp:featuredmedia":[{"embeddable":true,"href":"https:\/\/stoic-curie.212-227-153-4.plesk.page\/de\/wp-json\/wp\/v2\/media\/5946998"}],"wp:attachment":[{"href":"https:\/\/stoic-curie.212-227-153-4.plesk.page\/de\/wp-json\/wp\/v2\/media?parent=738187"}],"wp:term":[{"taxonomy":"product_brand","embeddable":true,"href":"https:\/\/stoic-curie.212-227-153-4.plesk.page\/de\/wp-json\/wp\/v2\/product_brand?post=738187"},{"taxonomy":"product_cat","embeddable":true,"href":"https:\/\/stoic-curie.212-227-153-4.plesk.page\/de\/wp-json\/wp\/v2\/product_cat?post=738187"},{"taxonomy":"product_tag","embeddable":true,"href":"https:\/\/stoic-curie.212-227-153-4.plesk.page\/de\/wp-json\/wp\/v2\/product_tag?post=738187"}],"curies":[{"name":"wp","href":"https:\/\/api.w.org\/{rel}","templated":true}]}}