{"id":738188,"date":"2025-03-03T17:45:42","date_gmt":"2025-03-03T16:45:42","guid":{"rendered":"https:\/\/stoic-curie.212-227-153-4.plesk.page\/producto\/edelstahl-anker-ultra-27kg\/"},"modified":"2026-02-24T23:35:17","modified_gmt":"2026-02-24T23:35:17","slug":"edelstahl-anker-ultra-27kg","status":"publish","type":"product","link":"https:\/\/stoic-curie.212-227-153-4.plesk.page\/de\/product\/edelstahl-anker-ultra-27kg\/","title":{"rendered":"Edelstahl-Anker Ultra 27kg"},"content":{"rendered":"<p>Edelstahl-Anker Ultra 27kg &#8211; <\/p>\n<p>Der <strong>27 kg (60 lbs) 316 Edelstahlanker Ultra Marine<\/strong> ist weltweit als der f\u00fchrende Anker bekannt und zeichnet sich durch seine au\u00dfergew\u00f6hnlichen Greif- und Haltef\u00e4higkeiten aus. Seine optimale Gewichtsverteilung sorgt f\u00fcr die richtige Positionierung im idealen Winkel f\u00fcr das Eindringen, w\u00e4hrend die konkave Oberfl\u00e4che in verschiedenen See- und Windbedingungen einen sicheren Halt bietet. Das einzigartige Design der R\u00fcckbasis verhindert ein Verdrehen der Kette am Schaft und erleichtert die sichere und einfache Bergung aus jeglicher Verhedderung.<\/p>\n<p>Die ULTRA-Ankerreihe verk\u00f6rpert die Spitze der Ankertechnologie und des Designs. Jeder Anker wird sorgf\u00e4ltig aus 316 Edelstahl handgefertigt und bis zur Perfektion poliert, was zu einem Produkt f\u00fchrt, das Exzellenz verk\u00f6rpert. Der ULTRA-Anker ist mit allen Bootstypen kompatibel und passt sicher auf die Bugschnalle von Segelbooten bis zu 47 Fu\u00df, Motorbooten bis zu 53 Fu\u00df und Katamaranen bis zu 43 Fu\u00df.<\/p>\n<p>Der ULTRA-Anker hebt die Bedeutung einer ordnungsgem\u00e4\u00dfen Gewichtsverteilung und des Designs sowohl bei der Verankerung als auch bei der Bergung Ihres Ankers hervor. Besonders erw\u00e4hnenswert ist, dass jeder ULTRA-Anker nach dem Umdrehen automatisch in seine Angriffposition zur\u00fcckkehrt.<\/p>\n<p>Diese bemerkenswerte Leistung stammt von den innovativen, patentierten Eigenschaften des Ankers, zu denen eine gebogene, mit Blei gef\u00fcllte Spitze f\u00fcr sofortige Penetration, ein hohler Schaft f\u00fcr optimale Gewichtsverteilung, konkave Basen f\u00fcr maximale Haltekraft und gro\u00dfe Seitenfl\u00fcgelplatten geh\u00f6ren, die ein L\u00f6sen w\u00e4hrend wechselnder Wind- oder Gezeitenbedingungen verhindern. Dar\u00fcber hinaus macht die flache Drehfl\u00e4che an der Unterseite eine einfache Bergung m\u00f6glich.<\/p>\n<p>Der ULTRA-Anker ist in Gr\u00f6\u00dfen von 5 kg (11 lbs) bis 360 kg (800 lbs) erh\u00e4ltlich. Hergestellt aus den besten Materialien in Europa und von spezialisierten Ingenieuren gefertigt, ist jeder ULTRA-Anker mit einer lebenslangen Garantie ausgestattet.<\/p>\n<p><strong>Wichtigste Merkmale:<\/strong><\/p>\n<ul>\n<li><strong>Sofortige Einstellung:<\/strong> Der Anker f\u00e4ngt beim ersten Abwurf, h\u00e4lt sofort und zieht nicht.<\/li>\n<li><strong>Verbesserte Haltekraft:<\/strong> Er begr\u00e4bt sich tiefer und beh\u00e4lt auch bei zunehmenden Windeinfl\u00fcssen einen ausgezeichneten Griff, bleibt sicher, selbst bei wechselnden Windrichtungen.<\/li>\n<li><strong>Aufwendige Bergung:<\/strong> Der Anker richtet sich automatisch aus, wenn er an einer Schiffsschlaufe befestigt ist, und sorgt f\u00fcr ein sanftes Ablassen auf die Schlaufe.<\/li>\n<li><strong>Robuste Konstruktion:<\/strong> Aus 316L und 318LN Edelstahl gefertigt, ist keine Galvanisierung erforderlich.<\/li>\n<\/ul>\n<p><strong>Technische Spezifikationen:<\/strong><\/p>\n<ul>\n<li><strong>Hohler Schaft:<\/strong> Konzentriert das Gewicht an der Ankerspitze f\u00fcr bessere Leistung.<\/li>\n<li><strong>Rohrbauweise:<\/strong> Verhindert, dass der Anker auf seinem R\u00fccken liegt, und erm\u00f6glicht eine sofortige R\u00fcckf\u00fchrung in die Angriffsposition und richtiges Laden in die Bugschnalle.<\/li>\n<li><strong>Blei gef\u00fcllte Spitze:<\/strong> Gew\u00e4hrleistet eine optimale Gewichtsverteilung f\u00fcr effektive Penetration in herausfordernden Meeresbodenbedingungen.<\/li>\n<li><strong>Kratzpunkt:<\/strong> An der Unterseite positioniert, um ein Ziehen zu verhindern und sofortige Einstellung zu erleichtern, wenn sich der Anker bewegt.<\/li>\n<li><strong>Kurvenf\u00f6rmige Spitze:<\/strong> Entwickelt, um eine kontinuierliche Einstellung unter widrigen Wetterbedingungen sicherzustellen, was das sofortige Ankern erleichtert, auch wenn sich der Anker nicht in der idealen Position befindet.<\/li>\n<li><strong>Maximale Haltekraftbasis:<\/strong> Die konkave Basis erinnert an eine Schaufel und bietet extreme Haltekraft mit einer gr\u00f6\u00dferen Oberfl\u00e4che als herk\u00f6mmliche Anker, was zu einem sichereren Halt f\u00fchrt.<\/li>\n<li><strong>Flache Unterseite:<\/strong> Erleichtert die einfache Bergung; beim Herausziehen des Ankers vom Meeresboden dreht er sich auf der flachen Fl\u00e4che f\u00fcr eine sanfte Freigabe (sicherstellen, dass das Boot direkt \u00fcber dem Anker ist).<\/li>\n<li><strong>Seitliche Fl\u00fcgelplatten:<\/strong> Verhindern das L\u00f6sen w\u00e4hrend wechselnder Wind- oder Gezeitenbedingungen und erm\u00f6glichen dem Anker eine vollst\u00e4ndige 180-Grad-Drehung, w\u00e4hrend er vergraben bleibt. Dieses Design erleichtert auch den Transport und h\u00e4lt die Geometrie auf Bugschnallen konstant.<\/li>\n<li><strong>Nicht-Ketten-Verhedderungsstange:<\/strong> Verhindert, dass sich die Kette um den Ankerschaft wickelt, sodass eine zuverl\u00e4ssige Einstellung sichergestellt ist und eine Tripline angebracht werden kann.<\/li>\n<li><strong>Verst\u00e4rkter Ring:<\/strong> Der verst\u00e4rkte Ring des Schaftes h\u00e4lt extremen Lasten stand, ohne sich zu biegen, zu brechen oder zu versagen.<\/li>\n<li><strong>Detail zum Ankergewicht:<\/strong> Das Gewicht des Ankers ist im Schaft gestempelt und zeigt klar die Gr\u00f6\u00dfe in Kilogramm und Pfund an.<\/li>\n<li><strong>Seriennummer:<\/strong> Jeder ULTRA-Anker ist mit einer einzigartigen Seriennummer gekennzeichnet, um die Identifizierung zu erleichtern.<\/li>\n<\/ul>\n<p>Zusammenfassend kombiniert der ULTRA-Anker innovatives Design mit hochwertigen Materialien, um au\u00dfergew\u00f6hnliche Leistung und Zuverl\u00e4ssigkeit f\u00fcr alle Bootsbegeisterten zu bieten.<\/p>\n","protected":false},"excerpt":{"rendered":"<p>Edelstahl-Anker Ultra 27kg &#8211; Der 27 kg (60 lbs) 316 Edelstahlanker Ultra Marine ist weltweit als der f\u00fchrende Anker bekannt<\/p>\n","protected":false},"featured_media":5946951,"comment_status":"open","ping_status":"closed","template":"","meta":[],"product_brand":[3495],"product_cat":[1580],"product_tag":[],"class_list":{"0":"post-738188","1":"product","2":"type-product","3":"status-publish","4":"has-post-thumbnail","6":"product_brand-ultra-marine-de","7":"product_cat-anker-ultra","9":"first","10":"instock","11":"shipping-taxable","12":"purchasable","13":"product-type-simple"},"_links":{"self":[{"href":"https:\/\/stoic-curie.212-227-153-4.plesk.page\/de\/wp-json\/wp\/v2\/product\/738188","targetHints":{"allow":["GET"]}}],"collection":[{"href":"https:\/\/stoic-curie.212-227-153-4.plesk.page\/de\/wp-json\/wp\/v2\/product"}],"about":[{"href":"https:\/\/stoic-curie.212-227-153-4.plesk.page\/de\/wp-json\/wp\/v2\/types\/product"}],"replies":[{"embeddable":true,"href":"https:\/\/stoic-curie.212-227-153-4.plesk.page\/de\/wp-json\/wp\/v2\/comments?post=738188"}],"version-history":[{"count":0,"href":"https:\/\/stoic-curie.212-227-153-4.plesk.page\/de\/wp-json\/wp\/v2\/product\/738188\/revisions"}],"wp:featuredmedia":[{"embeddable":true,"href":"https:\/\/stoic-curie.212-227-153-4.plesk.page\/de\/wp-json\/wp\/v2\/media\/5946951"}],"wp:attachment":[{"href":"https:\/\/stoic-curie.212-227-153-4.plesk.page\/de\/wp-json\/wp\/v2\/media?parent=738188"}],"wp:term":[{"taxonomy":"product_brand","embeddable":true,"href":"https:\/\/stoic-curie.212-227-153-4.plesk.page\/de\/wp-json\/wp\/v2\/product_brand?post=738188"},{"taxonomy":"product_cat","embeddable":true,"href":"https:\/\/stoic-curie.212-227-153-4.plesk.page\/de\/wp-json\/wp\/v2\/product_cat?post=738188"},{"taxonomy":"product_tag","embeddable":true,"href":"https:\/\/stoic-curie.212-227-153-4.plesk.page\/de\/wp-json\/wp\/v2\/product_tag?post=738188"}],"curies":[{"name":"wp","href":"https:\/\/api.w.org\/{rel}","templated":true}]}}