{"id":738196,"date":"2025-03-03T17:45:44","date_gmt":"2025-03-03T16:45:44","guid":{"rendered":"https:\/\/stoic-curie.212-227-153-4.plesk.page\/producto\/quick-genius-gp2-150w-12v-6mm-kette\/"},"modified":"2026-02-24T23:35:17","modified_gmt":"2026-02-24T23:35:17","slug":"quick-genius-gp2-150w-12v-6mm-kette","status":"publish","type":"product","link":"https:\/\/stoic-curie.212-227-153-4.plesk.page\/de\/product\/quick-genius-gp2-150w-12v-6mm-kette\/","title":{"rendered":"Quick Genius Gp2 150w 12v &#8211; 6mm Kette"},"content":{"rendered":"<p>Quick Genius Gp2 150w 12v &#8211; 6mm Kette &#8211; <\/p>\n<p style=\"color: rgb(34, 34, 34); font-family: Arial, Helvetica, sans-serif; font-size: small;\"><strong>Windlass Quick Genius GP2 150W 12V &#8211; 6mm Kette (Modell GP2 500)<\/strong><\/p>\n<p style=\"color: rgb(34, 34, 34); font-family: Arial, Helvetica, sans-serif; font-size: small;\">Der Quick Genius GP2 500 ist ein fortschrittlicher Ankerwinde, die sowohl f\u00fcr Seil- als auch f\u00fcr Kettenanwendungen konzipiert ist und \u00fcber eine einzigartige Gypsy f\u00fcr Ankerarbeiten auf dem Deck verf\u00fcgt. Er besteht aus verst\u00e4rkten Verbundmaterialien und integriert Bronze- und Edelstahlkomponenten zur Verbesserung der Langlebigkeit. Dieses Modell ist mit einem Kettenz\u00e4hlsensor, einer manuellen freifallenden Kettenmechanik und einem Druckhebel ausgestattet, um eine benutzerfreundliche Bedienung zu erm\u00f6glichen. Der Motor hat die IP66-Bewertung und bietet wasserdichte Schutz und gew\u00e4hrleistet eine zuverl\u00e4ssige Leistung in verschiedenen maritimen Umgebungen. Das Paket enth\u00e4lt eine Steuerbox und einen Griff.<\/p>\n<p style=\"color: rgb(34, 34, 34); font-family: Arial, Helvetica, sans-serif; font-size: small;\">Quick Spa Italy ist weltweit bekannt f\u00fcr sein herausragendes Design von Ankerwinden, seine Fertigungsexzellenz und \u00fcberlegene Handwerkskunst. Die GP2 500-Winde verf\u00fcgt \u00fcber eine horizontale Achse mit einer Kombination aus Seil\/Chain-Gypsy, wobei Motor und Getriebe sicher in einem harteloxierten Aluminiumgeh\u00e4use untergebracht sind, erg\u00e4nzt durch eine Verbundbasis.<\/p>\n<p style=\"color: rgb(34, 34, 34); font-family: Arial, Helvetica, sans-serif; font-size: small;\"><strong>Hauptmerkmale des Quick GP2 500:<\/strong><\/p>\n<ul style=\"color: rgb(34, 34, 34); font-family: Arial, Helvetica, sans-serif; font-size: small;\">\n<li>Harteloxiertes Aluminiumgeh\u00e4use<\/li>\n<li>Komposite wei\u00dfe Basis<\/li>\n<li>Kombination aus Seil\/Ketten-Gypsy<\/li>\n<li>Gypsy-Druckhebel<\/li>\n<li>IP66 wasserdichter Motor<\/li>\n<li>Standardgetriebe<\/li>\n<li>Manuelle Freifallmechanik<\/li>\n<\/ul>\n<p style=\"color: rgb(34, 34, 34); font-family: Arial, Helvetica, sans-serif; font-size: small;\"><strong>Im Paket enthalten:<\/strong><\/p>\n<ul style=\"color: rgb(34, 34, 34); font-family: Arial, Helvetica, sans-serif; font-size: small;\">\n<li>1 x Sch\u00fctz (Steuerbox) T6411-12<\/li>\n<li>Nylongriff<\/li>\n<\/ul>\n<p style=\"color: rgb(34, 34, 34); font-family: Arial, Helvetica, sans-serif; font-size: small;\"><strong>Nicht enthalten:<\/strong><\/p>\n<ul style=\"color: rgb(34, 34, 34); font-family: Arial, Helvetica, sans-serif; font-size: small;\">\n<li>Sicherungsautomat<\/li>\n<li>Schalter und Steuerungen<\/li>\n<\/ul>\n<p style=\"color: rgb(34, 34, 34); font-family: Arial, Helvetica, sans-serif; font-size: small;\"><strong>Spezifikationen des Quick GP2 500:<\/strong><\/p>\n<ul style=\"color: rgb(34, 34, 34); font-family: Arial, Helvetica, sans-serif; font-size: small;\">\n<li>Motorleistung: 150W<\/li>\n<li>Versorgungsleistung des Motors: 12V<\/li>\n<li>Maximale Zugkraft: 220kg<\/li>\n<li>Maximale Arbeitslast: 70kg<\/li>\n<li>Arbeitslast: 35kg<\/li>\n<li>Stromaufnahme bei Arbeitslast: 29A (nach der Erstnutzung)<\/li>\n<li>Maximale Kettengeschwindigkeit: 38,9 Meter pro Minute (unter Verwendung einer 8mm Kette)<\/li>\n<li>Maximale Kettengeschwindigkeit bei Arbeitslast: 28,5 Meter pro Minute (unter Verwendung einer 8mm Kette)<\/li>\n<li>Gewicht: 6kg<\/li>\n<\/ul>\n<p style=\"color: rgb(34, 34, 34); font-family: Arial, Helvetica, sans-serif; font-size: small;\">Die GP2 500 ist mit 6mm und 8mm Gypsies kompatibel und kann ein 12mm drei-str\u00e4ngiges Polyester- oder Nylonseil mit einer Seil\/Ketten-Verbindung aufnehmen.<\/p>\n<p style=\"color: rgb(34, 34, 34); font-family: Arial, Helvetica, sans-serif; font-size: small;\">Diese Winde stellt eine herausragende Option f\u00fcr Bootseigent\u00fcmer dar, die nach einer zuverl\u00e4ssigen und hochwertigen Ankerl\u00f6sung suchen.<\/p>\n","protected":false},"excerpt":{"rendered":"<p>Quick Genius Gp2 150w 12v &#8211; 6mm Kette &#8211; Windlass Quick Genius GP2 150W 12V &#8211; 6mm Kette (Modell GP2<\/p>\n","protected":false},"featured_media":5938507,"comment_status":"open","ping_status":"closed","template":"","meta":[],"product_brand":[3280],"product_cat":[1324],"product_tag":[],"class_list":{"0":"post-738196","1":"product","2":"type-product","3":"status-publish","4":"has-post-thumbnail","6":"product_brand-quick-de","7":"product_cat-ankerwinden-quick","9":"first","10":"instock","11":"shipping-taxable","12":"purchasable","13":"product-type-simple"},"_links":{"self":[{"href":"https:\/\/stoic-curie.212-227-153-4.plesk.page\/de\/wp-json\/wp\/v2\/product\/738196","targetHints":{"allow":["GET"]}}],"collection":[{"href":"https:\/\/stoic-curie.212-227-153-4.plesk.page\/de\/wp-json\/wp\/v2\/product"}],"about":[{"href":"https:\/\/stoic-curie.212-227-153-4.plesk.page\/de\/wp-json\/wp\/v2\/types\/product"}],"replies":[{"embeddable":true,"href":"https:\/\/stoic-curie.212-227-153-4.plesk.page\/de\/wp-json\/wp\/v2\/comments?post=738196"}],"version-history":[{"count":0,"href":"https:\/\/stoic-curie.212-227-153-4.plesk.page\/de\/wp-json\/wp\/v2\/product\/738196\/revisions"}],"wp:featuredmedia":[{"embeddable":true,"href":"https:\/\/stoic-curie.212-227-153-4.plesk.page\/de\/wp-json\/wp\/v2\/media\/5938507"}],"wp:attachment":[{"href":"https:\/\/stoic-curie.212-227-153-4.plesk.page\/de\/wp-json\/wp\/v2\/media?parent=738196"}],"wp:term":[{"taxonomy":"product_brand","embeddable":true,"href":"https:\/\/stoic-curie.212-227-153-4.plesk.page\/de\/wp-json\/wp\/v2\/product_brand?post=738196"},{"taxonomy":"product_cat","embeddable":true,"href":"https:\/\/stoic-curie.212-227-153-4.plesk.page\/de\/wp-json\/wp\/v2\/product_cat?post=738196"},{"taxonomy":"product_tag","embeddable":true,"href":"https:\/\/stoic-curie.212-227-153-4.plesk.page\/de\/wp-json\/wp\/v2\/product_tag?post=738196"}],"curies":[{"name":"wp","href":"https:\/\/api.w.org\/{rel}","templated":true}]}}