{"id":738197,"date":"2025-03-03T17:45:44","date_gmt":"2025-03-03T16:45:44","guid":{"rendered":"https:\/\/stoic-curie.212-227-153-4.plesk.page\/producto\/quick-chc-52-x-h45-mm\/"},"modified":"2026-02-24T23:35:17","modified_gmt":"2026-02-24T23:35:17","slug":"quick-chc-52-x-h45-mm","status":"publish","type":"product","link":"https:\/\/stoic-curie.212-227-153-4.plesk.page\/de\/product\/quick-chc-52-x-h45-mm\/","title":{"rendered":"Quick CHC 52 x H45 mm"},"content":{"rendered":"<p>Quick CHC 52 x H45 mm &#8211; <\/p>\n<p>Kettenz\u00e4hler-Panel mit TFT-Bildschirm, der bei allen Lichtverh\u00e4ltnissen gut lesbar ist. IP67 wasserdichtes Geh\u00e4use mit fl\u00e4chenb\u00fcndiger Montage, ideal f\u00fcr kleine Boote. Es zeigt die heruntergelassene Kette in Metern oder Fu\u00df an. NFC-Konnektivit\u00e4t f\u00fcr die Konfiguration mit einem Smartphone \u00fcber eine spezielle App. Universelle Stromversorgung von 9-32V.<\/p>\n","protected":false},"excerpt":{"rendered":"<p>Quick CHC 52 x H45 mm &#8211; Kettenz\u00e4hler-Panel mit TFT-Bildschirm, der bei allen Lichtverh\u00e4ltnissen gut lesbar ist. IP67 wasserdichtes Geh\u00e4use<\/p>\n","protected":false},"featured_media":5947016,"comment_status":"open","ping_status":"closed","template":"","meta":[],"product_brand":[3280],"product_cat":[1324],"product_tag":[],"class_list":{"0":"post-738197","1":"product","2":"type-product","3":"status-publish","4":"has-post-thumbnail","6":"product_brand-quick-de","7":"product_cat-ankerwinden-quick","9":"first","10":"instock","11":"shipping-taxable","12":"purchasable","13":"product-type-simple"},"_links":{"self":[{"href":"https:\/\/stoic-curie.212-227-153-4.plesk.page\/de\/wp-json\/wp\/v2\/product\/738197","targetHints":{"allow":["GET"]}}],"collection":[{"href":"https:\/\/stoic-curie.212-227-153-4.plesk.page\/de\/wp-json\/wp\/v2\/product"}],"about":[{"href":"https:\/\/stoic-curie.212-227-153-4.plesk.page\/de\/wp-json\/wp\/v2\/types\/product"}],"replies":[{"embeddable":true,"href":"https:\/\/stoic-curie.212-227-153-4.plesk.page\/de\/wp-json\/wp\/v2\/comments?post=738197"}],"version-history":[{"count":0,"href":"https:\/\/stoic-curie.212-227-153-4.plesk.page\/de\/wp-json\/wp\/v2\/product\/738197\/revisions"}],"wp:featuredmedia":[{"embeddable":true,"href":"https:\/\/stoic-curie.212-227-153-4.plesk.page\/de\/wp-json\/wp\/v2\/media\/5947016"}],"wp:attachment":[{"href":"https:\/\/stoic-curie.212-227-153-4.plesk.page\/de\/wp-json\/wp\/v2\/media?parent=738197"}],"wp:term":[{"taxonomy":"product_brand","embeddable":true,"href":"https:\/\/stoic-curie.212-227-153-4.plesk.page\/de\/wp-json\/wp\/v2\/product_brand?post=738197"},{"taxonomy":"product_cat","embeddable":true,"href":"https:\/\/stoic-curie.212-227-153-4.plesk.page\/de\/wp-json\/wp\/v2\/product_cat?post=738197"},{"taxonomy":"product_tag","embeddable":true,"href":"https:\/\/stoic-curie.212-227-153-4.plesk.page\/de\/wp-json\/wp\/v2\/product_tag?post=738197"}],"curies":[{"name":"wp","href":"https:\/\/api.w.org\/{rel}","templated":true}]}}