{"id":738198,"date":"2025-03-03T17:45:44","date_gmt":"2025-03-03T16:45:44","guid":{"rendered":"https:\/\/stoic-curie.212-227-153-4.plesk.page\/producto\/quick-qnc-chc\/"},"modified":"2026-02-24T23:35:17","modified_gmt":"2026-02-24T23:35:17","slug":"quick-qnc-chc","status":"publish","type":"product","link":"https:\/\/stoic-curie.212-227-153-4.plesk.page\/de\/product\/quick-qnc-chc\/","title":{"rendered":"Quick QNC CHC"},"content":{"rendered":"<p>Quick QNC CHC &#8211; <\/p>\n<p>12\/24V-Paneel zur Fernsteuerung der Ankerwinde und gleichzeitiger Kontrolle der L\u00e4nge der abgelassenen Kette. Reduziertes Profil mit IP67 wasserdichtem Geh\u00e4use und 3,5&#8243;-Farbgrafikanzeige aus schwarzem geh\u00e4rtetem Glas mit Touch-Tasten. Ausgestattet mit einer 5-poligen Buchse f\u00fcr den CAN-Bus-Datenanschluss und automatischer Freigabe, Alarmfunktion bei \u00dcberlastung, Ankerwiederherstellung mit Bruchsensor und freiem Fall. Komplett mit Kettenz\u00e4hler-Sensor, Schutzabdeckung, Schrauben, Dichtung und 0,5 Meter Stromkabel.<\/p>\n","protected":false},"excerpt":{"rendered":"<p>Quick QNC CHC &#8211; 12\/24V-Paneel zur Fernsteuerung der Ankerwinde und gleichzeitiger Kontrolle der L\u00e4nge der abgelassenen Kette. Reduziertes Profil mit<\/p>\n","protected":false},"featured_media":5947019,"comment_status":"open","ping_status":"closed","template":"","meta":[],"product_brand":[3280],"product_cat":[1324],"product_tag":[],"class_list":{"0":"post-738198","1":"product","2":"type-product","3":"status-publish","4":"has-post-thumbnail","6":"product_brand-quick-de","7":"product_cat-ankerwinden-quick","9":"first","10":"instock","11":"shipping-taxable","12":"purchasable","13":"product-type-simple"},"_links":{"self":[{"href":"https:\/\/stoic-curie.212-227-153-4.plesk.page\/de\/wp-json\/wp\/v2\/product\/738198","targetHints":{"allow":["GET"]}}],"collection":[{"href":"https:\/\/stoic-curie.212-227-153-4.plesk.page\/de\/wp-json\/wp\/v2\/product"}],"about":[{"href":"https:\/\/stoic-curie.212-227-153-4.plesk.page\/de\/wp-json\/wp\/v2\/types\/product"}],"replies":[{"embeddable":true,"href":"https:\/\/stoic-curie.212-227-153-4.plesk.page\/de\/wp-json\/wp\/v2\/comments?post=738198"}],"version-history":[{"count":0,"href":"https:\/\/stoic-curie.212-227-153-4.plesk.page\/de\/wp-json\/wp\/v2\/product\/738198\/revisions"}],"wp:featuredmedia":[{"embeddable":true,"href":"https:\/\/stoic-curie.212-227-153-4.plesk.page\/de\/wp-json\/wp\/v2\/media\/5947019"}],"wp:attachment":[{"href":"https:\/\/stoic-curie.212-227-153-4.plesk.page\/de\/wp-json\/wp\/v2\/media?parent=738198"}],"wp:term":[{"taxonomy":"product_brand","embeddable":true,"href":"https:\/\/stoic-curie.212-227-153-4.plesk.page\/de\/wp-json\/wp\/v2\/product_brand?post=738198"},{"taxonomy":"product_cat","embeddable":true,"href":"https:\/\/stoic-curie.212-227-153-4.plesk.page\/de\/wp-json\/wp\/v2\/product_cat?post=738198"},{"taxonomy":"product_tag","embeddable":true,"href":"https:\/\/stoic-curie.212-227-153-4.plesk.page\/de\/wp-json\/wp\/v2\/product_tag?post=738198"}],"curies":[{"name":"wp","href":"https:\/\/api.w.org\/{rel}","templated":true}]}}