{"id":738204,"date":"2025-03-03T17:45:46","date_gmt":"2025-03-03T16:45:46","guid":{"rendered":"https:\/\/stoic-curie.212-227-153-4.plesk.page\/producto\/seadamp-evo-bis-zu-16-tonnen\/"},"modified":"2026-02-24T23:35:17","modified_gmt":"2026-02-24T23:35:17","slug":"seadamp-evo-bis-zu-16-tonnen","status":"publish","type":"product","link":"https:\/\/stoic-curie.212-227-153-4.plesk.page\/de\/product\/seadamp-evo-bis-zu-16-tonnen\/","title":{"rendered":"Seadamp Evo bis zu 16 Tonnen"},"content":{"rendered":"<p>Seadamp Evo bis zu 16 Tonnen &#8211; <\/p>\n<p>Lebenslange Garantie auf den Seares Seadamp Evo hydraulischen Moorungsschockd\u00e4mpfer mit hochbest\u00e4ndigem Edelstahlfeder und -abdeckung sowie harteloxiertem Aluminiumgeh\u00e4use. Die interne Feder, die in 100% biologisch abbaulicher Hydraulikfl\u00fcssigkeit eingetaucht ist, gew\u00e4hrleistet absolute Stille und progressive D\u00e4mpfung, die die Oszillation reduziert und das klassische Quietschen vermeidet. Komplett mit integrierter anodischer Schutzbeschichtung gegen Korrosion. Extrem leicht, wiegt nur 3 kg. Optionale Abdeckung aus reinem Silikon f\u00fcr idealen Schutz vor St\u00f6\u00dfen.<\/p>\n","protected":false},"excerpt":{"rendered":"<p>Seadamp Evo bis zu 16 Tonnen &#8211; Lebenslange Garantie auf den Seares Seadamp Evo hydraulischen Moorungsschockd\u00e4mpfer mit hochbest\u00e4ndigem Edelstahlfeder und<\/p>\n","protected":false},"featured_media":5947023,"comment_status":"open","ping_status":"closed","template":"","meta":[],"product_brand":[3345],"product_cat":[1337],"product_tag":[],"class_list":{"0":"post-738204","1":"product","2":"type-product","3":"status-publish","4":"has-post-thumbnail","6":"product_brand-seadamp-de","7":"product_cat-anlegefendern-stossdaempfer","9":"first","10":"instock","11":"shipping-taxable","12":"purchasable","13":"product-type-simple"},"_links":{"self":[{"href":"https:\/\/stoic-curie.212-227-153-4.plesk.page\/de\/wp-json\/wp\/v2\/product\/738204","targetHints":{"allow":["GET"]}}],"collection":[{"href":"https:\/\/stoic-curie.212-227-153-4.plesk.page\/de\/wp-json\/wp\/v2\/product"}],"about":[{"href":"https:\/\/stoic-curie.212-227-153-4.plesk.page\/de\/wp-json\/wp\/v2\/types\/product"}],"replies":[{"embeddable":true,"href":"https:\/\/stoic-curie.212-227-153-4.plesk.page\/de\/wp-json\/wp\/v2\/comments?post=738204"}],"version-history":[{"count":0,"href":"https:\/\/stoic-curie.212-227-153-4.plesk.page\/de\/wp-json\/wp\/v2\/product\/738204\/revisions"}],"wp:featuredmedia":[{"embeddable":true,"href":"https:\/\/stoic-curie.212-227-153-4.plesk.page\/de\/wp-json\/wp\/v2\/media\/5947023"}],"wp:attachment":[{"href":"https:\/\/stoic-curie.212-227-153-4.plesk.page\/de\/wp-json\/wp\/v2\/media?parent=738204"}],"wp:term":[{"taxonomy":"product_brand","embeddable":true,"href":"https:\/\/stoic-curie.212-227-153-4.plesk.page\/de\/wp-json\/wp\/v2\/product_brand?post=738204"},{"taxonomy":"product_cat","embeddable":true,"href":"https:\/\/stoic-curie.212-227-153-4.plesk.page\/de\/wp-json\/wp\/v2\/product_cat?post=738204"},{"taxonomy":"product_tag","embeddable":true,"href":"https:\/\/stoic-curie.212-227-153-4.plesk.page\/de\/wp-json\/wp\/v2\/product_tag?post=738204"}],"curies":[{"name":"wp","href":"https:\/\/api.w.org\/{rel}","templated":true}]}}