{"id":738205,"date":"2025-03-03T17:45:46","date_gmt":"2025-03-03T16:45:46","guid":{"rendered":"https:\/\/stoic-curie.212-227-153-4.plesk.page\/producto\/ersatzabdeckung-fuer-seadamp-evo\/"},"modified":"2026-02-24T23:35:17","modified_gmt":"2026-02-24T23:35:17","slug":"ersatzabdeckung-fuer-seadamp-evo","status":"publish","type":"product","link":"https:\/\/stoic-curie.212-227-153-4.plesk.page\/de\/product\/ersatzabdeckung-fuer-seadamp-evo\/","title":{"rendered":"Ersatzabdeckung f\u00fcr Seadamp Evo"},"content":{"rendered":"<p>Ersatzabdeckung f\u00fcr Seadamp Evo &#8211; <\/p>\n<p>Lebenslange Garantie auf den Seares Seadamp Evo hydraulischen Moorungssto\u00dfd\u00e4mpfer mit hochbest\u00e4ndigem Edelstahlfeder und -abdeckung sowie hart eloxiertem Aluminiumgeh\u00e4use. Die interne Feder, die in einer zu 100 % biologisch abbaubaren Hydraulikfl\u00fcssigkeit getaucht ist, garantiert absolute Stille und eine-progressive D\u00e4mpfung, die die Schwingungen reduziert und das klassische Quietschen vermeidet. Ausgestattet mit integrierter anodischer Schutztechnologie zur Vermeidung von Korrosion. Extrem leicht, wiegt nur 3 kg. Optionaler reiner Silikonbezug f\u00fcr idealen Schutz vor St\u00f6\u00dfen.<\/p>\n","protected":false},"excerpt":{"rendered":"<p>Ersatzabdeckung f\u00fcr Seadamp Evo &#8211; Lebenslange Garantie auf den Seares Seadamp Evo hydraulischen Moorungssto\u00dfd\u00e4mpfer mit hochbest\u00e4ndigem Edelstahlfeder und -abdeckung sowie<\/p>\n","protected":false},"featured_media":5947023,"comment_status":"open","ping_status":"closed","template":"","meta":[],"product_brand":[3345],"product_cat":[1337],"product_tag":[],"class_list":{"0":"post-738205","1":"product","2":"type-product","3":"status-publish","4":"has-post-thumbnail","6":"product_brand-seadamp-de","7":"product_cat-anlegefendern-stossdaempfer","9":"first","10":"instock","11":"shipping-taxable","12":"purchasable","13":"product-type-simple"},"_links":{"self":[{"href":"https:\/\/stoic-curie.212-227-153-4.plesk.page\/de\/wp-json\/wp\/v2\/product\/738205","targetHints":{"allow":["GET"]}}],"collection":[{"href":"https:\/\/stoic-curie.212-227-153-4.plesk.page\/de\/wp-json\/wp\/v2\/product"}],"about":[{"href":"https:\/\/stoic-curie.212-227-153-4.plesk.page\/de\/wp-json\/wp\/v2\/types\/product"}],"replies":[{"embeddable":true,"href":"https:\/\/stoic-curie.212-227-153-4.plesk.page\/de\/wp-json\/wp\/v2\/comments?post=738205"}],"version-history":[{"count":0,"href":"https:\/\/stoic-curie.212-227-153-4.plesk.page\/de\/wp-json\/wp\/v2\/product\/738205\/revisions"}],"wp:featuredmedia":[{"embeddable":true,"href":"https:\/\/stoic-curie.212-227-153-4.plesk.page\/de\/wp-json\/wp\/v2\/media\/5947023"}],"wp:attachment":[{"href":"https:\/\/stoic-curie.212-227-153-4.plesk.page\/de\/wp-json\/wp\/v2\/media?parent=738205"}],"wp:term":[{"taxonomy":"product_brand","embeddable":true,"href":"https:\/\/stoic-curie.212-227-153-4.plesk.page\/de\/wp-json\/wp\/v2\/product_brand?post=738205"},{"taxonomy":"product_cat","embeddable":true,"href":"https:\/\/stoic-curie.212-227-153-4.plesk.page\/de\/wp-json\/wp\/v2\/product_cat?post=738205"},{"taxonomy":"product_tag","embeddable":true,"href":"https:\/\/stoic-curie.212-227-153-4.plesk.page\/de\/wp-json\/wp\/v2\/product_tag?post=738205"}],"curies":[{"name":"wp","href":"https:\/\/api.w.org\/{rel}","templated":true}]}}