{"id":738207,"date":"2025-03-03T17:45:46","date_gmt":"2025-03-03T16:45:46","guid":{"rendered":"https:\/\/stoic-curie.212-227-153-4.plesk.page\/producto\/edelstahl-stossdaempfer-seadamp-bis-zu-25t\/"},"modified":"2026-02-24T23:35:17","modified_gmt":"2026-02-24T23:35:17","slug":"edelstahl-stossdaempfer-seadamp-bis-zu-25t","status":"publish","type":"product","link":"https:\/\/stoic-curie.212-227-153-4.plesk.page\/de\/product\/edelstahl-stossdaempfer-seadamp-bis-zu-25t\/","title":{"rendered":"Edelstahl-Sto\u00dfd\u00e4mpfer Seadamp Steel-2"},"content":{"rendered":"<p>Edelstahl-Sto\u00dfd\u00e4mpfer Seadamp Steel-2 &#8211; <\/p>\n<p style=\"color: rgb(34, 34, 34); font-family: Arial, Helvetica, sans-serif; font-size: small;\">Lebenslange Garantie auf den Seares Seadamp Stahl hydraulischen Moorungssto\u00dfd\u00e4mpfer, der \u00fcber eine spiegelpolierte, hochfeste Edelstahlfeder, -geh\u00e4use und -abdeckung verf\u00fcgt. Dieses Produkt gew\u00e4hrleistet maximale Sicherheit, selbst unter schweren \u00dcberlastungen an der Moorungsleine. Die interne Feder ist in 100% biologisch abbaulichem Hydraulikfluid getaucht, was einen ger\u00e4uschlosen Betrieb und eine progressive D\u00e4mpfung erm\u00f6glicht, die die Oszillation minimiert und das typische Quietschen beseitigt. Zudem ist er mit integriertem anodischem Schutz ausgestattet, um Korrosion zu verhindern.<\/p>\n<p style=\"color: rgb(34, 34, 34); font-family: Arial, Helvetica, sans-serif; font-size: small;\">Der Seadamp STEEL-2 hydraulische Moorungssto\u00dfd\u00e4mpfer ist eine starke L\u00f6sung, die entwickelt wurde, um schwere Lasten w\u00e4hrend der Moorungsoperationen zu bew\u00e4ltigen. Er hat eine Bruchlast von 100.000 N, eine Arbeitslast von 12.000 N und einen Hub von 95 mm. Mit einem Gewicht von 5,6 kg wird er von Seares vertrieben und tr\u00e4gt die Produktnummer STEEL02.<\/p>\n<p style=\"color: rgb(34, 34, 34); font-family: Arial, Helvetica, sans-serif; font-size: small;\"><strong>Seadamp STEEL-2 Hydraulischer Moorungssto\u00dfd\u00e4mpfer<\/strong><\/p>\n<p style=\"color: rgb(34, 34, 34); font-family: Arial, Helvetica, sans-serif; font-size: small;\">Der Seadamp STEEL-2 ist ein robuster hydraulischer Moorungssto\u00dfd\u00e4mpfer, der daf\u00fcr konzipiert wurde, schwere Lasten zu bew\u00e4ltigen und dabei Sicherheit sowie Effizienz w\u00e4hrend der Moorungsoperationen zu gew\u00e4hrleisten.<\/p>\n<ul style=\"color: rgb(34, 34, 34); font-family: Arial, Helvetica, sans-serif; font-size: small;\">\n<li>Bruchlast: 100.000 N<\/li>\n<li>Arbeitslast: 12.000 N<\/li>\n<li>Hub: 95 mm<\/li>\n<li>Modell: STEEL-2<\/li>\n<li>Gewicht: 5,6 kg<\/li>\n<li>Produktnummer: STEEL02<\/li>\n<\/ul>\n","protected":false},"excerpt":{"rendered":"<p>Edelstahl-Sto\u00dfd\u00e4mpfer Seadamp Steel-2 &#8211; Lebenslange Garantie auf den Seares Seadamp Stahl hydraulischen Moorungssto\u00dfd\u00e4mpfer, der \u00fcber eine spiegelpolierte, hochfeste Edelstahlfeder, -geh\u00e4use<\/p>\n","protected":false},"featured_media":5947028,"comment_status":"open","ping_status":"closed","template":"","meta":[],"product_brand":[3345],"product_cat":[1337],"product_tag":[],"class_list":{"0":"post-738207","1":"product","2":"type-product","3":"status-publish","4":"has-post-thumbnail","6":"product_brand-seadamp-de","7":"product_cat-anlegefendern-stossdaempfer","9":"first","10":"instock","11":"shipping-taxable","12":"purchasable","13":"product-type-simple"},"_links":{"self":[{"href":"https:\/\/stoic-curie.212-227-153-4.plesk.page\/de\/wp-json\/wp\/v2\/product\/738207","targetHints":{"allow":["GET"]}}],"collection":[{"href":"https:\/\/stoic-curie.212-227-153-4.plesk.page\/de\/wp-json\/wp\/v2\/product"}],"about":[{"href":"https:\/\/stoic-curie.212-227-153-4.plesk.page\/de\/wp-json\/wp\/v2\/types\/product"}],"replies":[{"embeddable":true,"href":"https:\/\/stoic-curie.212-227-153-4.plesk.page\/de\/wp-json\/wp\/v2\/comments?post=738207"}],"version-history":[{"count":0,"href":"https:\/\/stoic-curie.212-227-153-4.plesk.page\/de\/wp-json\/wp\/v2\/product\/738207\/revisions"}],"wp:featuredmedia":[{"embeddable":true,"href":"https:\/\/stoic-curie.212-227-153-4.plesk.page\/de\/wp-json\/wp\/v2\/media\/5947028"}],"wp:attachment":[{"href":"https:\/\/stoic-curie.212-227-153-4.plesk.page\/de\/wp-json\/wp\/v2\/media?parent=738207"}],"wp:term":[{"taxonomy":"product_brand","embeddable":true,"href":"https:\/\/stoic-curie.212-227-153-4.plesk.page\/de\/wp-json\/wp\/v2\/product_brand?post=738207"},{"taxonomy":"product_cat","embeddable":true,"href":"https:\/\/stoic-curie.212-227-153-4.plesk.page\/de\/wp-json\/wp\/v2\/product_cat?post=738207"},{"taxonomy":"product_tag","embeddable":true,"href":"https:\/\/stoic-curie.212-227-153-4.plesk.page\/de\/wp-json\/wp\/v2\/product_tag?post=738207"}],"curies":[{"name":"wp","href":"https:\/\/api.w.org\/{rel}","templated":true}]}}