{"id":738209,"date":"2025-03-03T17:45:47","date_gmt":"2025-03-03T16:45:47","guid":{"rendered":"https:\/\/stoic-curie.212-227-153-4.plesk.page\/producto\/edelstahl-stossdaempfer-seadamp-bis-zu-45t\/"},"modified":"2026-02-24T23:35:17","modified_gmt":"2026-02-24T23:35:17","slug":"edelstahl-stossdaempfer-seadamp-bis-zu-45t","status":"publish","type":"product","link":"https:\/\/stoic-curie.212-227-153-4.plesk.page\/de\/product\/edelstahl-stossdaempfer-seadamp-bis-zu-45t\/","title":{"rendered":"Edelstahl-Sto\u00dfd\u00e4mpfer Seadamp Steel-4"},"content":{"rendered":"<p>Edelstahl-Sto\u00dfd\u00e4mpfer Seadamp Steel-4 &#8211; <\/p>\n<p style=\"color: rgb(34, 34, 34); font-family: Arial, Helvetica, sans-serif; font-size: small;\">Lebenslange Garantie: Seares Seadamp Stahl hydraulischer Moorungssto\u00dfd\u00e4mpfer<\/p>\n<p style=\"color: rgb(34, 34, 34); font-family: Arial, Helvetica, sans-serif; font-size: small;\">Der Seares Seadamp Stahl hydraulische Moorungssto\u00dfd\u00e4mpfer verf\u00fcgt \u00fcber eine spiegelpolierte, hochfeste Feder, einen Karton und eine Abdeckung aus rostfreiem Stahl. Er gew\u00e4hrleistet maximale Sicherheit, selbst bei schweren \u00dcberlastungen an der Mooringschnur. Die innere Feder ist in 100% biologisch abbaulicher Hydraulikfl\u00fcssigkeit eingetaucht, was einen ger\u00e4uschlosen Betrieb und progressive D\u00e4mpfung bietet. Dieses Design reduziert effektiv die Oszillation und beseitigt das typische Quietschen. Dar\u00fcber hinaus ist er mit integrierter anodischer Schutztechnologie ausgestattet, um Korrosion zu verhindern.<\/p>\n<p style=\"color: rgb(34, 34, 34); font-family: Arial, Helvetica, sans-serif; font-size: small;\"><strong>Seadamp STEEL-4 hydraulischer Moorungssto\u00dfd\u00e4mpfer<\/strong><\/p>\n<p style=\"color: rgb(34, 34, 34); font-family: Arial, Helvetica, sans-serif; font-size: small;\">Der Seadamp STEEL-4 wurde f\u00fcr au\u00dfergew\u00f6hnliche Haltbarkeit und Effizienz entwickelt und ist speziell darauf ausgelegt, St\u00f6\u00dfe in Hochlast-Moorungssituationen zu absorbieren.<\/p>\n<ul style=\"color: rgb(34, 34, 34); font-family: Arial, Helvetica, sans-serif; font-size: small;\">\n<li><strong>Bruchlast:<\/strong>&nbsp;150.000 N<\/li>\n<li><strong>Arbeitslast:<\/strong>&nbsp;23.000 N<\/li>\n<li><strong>Hub:<\/strong>&nbsp;90 mm<\/li>\n<li><strong>Modell:<\/strong>&nbsp;STEEL-4<\/li>\n<li><strong>Gewicht:<\/strong>&nbsp;6 kg<\/li>\n<li><strong>Produktnummer:<\/strong>&nbsp;STEEL04<\/li>\n<\/ul>\n<p style=\"color: rgb(34, 34, 34); font-family: Arial, Helvetica, sans-serif; font-size: small;\">Dieser Sto\u00dfd\u00e4mpfer ist eine zuverl\u00e4ssige Wahl f\u00fcr Bootsliebhaber, die Qualit\u00e4t und Leistung suchen.<\/p>\n","protected":false},"excerpt":{"rendered":"<p>Edelstahl-Sto\u00dfd\u00e4mpfer Seadamp Steel-4 &#8211; Lebenslange Garantie: Seares Seadamp Stahl hydraulischer Moorungssto\u00dfd\u00e4mpfer Der Seares Seadamp Stahl hydraulische Moorungssto\u00dfd\u00e4mpfer verf\u00fcgt \u00fcber eine<\/p>\n","protected":false},"featured_media":5947028,"comment_status":"open","ping_status":"closed","template":"","meta":[],"product_brand":[3345],"product_cat":[1337],"product_tag":[],"class_list":{"0":"post-738209","1":"product","2":"type-product","3":"status-publish","4":"has-post-thumbnail","6":"product_brand-seadamp-de","7":"product_cat-anlegefendern-stossdaempfer","9":"first","10":"instock","11":"shipping-taxable","12":"purchasable","13":"product-type-simple"},"_links":{"self":[{"href":"https:\/\/stoic-curie.212-227-153-4.plesk.page\/de\/wp-json\/wp\/v2\/product\/738209","targetHints":{"allow":["GET"]}}],"collection":[{"href":"https:\/\/stoic-curie.212-227-153-4.plesk.page\/de\/wp-json\/wp\/v2\/product"}],"about":[{"href":"https:\/\/stoic-curie.212-227-153-4.plesk.page\/de\/wp-json\/wp\/v2\/types\/product"}],"replies":[{"embeddable":true,"href":"https:\/\/stoic-curie.212-227-153-4.plesk.page\/de\/wp-json\/wp\/v2\/comments?post=738209"}],"version-history":[{"count":0,"href":"https:\/\/stoic-curie.212-227-153-4.plesk.page\/de\/wp-json\/wp\/v2\/product\/738209\/revisions"}],"wp:featuredmedia":[{"embeddable":true,"href":"https:\/\/stoic-curie.212-227-153-4.plesk.page\/de\/wp-json\/wp\/v2\/media\/5947028"}],"wp:attachment":[{"href":"https:\/\/stoic-curie.212-227-153-4.plesk.page\/de\/wp-json\/wp\/v2\/media?parent=738209"}],"wp:term":[{"taxonomy":"product_brand","embeddable":true,"href":"https:\/\/stoic-curie.212-227-153-4.plesk.page\/de\/wp-json\/wp\/v2\/product_brand?post=738209"},{"taxonomy":"product_cat","embeddable":true,"href":"https:\/\/stoic-curie.212-227-153-4.plesk.page\/de\/wp-json\/wp\/v2\/product_cat?post=738209"},{"taxonomy":"product_tag","embeddable":true,"href":"https:\/\/stoic-curie.212-227-153-4.plesk.page\/de\/wp-json\/wp\/v2\/product_tag?post=738209"}],"curies":[{"name":"wp","href":"https:\/\/api.w.org\/{rel}","templated":true}]}}