{"id":738210,"date":"2025-03-03T17:45:47","date_gmt":"2025-03-03T16:45:47","guid":{"rendered":"https:\/\/stoic-curie.212-227-153-4.plesk.page\/producto\/sidermarine-mk50-spezialflex-bis-30-tonnen\/"},"modified":"2026-02-24T23:35:17","modified_gmt":"2026-02-24T23:35:17","slug":"sidermarine-mk50-spezialflex-bis-30-tonnen","status":"publish","type":"product","link":"https:\/\/stoic-curie.212-227-153-4.plesk.page\/de\/product\/sidermarine-mk50-spezialflex-bis-30-tonnen\/","title":{"rendered":"Sidermarine MK50S Flex f\u00fcr 25 bis 30 Tonnen"},"content":{"rendered":"<p>Sidermarine MK50S Flex f\u00fcr 25 bis 30 Tonnen &#8211; <\/p>\n<p style=\"color: rgb(34, 34, 34); font-family: Arial, Helvetica, sans-serif; font-size: small;\">Wir pr\u00e4sentieren den MK 50 Special Flex, einen Festmacher-D\u00e4mpfer, der f\u00fcr Boote mit einem Gewicht zwischen 25 und 30 Tonnen entwickelt wurde. Dieses innovative Produkt verf\u00fcgt \u00fcber ein zentral geformtes &#8220;BARREL&#8221;-Elastomer, das hohe Lasten effektiv absorbiert.<\/p>\n<p style=\"color: rgb(34, 34, 34); font-family: Arial, Helvetica, sans-serif; font-size: small;\">Hauptmerkmale:<\/p>\n<ul style=\"color: rgb(34, 34, 34); font-family: Arial, Helvetica, sans-serif; font-size: small;\">\n<li>Progressive D\u00e4mpfungskraft f\u00fcr verbesserte Leistung<\/li>\n<li>Ger\u00e4uschloser Betrieb f\u00fcr eine entspannte Umgebung<\/li>\n<li>Innenteile aus 316 Edelstahl, ohne geschwei\u00dfte Teile<\/li>\n<li>Zuverl\u00e4ssige Leistung \u00fcber einen weiten Temperaturbereich von -20\u00b0 bis +80\u00b0<\/li>\n<\/ul>\n<p style=\"color: rgb(34, 34, 34); font-family: Arial, Helvetica, sans-serif; font-size: small;\">Der patentierte MK 50 Special Flex ist speziell f\u00fcr schwere Boote konzipiert. Sein einzigartiges Elastomer-Design erm\u00f6glicht es, erhebliche Lasten m\u00fchelos zu bew\u00e4ltigen. Dieser D\u00e4mpfer eignet sich ideal f\u00fcr Kais und Megayachten und bietet au\u00dfergew\u00f6hnliche Langlebigkeit und Funktionalit\u00e4t.<\/p>\n<p style=\"color: rgb(34, 34, 34); font-family: Arial, Helvetica, sans-serif; font-size: small;\">Bemerkenswerte Vorteile:<\/p>\n<ul style=\"color: rgb(34, 34, 34); font-family: Arial, Helvetica, sans-serif; font-size: small;\">\n<li>Hochwertige Materialien gew\u00e4hrleisten Langlebigkeit<\/li>\n<li>Leiser Betrieb f\u00fcr ein angenehmeres Bootserlebnis<\/li>\n<li>Hervorragende modulare D\u00e4mpfungskapazit\u00e4t<\/li>\n<li>Konsistente Leistung, die nicht von niedrigen Temperaturen beeinflusst wird<\/li>\n<\/ul>\n<p style=\"color: rgb(34, 34, 34); font-family: Arial, Helvetica, sans-serif; font-size: small;\">Die Wartung ist unkompliziert, sodass Bootseigent\u00fcmer die Einheit leicht pflegen k\u00f6nnen. Der MK 50 Special Flex arbeitet effizient bei Temperaturen von -20\u00b0 bis +80\u00b0.<\/p>\n<p style=\"color: rgb(34, 34, 34); font-family: Arial, Helvetica, sans-serif; font-size: small;\">Spezifikationen:<\/p>\n<ul style=\"color: rgb(34, 34, 34); font-family: Arial, Helvetica, sans-serif; font-size: small;\">\n<li>Abmessungen: 96 x 452 mm (3,78 x 17,80 Zoll)<\/li>\n<li>Gewicht: 6,5 kg (14,33 lbs)<\/li>\n<li>Geeignet f\u00fcr Boote mit einem Gewicht von 25 bis 30 Tonnen.<\/li>\n<\/ul>\n<p style=\"color: rgb(34, 34, 34); font-family: Arial, Helvetica, sans-serif; font-size: small;\">W\u00e4hlen Sie den MK 50 Special Flex f\u00fcr zuverl\u00e4ssige und effektive Festmacherl\u00f6sungen.<\/p>\n","protected":false},"excerpt":{"rendered":"<p>Sidermarine MK50S Flex f\u00fcr 25 bis 30 Tonnen &#8211; Wir pr\u00e4sentieren den MK 50 Special Flex, einen Festmacher-D\u00e4mpfer, der f\u00fcr<\/p>\n","protected":false},"featured_media":5947032,"comment_status":"open","ping_status":"closed","template":"","meta":[],"product_brand":[3385],"product_cat":[1337],"product_tag":[],"class_list":{"0":"post-738210","1":"product","2":"type-product","3":"status-publish","4":"has-post-thumbnail","6":"product_brand-sidermarine-de","7":"product_cat-anlegefendern-stossdaempfer","9":"first","10":"instock","11":"shipping-taxable","12":"purchasable","13":"product-type-simple"},"_links":{"self":[{"href":"https:\/\/stoic-curie.212-227-153-4.plesk.page\/de\/wp-json\/wp\/v2\/product\/738210","targetHints":{"allow":["GET"]}}],"collection":[{"href":"https:\/\/stoic-curie.212-227-153-4.plesk.page\/de\/wp-json\/wp\/v2\/product"}],"about":[{"href":"https:\/\/stoic-curie.212-227-153-4.plesk.page\/de\/wp-json\/wp\/v2\/types\/product"}],"replies":[{"embeddable":true,"href":"https:\/\/stoic-curie.212-227-153-4.plesk.page\/de\/wp-json\/wp\/v2\/comments?post=738210"}],"version-history":[{"count":0,"href":"https:\/\/stoic-curie.212-227-153-4.plesk.page\/de\/wp-json\/wp\/v2\/product\/738210\/revisions"}],"wp:featuredmedia":[{"embeddable":true,"href":"https:\/\/stoic-curie.212-227-153-4.plesk.page\/de\/wp-json\/wp\/v2\/media\/5947032"}],"wp:attachment":[{"href":"https:\/\/stoic-curie.212-227-153-4.plesk.page\/de\/wp-json\/wp\/v2\/media?parent=738210"}],"wp:term":[{"taxonomy":"product_brand","embeddable":true,"href":"https:\/\/stoic-curie.212-227-153-4.plesk.page\/de\/wp-json\/wp\/v2\/product_brand?post=738210"},{"taxonomy":"product_cat","embeddable":true,"href":"https:\/\/stoic-curie.212-227-153-4.plesk.page\/de\/wp-json\/wp\/v2\/product_cat?post=738210"},{"taxonomy":"product_tag","embeddable":true,"href":"https:\/\/stoic-curie.212-227-153-4.plesk.page\/de\/wp-json\/wp\/v2\/product_tag?post=738210"}],"curies":[{"name":"wp","href":"https:\/\/api.w.org\/{rel}","templated":true}]}}